{"id":27410,"date":"2026-02-27T00:36:53","date_gmt":"2026-02-27T00:36:53","guid":{"rendered":"https:\/\/nordicmart.andreevmaster.com\/product\/woopie-grill-barbecue-garden-kitchen-interactive-led-set-xl-31-stk\/"},"modified":"2026-02-27T09:15:26","modified_gmt":"2026-02-27T09:15:26","slug":"woopie-grill-barbecue-garden-kitchen-interactive-led-set-xl-31-stk","status":"publish","type":"product","link":"https:\/\/nordicmart.andreevmaster.com\/da\/vare\/woopie-grill-barbecue-garden-kitchen-interactive-led-set-xl-31-stk\/","title":{"rendered":"WOOPIE Grill Barbecue Garden Kitchen Interactive LED Set XL 31 stk."},"content":{"rendered":"<p>Woopie Portable Barbecue Grill er et unikt leget\u00f8j til b\u00f8rn, der giver dem mulighed for at lege, at de er rigtige grillmestre! Denne farverige grill med et bredt udvalg af tilbeh\u00f8r, lys- og lydeffekter og damp g\u00f8r hver leg til et uforglemmeligt kulinarisk eventyr. Brug knapperne eller en lighter til at t\u00e6nde kulet i grillen. Det realistiske udseende, mobiliteten og det mange tilbeh\u00f8r garanterer timevis af kreativ og l\u00e6rerig sjov \u2013 b\u00e5de hjemme og udend\u00f8rs.<br \/>\nFunktioner:<br \/>\n* &#8211; Til b\u00f8rn fra 3 \u00e5r<br \/>\n* &#8211; Realistisk grill med lys-, lyd- og dampeffekter, der efterligner \u00e6gte grillning<br \/>\n* &#8211; To t\u00e6ndingsmuligheder for mere sjov, ved hj\u00e6lp af knapper eller en lighter<br \/>\n* &#8211; Mobil design med hjul for nem bev\u00e6gelse<br \/>\n* &#8211; Omfattende s\u00e6t k\u00f8kken- og madtilbeh\u00f8r<br \/>\n* &#8211; Fremstillet af materialer af h\u00f8j kvalitet<br \/>\n* &#8211; Nem montering og opbevaring takket v\u00e6re det kompakte design<br \/>\n* &#8211; Str\u00f8mforsyning: 3 x AA-batterier (MEDF\u00d8LGER IKKE)<\/p>\n<p>&#8211; Til b\u00f8rn fra 3 \u00e5r<\/p>\n<p>&#8211; Realistisk grill med lys-, lyd- og damp-effekter, der efterligner \u00e6gte grillning<\/p>\n<p>&#8211; To t\u00e6ndingsmuligheder for mere sjov, ved hj\u00e6lp af knapper eller en lighter<\/p>\n<p>&#8211; Mobilt design med hjul for nem flytning<\/p>\n<p>&#8211; Omfattende s\u00e6t k\u00f8kken- og madtilbeh\u00f8r<\/p>\n<p>&#8211; Fremstillet af materialer af h\u00f8j kvalitet<\/p>\n<p>&#8211; Nem at samle og opbevare takket v\u00e6re det kompakte design<\/p>\n<p>S\u00e6ttet indeholder:<\/p>\n<p>* &#8211; Grill<br \/>\n* &#8211; 2 tallerkener<br \/>\n* &#8211; Spatel<br \/>\n* &#8211; Kniv<br \/>\n* &#8211; Spatel<br \/>\n* &#8211; Tang<br \/>\n* &#8211; Pastaske<br \/>\n* &#8211; Suppeske<br \/>\n* &#8211; Ovnvante<br \/>\n* &#8211; Lighter<br \/>\n* &#8211; 3 saucer<br \/>\n* &#8211; 2 stegepander<br \/>\n* &#8211; Ribben<br \/>\n* &#8211; B\u00f8f<br \/>\n* &#8211; Kyllingebryst<br \/>\n* &#8211; Hamburger<br \/>\n* &#8211; 2 majs<br \/>\n* &#8211; 2 \u00e6rteb\u00e6lg<br \/>\n* &#8211; Hotdog<br \/>\n* &#8211; P\u00f8lse<br \/>\n* &#8211; 3 skiver peberfrugt<br \/>\n* &#8211; Salatblad<br \/>\n* &#8211; Skive ost<br \/>\n* &#8211; Hvidl\u00f8gsfed<\/p>\n<p>Leget\u00f8jet udvikler:<\/p>\n<p>* &#8211; Uafh\u00e6ngighed<br \/>\n* &#8211; Nysgerrighed<br \/>\n* &#8211; Fantasi<br \/>\n* &#8211; Logik<br \/>\n* &#8211; Kreativitet<\/p>\n","protected":false},"excerpt":{"rendered":"<p>Woopie Portable Barbecue Grill er et unikt leget\u00f8j til b\u00f8rn, der giver dem mulighed for at lege, at de er rigtige grillmestre! Denne farverige grill med et bredt udvalg af tilbeh\u00f8r, lys- og lydeffekter og damp g\u00f8r hver leg til et uforglemmeligt kulinarisk eventyr. Brug knapperne eller en lighter til at t\u00e6nde kulet i grillen. [&hellip;]<\/p>\n","protected":false},"featured_media":0,"comment_status":"open","ping_status":"closed","template":"","meta":[],"product_brand":[],"product_cat":[31],"product_tag":[],"class_list":{"0":"post-27410","1":"product","2":"type-product","3":"status-publish","5":"product_cat-uncategorized-da","7":"first","8":"instock","9":"shipping-taxable","10":"purchasable","11":"product-type-simple"},"_links":{"self":[{"href":"https:\/\/nordicmart.andreevmaster.com\/da\/wp-json\/wp\/v2\/product\/27410","targetHints":{"allow":["GET"]}}],"collection":[{"href":"https:\/\/nordicmart.andreevmaster.com\/da\/wp-json\/wp\/v2\/product"}],"about":[{"href":"https:\/\/nordicmart.andreevmaster.com\/da\/wp-json\/wp\/v2\/types\/product"}],"replies":[{"embeddable":true,"href":"https:\/\/nordicmart.andreevmaster.com\/da\/wp-json\/wp\/v2\/comments?post=27410"}],"wp:attachment":[{"href":"https:\/\/nordicmart.andreevmaster.com\/da\/wp-json\/wp\/v2\/media?parent=27410"}],"wp:term":[{"taxonomy":"product_brand","embeddable":true,"href":"https:\/\/nordicmart.andreevmaster.com\/da\/wp-json\/wp\/v2\/product_brand?post=27410"},{"taxonomy":"product_cat","embeddable":true,"href":"https:\/\/nordicmart.andreevmaster.com\/da\/wp-json\/wp\/v2\/product_cat?post=27410"},{"taxonomy":"product_tag","embeddable":true,"href":"https:\/\/nordicmart.andreevmaster.com\/da\/wp-json\/wp\/v2\/product_tag?post=27410"}],"curies":[{"name":"wp","href":"https:\/\/api.w.org\/{rel}","templated":true}]}}