{"id":27409,"date":"2026-02-27T00:36:52","date_gmt":"2026-02-27T00:36:52","guid":{"rendered":"https:\/\/nordicmart.andreevmaster.com\/product\/woopie-barbecue-grill-interaktivt-havekokken-led-steam-xl-saet-41-stk\/"},"modified":"2026-02-27T09:15:26","modified_gmt":"2026-02-27T09:15:26","slug":"woopie-barbecue-grill-interaktivt-havekokken-led-steam-xl-saet-41-stk","status":"publish","type":"product","link":"https:\/\/nordicmart.andreevmaster.com\/da\/vare\/woopie-barbecue-grill-interaktivt-havekokken-led-steam-xl-saet-41-stk\/","title":{"rendered":"WOOPIE Barbecue Grill Interaktivt havek\u00f8kken LED Steam XL S\u00e6t 41 stk."},"content":{"rendered":"<p>Tag det sjove med udend\u00f8rs, og lad dit barn f\u00f8le sig som en rigtig grillmester! Woopie Barbecue Grill er et unikt k\u00f8kkens\u00e6t, der giver en realistisk oplevelse med r\u00f8g- og lyseffekter. Det er udstyret med en bred vifte af tilbeh\u00f8r, farverige gr\u00f8ntsager, k\u00f8d og k\u00f8kkenredskaber, der giver mulighed for kreativ og sikker madlavningssjov.<\/p>\n<p>Funktioner:<\/p>\n<p>* &#8211; Til b\u00f8rn fra 3 \u00e5r<br \/>\n* &#8211; Grillen udsender realistisk r\u00f8g og lys, hvilket g\u00f8r legen endnu mere autentisk.<br \/>\n* &#8211; S\u00e6ttet indeholder en lang r\u00e6kke k\u00f8kkenredskaber, bestik, tallerkener, krydderier og en r\u00e6kke f\u00f8devarer til grillning.<br \/>\n* &#8211; Alle elementer er fremstillet af materialer af h\u00f8j kvalitet, der er sikre for b\u00f8rn.<br \/>\n* &#8211; Det enkle design g\u00f8r det nemt at samle.<br \/>\n* &#8211; Str\u00f8mforsyning: 3xAA-batterier (MEDF\u00d8LGER IKKE)<\/p>\n<p>S\u00e6ttet indeholder:<\/p>\n<p>* &#8211; Grill med rist og l\u00e5g<br \/>\n* &#8211; Modul med r\u00f8g- og lyseffekt<br \/>\n* &#8211; 2 pander (rund og grill)<br \/>\n* &#8211; 5 k\u00f8kkenredskaber (spatler, skeer, tang)<br \/>\n* &#8211; 2 tallerkener<br \/>\n* &#8211; Gaffel<br \/>\n* &#8211; Ske<br \/>\n* &#8211; Kniv<br \/>\n* &#8211; Kunstig mad<\/p>\n<p>&#8211; Grill med rist og l\u00e5g<\/p>\n<p>&#8211; Modul med r\u00f8g- og lyseffekter<\/p>\n<p>&#8211; 2 pander (rund og grill)<\/p>\n<p>&#8211; 5 k\u00f8kkenredskaber (spatler, skeer, tang)<\/p>\n<p>&#8211; 2 sm\u00e5 tallerkener<\/p>\n<p>&#8211; Gaffel<\/p>\n<p>&#8211; Kniv<\/p>\n<p>* &#8211; Uafh\u00e6ngighed<br \/>\n* &#8211; Nysgerrighed<br \/>\n* &#8211; Fantasi<br \/>\n* &#8211; Logik<\/p>\n","protected":false},"excerpt":{"rendered":"<p>Tag det sjove med udend\u00f8rs, og lad dit barn f\u00f8le sig som en rigtig grillmester! Woopie Barbecue Grill er et unikt k\u00f8kkens\u00e6t, der giver en realistisk oplevelse med r\u00f8g- og lyseffekter. Det er udstyret med en bred vifte af tilbeh\u00f8r, farverige gr\u00f8ntsager, k\u00f8d og k\u00f8kkenredskaber, der giver mulighed for kreativ og sikker madlavningssjov. Funktioner: * [&hellip;]<\/p>\n","protected":false},"featured_media":0,"comment_status":"open","ping_status":"closed","template":"","meta":[],"product_brand":[],"product_cat":[31],"product_tag":[],"class_list":{"0":"post-27409","1":"product","2":"type-product","3":"status-publish","5":"product_cat-uncategorized-da","7":"first","8":"instock","9":"shipping-taxable","10":"purchasable","11":"product-type-simple"},"_links":{"self":[{"href":"https:\/\/nordicmart.andreevmaster.com\/da\/wp-json\/wp\/v2\/product\/27409","targetHints":{"allow":["GET"]}}],"collection":[{"href":"https:\/\/nordicmart.andreevmaster.com\/da\/wp-json\/wp\/v2\/product"}],"about":[{"href":"https:\/\/nordicmart.andreevmaster.com\/da\/wp-json\/wp\/v2\/types\/product"}],"replies":[{"embeddable":true,"href":"https:\/\/nordicmart.andreevmaster.com\/da\/wp-json\/wp\/v2\/comments?post=27409"}],"wp:attachment":[{"href":"https:\/\/nordicmart.andreevmaster.com\/da\/wp-json\/wp\/v2\/media?parent=27409"}],"wp:term":[{"taxonomy":"product_brand","embeddable":true,"href":"https:\/\/nordicmart.andreevmaster.com\/da\/wp-json\/wp\/v2\/product_brand?post=27409"},{"taxonomy":"product_cat","embeddable":true,"href":"https:\/\/nordicmart.andreevmaster.com\/da\/wp-json\/wp\/v2\/product_cat?post=27409"},{"taxonomy":"product_tag","embeddable":true,"href":"https:\/\/nordicmart.andreevmaster.com\/da\/wp-json\/wp\/v2\/product_tag?post=27409"}],"curies":[{"name":"wp","href":"https:\/\/api.w.org\/{rel}","templated":true}]}}