{"id":27408,"date":"2026-02-27T00:36:52","date_gmt":"2026-02-27T00:36:52","guid":{"rendered":"https:\/\/nordicmart.andreevmaster.com\/product\/big-amsterdam-waterplay-store-vandportbade\/"},"modified":"2026-02-27T09:15:26","modified_gmt":"2026-02-27T09:15:26","slug":"big-amsterdam-waterplay-store-vandportbade","status":"publish","type":"product","link":"https:\/\/nordicmart.andreevmaster.com\/da\/vare\/big-amsterdam-waterplay-store-vandportbade\/","title":{"rendered":"BIG Amsterdam Waterplay Store vandportb\u00e5de"},"content":{"rendered":"<p>Amsterdam Waterplay-kanalsystemet kombinerer sjov med gl\u00e6den ved at lege med vand. N\u00e5r et barn h\u00e6lder vand i kanalen, skaber det en bev\u00e6gelse, der s\u00e6tter b\u00e5dene i kanalerne i gang. Vandstr\u00f8mmen i kanalen kan ogs\u00e5 skabes ved at s\u00e6tte vandhjulet i gang.<br \/>\nStor forn\u00f8jelse for alle b\u00f8rn, der kan lide at plaske i vandet!<\/p>\n<p>Funktioner:<\/p>\n<p>* &#8211; d\u00e6mninger,<br \/>\n* &#8211; vandhjul,<br \/>\n* &#8211; havn med en 360-graders roterende arm og landingsplade,<br \/>\n* &#8211; 2 pumper og en sluse forbundet med en stejlt skr\u00e5nende kanal, der m\u00e5ler 175 cm i alt,* &#8211; 4 forskellige b\u00e5de og 3 figurer,<br \/>\n* &#8211; specialdesignede t\u00e6tninger, der g\u00f8r det muligt at samle uden brug af lim,<br \/>\n* &#8211; s\u00e6ttet kan udvides frit og samles hurtigt.<\/p>\n","protected":false},"excerpt":{"rendered":"<p>Amsterdam Waterplay-kanalsystemet kombinerer sjov med gl\u00e6den ved at lege med vand. N\u00e5r et barn h\u00e6lder vand i kanalen, skaber det en bev\u00e6gelse, der s\u00e6tter b\u00e5dene i kanalerne i gang. Vandstr\u00f8mmen i kanalen kan ogs\u00e5 skabes ved at s\u00e6tte vandhjulet i gang. Stor forn\u00f8jelse for alle b\u00f8rn, der kan lide at plaske i vandet! Funktioner: * [&hellip;]<\/p>\n","protected":false},"featured_media":0,"comment_status":"open","ping_status":"closed","template":"","meta":[],"product_brand":[],"product_cat":[31],"product_tag":[],"class_list":{"0":"post-27408","1":"product","2":"type-product","3":"status-publish","5":"product_cat-uncategorized-da","7":"first","8":"instock","9":"shipping-taxable","10":"purchasable","11":"product-type-simple"},"_links":{"self":[{"href":"https:\/\/nordicmart.andreevmaster.com\/da\/wp-json\/wp\/v2\/product\/27408","targetHints":{"allow":["GET"]}}],"collection":[{"href":"https:\/\/nordicmart.andreevmaster.com\/da\/wp-json\/wp\/v2\/product"}],"about":[{"href":"https:\/\/nordicmart.andreevmaster.com\/da\/wp-json\/wp\/v2\/types\/product"}],"replies":[{"embeddable":true,"href":"https:\/\/nordicmart.andreevmaster.com\/da\/wp-json\/wp\/v2\/comments?post=27408"}],"wp:attachment":[{"href":"https:\/\/nordicmart.andreevmaster.com\/da\/wp-json\/wp\/v2\/media?parent=27408"}],"wp:term":[{"taxonomy":"product_brand","embeddable":true,"href":"https:\/\/nordicmart.andreevmaster.com\/da\/wp-json\/wp\/v2\/product_brand?post=27408"},{"taxonomy":"product_cat","embeddable":true,"href":"https:\/\/nordicmart.andreevmaster.com\/da\/wp-json\/wp\/v2\/product_cat?post=27408"},{"taxonomy":"product_tag","embeddable":true,"href":"https:\/\/nordicmart.andreevmaster.com\/da\/wp-json\/wp\/v2\/product_tag?post=27408"}],"curies":[{"name":"wp","href":"https:\/\/api.w.org\/{rel}","templated":true}]}}