{"id":27407,"date":"2026-02-27T00:36:52","date_gmt":"2026-02-27T00:36:52","guid":{"rendered":"https:\/\/nordicmart.andreevmaster.com\/product\/woopie-elektronisk-paedagogisk-trommesaet-til-born-5-trommer-1-baekken\/"},"modified":"2026-02-27T09:15:25","modified_gmt":"2026-02-27T09:15:25","slug":"woopie-elektronisk-paedagogisk-trommesaet-til-born-5-trommer-1-baekken","status":"publish","type":"product","link":"https:\/\/nordicmart.andreevmaster.com\/da\/vare\/woopie-elektronisk-paedagogisk-trommesaet-til-born-5-trommer-1-baekken\/","title":{"rendered":"WOOPIE Elektronisk p\u00e6dagogisk trommes\u00e6t til b\u00f8rn 5 trommer 1 b\u00e6kken"},"content":{"rendered":"<p>Lad dit barn opdage gl\u00e6den ved at lave musik! Dette interaktive trommes\u00e6t fra Woopie er designet til de yngste musikere \u2013 det er sikkert, holdbart og fyldt med funktioner, der stimulerer kreativiteten og underst\u00f8tter udviklingen. Det er ikke bare et leget\u00f8j \u2013 det er et interaktivt redskab til at udvikle musikalsk talent, koordination og fantasi. Dette trommes\u00e6t til b\u00f8rn er lavet af letv\u00e6gtsplast, s\u00e5 det ikke for\u00e5rsager skader, hvis det v\u00e6lter, og det er let at holde rent ved at t\u00f8rre det af med en fugtig klud, n\u00e5r det er n\u00f8dvendigt. De livlige farver og sikre materialer f\u00e5r b\u00f8rn til at elske at spille fra det f\u00f8rste trommeslag. Det er det perfekte leget\u00f8j til at starte dit barns musikalske eventyr!<\/p>\n<p>Funktioner:<\/p>\n<p>* &#8211; Leget\u00f8j til b\u00f8rn fra 3 \u00e5r<br \/>\n* &#8211; Sikker og certificerede materialer \u2013 afrundede kanter, giftfri plast<br \/>\n* &#8211; Realistisk udseende \u2013 som et rigtigt trommes\u00e6t, men i en b\u00f8rneversion<br \/>\n* &#8211; Holdbar og stabil konstruktion, der er velegnet til intensiv leg<br \/>\n* &#8211; Lys- og lydeffekter<br \/>\n* &#8211; S\u00e6ttet indeholder en holder til smartphone\/tablet<br \/>\n* &#8211; Kompakte dimensioner<br \/>\n* &#8211; Str\u00f8mforsyning: 3x AA-batterier (medf\u00f8lger ikke)<\/p>\n<p>S\u00e6ttet indeholder:<\/p>\n<p>* &#8211; 1x central tromme<br \/>\n* &#8211; 1x plade<br \/>\n* &#8211; 3x mellemstor tromme<br \/>\n* &#8211; 1x lille tromme<br \/>\n* &#8211; 2x trommestikker<br \/>\n* &#8211; 1x cymbalstativ<br \/>\n* &#8211; 1x stativ\/holder til telefon\/tablet<br \/>\n* &#8211; 6x undervisnings-\/musikkort<\/p>\n<p>S\u00e6ttet udvikler:<\/p>\n<p>* &#8211; Motorisk koordination og motoriske f\u00e6rdigheder \u2013 samtidig brug af h\u00e6nder og f\u00f8dder<br \/>\n* &#8211; Kreativitet og fantasi \u2013 skabelse af egne rytmer og melodier<br \/>\n* &#8211; Koncentration og t\u00e5lmodighed \u2013 \u00f8velserne p\u00e5 kortene hj\u00e6lper med at l\u00e6re sekvenser<br \/>\n* &#8211; Selvtillid \u2013 barnet optr\u00e6der, skaber og pr\u00e6senterer sig selv for andre<br \/>\n* &#8211; For\u00e6ldre-barn-forholdet \u2013 at spille musik sammen bringer jer t\u00e6ttere p\u00e5 hinanden og giver jer stor gl\u00e6de<\/p>\n","protected":false},"excerpt":{"rendered":"<p>Lad dit barn opdage gl\u00e6den ved at lave musik! Dette interaktive trommes\u00e6t fra Woopie er designet til de yngste musikere \u2013 det er sikkert, holdbart og fyldt med funktioner, der stimulerer kreativiteten og underst\u00f8tter udviklingen. Det er ikke bare et leget\u00f8j \u2013 det er et interaktivt redskab til at udvikle musikalsk talent, koordination og fantasi. [&hellip;]<\/p>\n","protected":false},"featured_media":0,"comment_status":"open","ping_status":"closed","template":"","meta":[],"product_brand":[],"product_cat":[31],"product_tag":[],"class_list":{"0":"post-27407","1":"product","2":"type-product","3":"status-publish","5":"product_cat-uncategorized-da","7":"first","8":"instock","9":"shipping-taxable","10":"purchasable","11":"product-type-simple"},"_links":{"self":[{"href":"https:\/\/nordicmart.andreevmaster.com\/da\/wp-json\/wp\/v2\/product\/27407","targetHints":{"allow":["GET"]}}],"collection":[{"href":"https:\/\/nordicmart.andreevmaster.com\/da\/wp-json\/wp\/v2\/product"}],"about":[{"href":"https:\/\/nordicmart.andreevmaster.com\/da\/wp-json\/wp\/v2\/types\/product"}],"replies":[{"embeddable":true,"href":"https:\/\/nordicmart.andreevmaster.com\/da\/wp-json\/wp\/v2\/comments?post=27407"}],"wp:attachment":[{"href":"https:\/\/nordicmart.andreevmaster.com\/da\/wp-json\/wp\/v2\/media?parent=27407"}],"wp:term":[{"taxonomy":"product_brand","embeddable":true,"href":"https:\/\/nordicmart.andreevmaster.com\/da\/wp-json\/wp\/v2\/product_brand?post=27407"},{"taxonomy":"product_cat","embeddable":true,"href":"https:\/\/nordicmart.andreevmaster.com\/da\/wp-json\/wp\/v2\/product_cat?post=27407"},{"taxonomy":"product_tag","embeddable":true,"href":"https:\/\/nordicmart.andreevmaster.com\/da\/wp-json\/wp\/v2\/product_tag?post=27407"}],"curies":[{"name":"wp","href":"https:\/\/api.w.org\/{rel}","templated":true}]}}