{"id":27406,"date":"2026-02-27T00:36:51","date_gmt":"2026-02-27T00:36:51","guid":{"rendered":"https:\/\/nordicmart.andreevmaster.com\/product\/big-waterplay-niagara-water-track-41-stk\/"},"modified":"2026-02-27T09:15:25","modified_gmt":"2026-02-27T09:15:25","slug":"big-waterplay-niagara-water-track-41-stk","status":"publish","type":"product","link":"https:\/\/nordicmart.andreevmaster.com\/da\/vare\/big-waterplay-niagara-water-track-41-stk\/","title":{"rendered":"BIG Waterplay Niagara Water Track 41 stk."},"content":{"rendered":"<p>Vi pr\u00e6senterer BIG Waterplay Niagara \u2013 et ekstraordin\u00e6rt p\u00e6dagogisk vandleget\u00f8j, der kombinerer l\u00e6ring med fantastisk sjov! Takket v\u00e6re et system af kanaler, sluser og d\u00e6mninger kan b\u00f8rn eksperimentere med vandstr\u00f8mmen, styre b\u00e5de og skabe deres egne vandeventyr. Det er det perfekte valg til sm\u00e5 opdagelsesrejsende fra 3 \u00e5r og opefter! Egenskaber:<\/p>\n<p>* &#8211; leget\u00f8j til b\u00f8rn fra 3 \u00e5r og opefter,<br \/>\n* &#8211; Niagara Waterplay \u2013 sjov med vand og l\u00e6ring om dets egenskaber,<br \/>\n* &#8211; b\u00f8rn h\u00e6lder vand i kanalerne og styrer b\u00e5de, en hydrofoil og en ponton,<br \/>\n* &#8211; bev\u00e6gelige d\u00e6mninger, pumpe og sluse \u2013 hvilket \u00f8ger tiltr\u00e6kningskraften og udvikler kreativiteten,* &#8211; holdbart og vandt\u00e6t plast \u2013 sikkert for b\u00f8rn,<br \/>\n* &#8211; let at samle \u2013 t\u00e6tninger kr\u00e6ver ikke limning,<br \/>\n* &#8211; kompatibelt med Lego Duplo \u2013 kan udvides og giver mulighed for at skabe dine egne scenarier,<br \/>\n* &#8211; 41 elementer, herunder 4 figurer.* &#8211; Mulighed for at bygge 3 typer spor<\/p>\n<p>Leget\u00f8jet udvikler<\/p>\n<p>* &#8211; Kreativitet og rumlig fantasi<br \/>\n* &#8211; Manuelle f\u00e6rdigheder<br \/>\n* &#8211; Logiske t\u00e6nkeevner<br \/>\n* &#8211; Interesse for fysik og mekanik<\/p>\n","protected":false},"excerpt":{"rendered":"<p>Vi pr\u00e6senterer BIG Waterplay Niagara \u2013 et ekstraordin\u00e6rt p\u00e6dagogisk vandleget\u00f8j, der kombinerer l\u00e6ring med fantastisk sjov! Takket v\u00e6re et system af kanaler, sluser og d\u00e6mninger kan b\u00f8rn eksperimentere med vandstr\u00f8mmen, styre b\u00e5de og skabe deres egne vandeventyr. Det er det perfekte valg til sm\u00e5 opdagelsesrejsende fra 3 \u00e5r og opefter! Egenskaber: * &#8211; leget\u00f8j til [&hellip;]<\/p>\n","protected":false},"featured_media":0,"comment_status":"open","ping_status":"closed","template":"","meta":[],"product_brand":[],"product_cat":[31],"product_tag":[],"class_list":{"0":"post-27406","1":"product","2":"type-product","3":"status-publish","5":"product_cat-uncategorized-da","7":"first","8":"instock","9":"shipping-taxable","10":"purchasable","11":"product-type-simple"},"_links":{"self":[{"href":"https:\/\/nordicmart.andreevmaster.com\/da\/wp-json\/wp\/v2\/product\/27406","targetHints":{"allow":["GET"]}}],"collection":[{"href":"https:\/\/nordicmart.andreevmaster.com\/da\/wp-json\/wp\/v2\/product"}],"about":[{"href":"https:\/\/nordicmart.andreevmaster.com\/da\/wp-json\/wp\/v2\/types\/product"}],"replies":[{"embeddable":true,"href":"https:\/\/nordicmart.andreevmaster.com\/da\/wp-json\/wp\/v2\/comments?post=27406"}],"wp:attachment":[{"href":"https:\/\/nordicmart.andreevmaster.com\/da\/wp-json\/wp\/v2\/media?parent=27406"}],"wp:term":[{"taxonomy":"product_brand","embeddable":true,"href":"https:\/\/nordicmart.andreevmaster.com\/da\/wp-json\/wp\/v2\/product_brand?post=27406"},{"taxonomy":"product_cat","embeddable":true,"href":"https:\/\/nordicmart.andreevmaster.com\/da\/wp-json\/wp\/v2\/product_cat?post=27406"},{"taxonomy":"product_tag","embeddable":true,"href":"https:\/\/nordicmart.andreevmaster.com\/da\/wp-json\/wp\/v2\/product_tag?post=27406"}],"curies":[{"name":"wp","href":"https:\/\/api.w.org\/{rel}","templated":true}]}}