{"id":27405,"date":"2026-02-27T00:36:51","date_gmt":"2026-02-27T00:36:51","guid":{"rendered":"https:\/\/nordicmart.andreevmaster.com\/product\/woopie-magnetiske-3d-byggeklodser-paedagogisk-saet-kuglebane-170-stk\/"},"modified":"2026-02-27T09:15:25","modified_gmt":"2026-02-27T09:15:25","slug":"woopie-magnetiske-3d-byggeklodser-paedagogisk-saet-kuglebane-170-stk","status":"publish","type":"product","link":"https:\/\/nordicmart.andreevmaster.com\/da\/vare\/woopie-magnetiske-3d-byggeklodser-paedagogisk-saet-kuglebane-170-stk\/","title":{"rendered":"WOOPIE Magnetiske 3D-byggeklodser, p\u00e6dagogisk s\u00e6t, kuglebane, 170 stk."},"content":{"rendered":"<p>Oplev et sandt paradis af kreativitet og teknik med det 3D magnetiske byggeklodss\u00e6t fra Woopie! Dette imponerende s\u00e6t med 170 dele giver dig mulighed for at bygge en omfattende kuglebane i flere niveauer og fantastiske rumlige strukturer. Gennemsigtige magnetiske fliser og en r\u00e6kke farvestr\u00e5lende baneelementer garanterer timevis af sp\u00e6ndende sjov, hvor b\u00f8rnene l\u00e6rer fysikkens grundl\u00e6ggende principper og tyngdekraften i praksis. Det er den perfekte m\u00e5de at udvikle logisk t\u00e6nkning, rumlig fantasi og manuelle f\u00e6rdigheder p\u00e5. Dette s\u00e6t er en indgang til en verden med ubegr\u00e6nsede byggemuligheder!<\/p>\n<p>Egenskaber:<\/p>\n<p>* &#8211; Egnet til b\u00f8rn fra 3 \u00e5r<br \/>\n* &#8211; Holdbart plast med indbyggede sikre magneter<br \/>\n* &#8211; Magnetiske 3D-byggeklodser, modul\u00e6rt kuglebane<br \/>\n* &#8211; Stort antal elementer (170 stykker), gennemsigtige banelementer<br \/>\n* &#8211; Forskellige former og farver<br \/>\n* &#8211; Mulighed for at skabe komplekse og stabile strukturer<br \/>\n* &#8211; Elementer, der giver dig mulighed for at skabe dinosaurformede strukturer<\/p>\n<p>S\u00e6ttet indeholder:<\/p>\n<p>* &#8211; I alt 170 forskellige konstruktionselementer, herunder magnetiske<br \/>\n* &#8211; Banelementer s\u00e5som render, kurver og r\u00f8r<br \/>\n* &#8211; Kugler\/marmorkugler til banen<br \/>\n* &#8211; Et s\u00e6t klisterm\u00e6rker til at personligg\u00f8re elementerne<br \/>\n* &#8211; Elementer, der g\u00f8r det muligt at skabe dinosaurformede strukturer (hoveder, sider)<\/p>\n<p>Leget\u00f8jet udvikler:<\/p>\n<p>* &#8211; Kreativitet og fantasi<br \/>\n* &#8211; Logisk og rumlig t\u00e6nkning<br \/>\n* &#8211; Manuelle f\u00e6rdigheder og pr\u00e6cision<br \/>\n* &#8211; Forst\u00e5else af fysikkens grundl\u00e6ggende principper<br \/>\n* &#8211; Koncentration og t\u00e5lmodighed<br \/>\n* &#8211; Konstruktions- og ingeni\u00f8rf\u00e6rdigheder<\/p>\n","protected":false},"excerpt":{"rendered":"<p>Oplev et sandt paradis af kreativitet og teknik med det 3D magnetiske byggeklodss\u00e6t fra Woopie! Dette imponerende s\u00e6t med 170 dele giver dig mulighed for at bygge en omfattende kuglebane i flere niveauer og fantastiske rumlige strukturer. Gennemsigtige magnetiske fliser og en r\u00e6kke farvestr\u00e5lende baneelementer garanterer timevis af sp\u00e6ndende sjov, hvor b\u00f8rnene l\u00e6rer fysikkens grundl\u00e6ggende [&hellip;]<\/p>\n","protected":false},"featured_media":0,"comment_status":"open","ping_status":"closed","template":"","meta":[],"product_brand":[],"product_cat":[31],"product_tag":[],"class_list":{"0":"post-27405","1":"product","2":"type-product","3":"status-publish","5":"product_cat-uncategorized-da","7":"first","8":"instock","9":"shipping-taxable","10":"purchasable","11":"product-type-simple"},"_links":{"self":[{"href":"https:\/\/nordicmart.andreevmaster.com\/da\/wp-json\/wp\/v2\/product\/27405","targetHints":{"allow":["GET"]}}],"collection":[{"href":"https:\/\/nordicmart.andreevmaster.com\/da\/wp-json\/wp\/v2\/product"}],"about":[{"href":"https:\/\/nordicmart.andreevmaster.com\/da\/wp-json\/wp\/v2\/types\/product"}],"replies":[{"embeddable":true,"href":"https:\/\/nordicmart.andreevmaster.com\/da\/wp-json\/wp\/v2\/comments?post=27405"}],"wp:attachment":[{"href":"https:\/\/nordicmart.andreevmaster.com\/da\/wp-json\/wp\/v2\/media?parent=27405"}],"wp:term":[{"taxonomy":"product_brand","embeddable":true,"href":"https:\/\/nordicmart.andreevmaster.com\/da\/wp-json\/wp\/v2\/product_brand?post=27405"},{"taxonomy":"product_cat","embeddable":true,"href":"https:\/\/nordicmart.andreevmaster.com\/da\/wp-json\/wp\/v2\/product_cat?post=27405"},{"taxonomy":"product_tag","embeddable":true,"href":"https:\/\/nordicmart.andreevmaster.com\/da\/wp-json\/wp\/v2\/product_tag?post=27405"}],"curies":[{"name":"wp","href":"https:\/\/api.w.org\/{rel}","templated":true}]}}