{"id":27404,"date":"2026-02-27T00:36:51","date_gmt":"2026-02-27T00:36:51","guid":{"rendered":"https:\/\/nordicmart.andreevmaster.com\/product\/big-power-worker-maxi-ride-on-trailer-movable-platform-2\/"},"modified":"2026-02-27T09:15:25","modified_gmt":"2026-02-27T09:15:25","slug":"big-power-worker-maxi-ride-on-trailer-movable-platform-2","status":"publish","type":"product","link":"https:\/\/nordicmart.andreevmaster.com\/da\/vare\/big-power-worker-maxi-ride-on-trailer-movable-platform-2\/","title":{"rendered":"BIG Power Worker Maxi Ride-On Trailer Movable Platform"},"content":{"rendered":"<p>Dette kraftfulde nye tilbeh\u00f8r fra BIG Power Worker Maxi-serien er det perfekte supplement til eksisterende BIG Power Worker Maxi-byggemaskiner. Den nye trailer kan nemt fastg\u00f8res til BIG Power Worker Maxi Truck, Maxi Digger og Maxi Crane ved hj\u00e6lp af den medf\u00f8lgende trailerkobling, hvilket giver b\u00f8rnene ekstra opbevaringsplads til sandleget\u00f8j og byggepladsaffald. Takket v\u00e6re d\u00e6k af h\u00f8j kvalitet, der er fremstillet af bl\u00f8dere, ikke-m\u00e6rkende plast, kan traileren ogs\u00e5 bruges indend\u00f8rs uden problemer. Som med alle andre BIG Power Workers kan k\u00f8ret\u00f8jet reng\u00f8res hurtigt uden at efterlade m\u00e6rker.<\/p>\n<p>Egenskaber:<\/p>\n<p>* &#8211; egnet til b\u00f8rn i alderen 3 til 7 \u00e5r,<br \/>\n* &#8211; bev\u00e6gelig platform,<br \/>\n* &#8211; platformens lastekapacitet op til 25 kg,<br \/>\n* &#8211; udstyret med en krog, der g\u00f8r det muligt at koble en trailer til,* &#8211; et perfekt supplement til Power Worker Maxi-kollektionen,<br \/>\n* &#8211; let at reng\u00f8re, hvilket g\u00f8r det nemt at holde rent,<br \/>\n* &#8211; ideel til b\u00e5de indend\u00f8rs og udend\u00f8rs brug takket v\u00e6re d\u00e6k af h\u00f8j kvalitet. BIG tilh\u00f8rer den store Simba Dickie Group &#8211; Serien omfatter en bred vifte af innovative leget\u00f8j, der stimulerer motorisk udvikling hos b\u00f8rn. BIG-produkter tilbyder mange ideer til leg. Sortimentet omfatter biler, leget\u00f8j til at k\u00f8re p\u00e5, gynger, traktorer, b\u00e5de, rutsjebaner, flydende leget\u00f8j og sandkasser. BIG-leget\u00f8j er af meget h\u00f8j kvalitet. Det er fremstillet i Tyskland af UV-bestandige materialer af h\u00f8j kvalitet. Sikkerheden af vores leget\u00f8j er garanteret og bekr\u00e6ftet af LGA\/T\u00dcV-tests.<\/p>\n","protected":false},"excerpt":{"rendered":"<p>Dette kraftfulde nye tilbeh\u00f8r fra BIG Power Worker Maxi-serien er det perfekte supplement til eksisterende BIG Power Worker Maxi-byggemaskiner. Den nye trailer kan nemt fastg\u00f8res til BIG Power Worker Maxi Truck, Maxi Digger og Maxi Crane ved hj\u00e6lp af den medf\u00f8lgende trailerkobling, hvilket giver b\u00f8rnene ekstra opbevaringsplads til sandleget\u00f8j og byggepladsaffald. Takket v\u00e6re d\u00e6k af [&hellip;]<\/p>\n","protected":false},"featured_media":0,"comment_status":"open","ping_status":"closed","template":"","meta":[],"product_brand":[],"product_cat":[31],"product_tag":[],"class_list":{"0":"post-27404","1":"product","2":"type-product","3":"status-publish","5":"product_cat-uncategorized-da","7":"first","8":"instock","9":"shipping-taxable","10":"purchasable","11":"product-type-simple"},"_links":{"self":[{"href":"https:\/\/nordicmart.andreevmaster.com\/da\/wp-json\/wp\/v2\/product\/27404","targetHints":{"allow":["GET"]}}],"collection":[{"href":"https:\/\/nordicmart.andreevmaster.com\/da\/wp-json\/wp\/v2\/product"}],"about":[{"href":"https:\/\/nordicmart.andreevmaster.com\/da\/wp-json\/wp\/v2\/types\/product"}],"replies":[{"embeddable":true,"href":"https:\/\/nordicmart.andreevmaster.com\/da\/wp-json\/wp\/v2\/comments?post=27404"}],"wp:attachment":[{"href":"https:\/\/nordicmart.andreevmaster.com\/da\/wp-json\/wp\/v2\/media?parent=27404"}],"wp:term":[{"taxonomy":"product_brand","embeddable":true,"href":"https:\/\/nordicmart.andreevmaster.com\/da\/wp-json\/wp\/v2\/product_brand?post=27404"},{"taxonomy":"product_cat","embeddable":true,"href":"https:\/\/nordicmart.andreevmaster.com\/da\/wp-json\/wp\/v2\/product_cat?post=27404"},{"taxonomy":"product_tag","embeddable":true,"href":"https:\/\/nordicmart.andreevmaster.com\/da\/wp-json\/wp\/v2\/product_tag?post=27404"}],"curies":[{"name":"wp","href":"https:\/\/api.w.org\/{rel}","templated":true}]}}