{"id":27403,"date":"2026-02-27T00:36:51","date_gmt":"2026-02-27T00:36:51","guid":{"rendered":"https:\/\/nordicmart.andreevmaster.com\/product\/woopie-tor-pool-legehegn-til-born-til-hjemmet-og-haven\/"},"modified":"2026-02-27T09:15:24","modified_gmt":"2026-02-27T09:15:24","slug":"woopie-tor-pool-legehegn-til-born-til-hjemmet-og-haven","status":"publish","type":"product","link":"https:\/\/nordicmart.andreevmaster.com\/da\/vare\/woopie-tor-pool-legehegn-til-born-til-hjemmet-og-haven\/","title":{"rendered":"WOOPIE T\u00f8r pool-legehegn til b\u00f8rn til hjemmet og haven"},"content":{"rendered":"<p>Et hegn til b\u00f8rn, der kan bruges til at skabe en legeplads, hvor dit barn kan lege. Du skal bare placere et udstoppet dyr, bl\u00f8dt senget\u00f8j eller yndlingsleget\u00f8j indeni. Det kan ogs\u00e5 bruges som et hegn til at afsp\u00e6rre omr\u00e5der, hvor du ikke \u00f8nsker, at dit barn skal komme. <\/p>\n<p>Det er perfekt til brug i hjemmet, i haven p\u00e5 varme dage samt i vuggestuer eller butikker, hvor de sm\u00e5 kan f\u00e5 deres eget legehj\u00f8rne. Det er et legehj\u00f8rne til vuggestuer, butikker eller fris\u00f8rsaloner. Det kan ogs\u00e5 bruges som et hegn til at afsk\u00e6rme omr\u00e5der, hvor du ikke \u00f8nsker, at dit barn skal komme. Hegnet afsk\u00e6rmer radiatorer, indgangen til et rum eller omslutter et hjemmebiograf, som b\u00f8rn elsker at lege med. <\/p>\n<p>Egenskaber: <\/p>\n<p>&#8211; S\u00e6ttet indeholder 10 farverige paneler og en bund af stof. &#8211; Meget stabilt, hvert panel har to ben med skridsikre puder. &#8211; S\u00e6ttet kan kombineres frit for at skabe en st\u00f8rre kravleg\u00e5rd eller legekrog. &#8211; Solid, slagfast plast. &#8211; Hegnet kan skilles ad og foldes sammen i en taske, der ogs\u00e5 fungerer som kravleg\u00e5rdsbund til transport eller opbevaring.<\/p>\n","protected":false},"excerpt":{"rendered":"<p>Et hegn til b\u00f8rn, der kan bruges til at skabe en legeplads, hvor dit barn kan lege. Du skal bare placere et udstoppet dyr, bl\u00f8dt senget\u00f8j eller yndlingsleget\u00f8j indeni. Det kan ogs\u00e5 bruges som et hegn til at afsp\u00e6rre omr\u00e5der, hvor du ikke \u00f8nsker, at dit barn skal komme. Det er perfekt til brug i [&hellip;]<\/p>\n","protected":false},"featured_media":0,"comment_status":"open","ping_status":"closed","template":"","meta":[],"product_brand":[],"product_cat":[31],"product_tag":[],"class_list":{"0":"post-27403","1":"product","2":"type-product","3":"status-publish","5":"product_cat-uncategorized-da","7":"first","8":"instock","9":"shipping-taxable","10":"purchasable","11":"product-type-simple"},"_links":{"self":[{"href":"https:\/\/nordicmart.andreevmaster.com\/da\/wp-json\/wp\/v2\/product\/27403","targetHints":{"allow":["GET"]}}],"collection":[{"href":"https:\/\/nordicmart.andreevmaster.com\/da\/wp-json\/wp\/v2\/product"}],"about":[{"href":"https:\/\/nordicmart.andreevmaster.com\/da\/wp-json\/wp\/v2\/types\/product"}],"replies":[{"embeddable":true,"href":"https:\/\/nordicmart.andreevmaster.com\/da\/wp-json\/wp\/v2\/comments?post=27403"}],"wp:attachment":[{"href":"https:\/\/nordicmart.andreevmaster.com\/da\/wp-json\/wp\/v2\/media?parent=27403"}],"wp:term":[{"taxonomy":"product_brand","embeddable":true,"href":"https:\/\/nordicmart.andreevmaster.com\/da\/wp-json\/wp\/v2\/product_brand?post=27403"},{"taxonomy":"product_cat","embeddable":true,"href":"https:\/\/nordicmart.andreevmaster.com\/da\/wp-json\/wp\/v2\/product_cat?post=27403"},{"taxonomy":"product_tag","embeddable":true,"href":"https:\/\/nordicmart.andreevmaster.com\/da\/wp-json\/wp\/v2\/product_tag?post=27403"}],"curies":[{"name":"wp","href":"https:\/\/api.w.org\/{rel}","templated":true}]}}