{"id":27402,"date":"2026-02-27T00:36:50","date_gmt":"2026-02-27T00:36:50","guid":{"rendered":"https:\/\/nordicmart.andreevmaster.com\/product\/woopie-paedagogiske-klodser-vafler-hegn-hus\/"},"modified":"2026-02-27T09:15:24","modified_gmt":"2026-02-27T09:15:24","slug":"woopie-paedagogiske-klodser-vafler-hegn-hus","status":"publish","type":"product","link":"https:\/\/nordicmart.andreevmaster.com\/da\/vare\/woopie-paedagogiske-klodser-vafler-hegn-hus\/","title":{"rendered":"WOOPIE P\u00e6dagogiske klodser Vafler Hegn Hus"},"content":{"rendered":"<p>Waffle-l\u00e6ringblokkes\u00e6ttet er ideelt til b\u00e5de brug i hjemmet og i haven.<\/p>\n<p>Blokkene er designet til at passe sammen i forskellige vinkler. B\u00f8rn kan bruge disse blokke til at \u00f8ve deres koncentration og udvikle deres fantasi. De l\u00e6rer nye former ved at bygge interessante strukturer s\u00e5som en bil, et hus, en pen, en mur, en labyrint og mange andre.<\/p>\n<p>Egenskaber:<\/p>\n<p>&#8211; S\u00e6ttet best\u00e5r af 20 stykker. &#8211; S\u00e6ttene kan ogs\u00e5 kombineres for at bygge st\u00f8rre strukturer. &#8211; Et ideelt produkt til b\u00e5de hjemmet og haven.<\/p>\n<p>Woopie er en af Europas f\u00f8rende producenter af plastleget\u00f8j. Woopie-produkter s\u00e6lges med succes p\u00e5 hjemmemarkedet og i hele Europa.<\/p>\n<p>Woopie-leget\u00f8j har \u00e9t m\u00e5l &#8211; at bringe gl\u00e6de til b\u00f8rn! Blandt sit brede sortiment tilbyder Woopie karnevalskostumer og udkl\u00e6dningst\u00f8j til b\u00f8rn samt h\u00e6ngende gynger, skumleget\u00f8j, forskellige haveleget\u00f8j og meget mere! Lad dig rive med af sjov \u2013 lad dig rive med af Woopie!<\/p>\n","protected":false},"excerpt":{"rendered":"<p>Waffle-l\u00e6ringblokkes\u00e6ttet er ideelt til b\u00e5de brug i hjemmet og i haven. Blokkene er designet til at passe sammen i forskellige vinkler. B\u00f8rn kan bruge disse blokke til at \u00f8ve deres koncentration og udvikle deres fantasi. De l\u00e6rer nye former ved at bygge interessante strukturer s\u00e5som en bil, et hus, en pen, en mur, en labyrint [&hellip;]<\/p>\n","protected":false},"featured_media":0,"comment_status":"open","ping_status":"closed","template":"","meta":[],"product_brand":[],"product_cat":[31],"product_tag":[],"class_list":{"0":"post-27402","1":"product","2":"type-product","3":"status-publish","5":"product_cat-uncategorized-da","7":"first","8":"instock","9":"shipping-taxable","10":"purchasable","11":"product-type-simple"},"_links":{"self":[{"href":"https:\/\/nordicmart.andreevmaster.com\/da\/wp-json\/wp\/v2\/product\/27402","targetHints":{"allow":["GET"]}}],"collection":[{"href":"https:\/\/nordicmart.andreevmaster.com\/da\/wp-json\/wp\/v2\/product"}],"about":[{"href":"https:\/\/nordicmart.andreevmaster.com\/da\/wp-json\/wp\/v2\/types\/product"}],"replies":[{"embeddable":true,"href":"https:\/\/nordicmart.andreevmaster.com\/da\/wp-json\/wp\/v2\/comments?post=27402"}],"wp:attachment":[{"href":"https:\/\/nordicmart.andreevmaster.com\/da\/wp-json\/wp\/v2\/media?parent=27402"}],"wp:term":[{"taxonomy":"product_brand","embeddable":true,"href":"https:\/\/nordicmart.andreevmaster.com\/da\/wp-json\/wp\/v2\/product_brand?post=27402"},{"taxonomy":"product_cat","embeddable":true,"href":"https:\/\/nordicmart.andreevmaster.com\/da\/wp-json\/wp\/v2\/product_cat?post=27402"},{"taxonomy":"product_tag","embeddable":true,"href":"https:\/\/nordicmart.andreevmaster.com\/da\/wp-json\/wp\/v2\/product_tag?post=27402"}],"curies":[{"name":"wp","href":"https:\/\/api.w.org\/{rel}","templated":true}]}}