{"id":27401,"date":"2026-02-27T00:36:50","date_gmt":"2026-02-27T00:36:50","guid":{"rendered":"https:\/\/nordicmart.andreevmaster.com\/product\/falk-racing-team-motorcykel-rod-brede-hjul-fra-1-ar\/"},"modified":"2026-02-27T09:15:24","modified_gmt":"2026-02-27T09:15:24","slug":"falk-racing-team-motorcykel-rod-brede-hjul-fra-1-ar","status":"publish","type":"product","link":"https:\/\/nordicmart.andreevmaster.com\/da\/vare\/falk-racing-team-motorcykel-rod-brede-hjul-fra-1-ar\/","title":{"rendered":"FALK Racing Team Motorcykel R\u00f8d Brede hjul fra 1 \u00e5r"},"content":{"rendered":"<p>Balancecyklen fra den franske producent af leget\u00f8j til b\u00f8rn, Falk, er den perfekte gave til b\u00f8rn fra 12 m\u00e5neder og opefter. Smuk grafik og et meget realistisk udseende vil give de sm\u00e5 masser af gl\u00e6de. Leget\u00f8jet er udstyret med store hjul, der er perfekte til forskellige overflader. Forhjulet er drejeligt for mere komfortabel styring og svingning.<\/p>\n<p>Egenskaber: .<\/p>\n<p>* &#8211; Designet til b\u00f8rn fra 1 \u00e5r og opefter,<br \/>\n* &#8211; Maksimal belastning p\u00e5 30 kg,<br \/>\n* &#8211; Fremstillet af h\u00f8jkvalitetsplast, der er modstandsdygtig over for vejrforhold,<br \/>\n* &#8211; Ergonomisk design g\u00f8r k\u00f8rslen behagelig,<br \/>\n* &#8211; Brede hjul sikrer stabilitet ,<\/p>\n","protected":false},"excerpt":{"rendered":"<p>Balancecyklen fra den franske producent af leget\u00f8j til b\u00f8rn, Falk, er den perfekte gave til b\u00f8rn fra 12 m\u00e5neder og opefter. Smuk grafik og et meget realistisk udseende vil give de sm\u00e5 masser af gl\u00e6de. Leget\u00f8jet er udstyret med store hjul, der er perfekte til forskellige overflader. Forhjulet er drejeligt for mere komfortabel styring og [&hellip;]<\/p>\n","protected":false},"featured_media":0,"comment_status":"open","ping_status":"closed","template":"","meta":[],"product_brand":[],"product_cat":[31],"product_tag":[],"class_list":{"0":"post-27401","1":"product","2":"type-product","3":"status-publish","5":"product_cat-uncategorized-da","7":"first","8":"instock","9":"shipping-taxable","10":"purchasable","11":"product-type-simple"},"_links":{"self":[{"href":"https:\/\/nordicmart.andreevmaster.com\/da\/wp-json\/wp\/v2\/product\/27401","targetHints":{"allow":["GET"]}}],"collection":[{"href":"https:\/\/nordicmart.andreevmaster.com\/da\/wp-json\/wp\/v2\/product"}],"about":[{"href":"https:\/\/nordicmart.andreevmaster.com\/da\/wp-json\/wp\/v2\/types\/product"}],"replies":[{"embeddable":true,"href":"https:\/\/nordicmart.andreevmaster.com\/da\/wp-json\/wp\/v2\/comments?post=27401"}],"wp:attachment":[{"href":"https:\/\/nordicmart.andreevmaster.com\/da\/wp-json\/wp\/v2\/media?parent=27401"}],"wp:term":[{"taxonomy":"product_brand","embeddable":true,"href":"https:\/\/nordicmart.andreevmaster.com\/da\/wp-json\/wp\/v2\/product_brand?post=27401"},{"taxonomy":"product_cat","embeddable":true,"href":"https:\/\/nordicmart.andreevmaster.com\/da\/wp-json\/wp\/v2\/product_cat?post=27401"},{"taxonomy":"product_tag","embeddable":true,"href":"https:\/\/nordicmart.andreevmaster.com\/da\/wp-json\/wp\/v2\/product_tag?post=27401"}],"curies":[{"name":"wp","href":"https:\/\/api.w.org\/{rel}","templated":true}]}}