{"id":27400,"date":"2026-02-27T00:36:50","date_gmt":"2026-02-27T00:36:50","guid":{"rendered":"https:\/\/nordicmart.andreevmaster.com\/product\/woopie-big-powertrac-pedaltraktor-med-xxl-trailer\/"},"modified":"2026-02-27T09:15:24","modified_gmt":"2026-02-27T09:15:24","slug":"woopie-big-powertrac-pedaltraktor-med-xxl-trailer","status":"publish","type":"product","link":"https:\/\/nordicmart.andreevmaster.com\/da\/vare\/woopie-big-powertrac-pedaltraktor-med-xxl-trailer\/","title":{"rendered":"WOOPIE Big PowerTrac pedaltraktor med XXL-trailer"},"content":{"rendered":"<p>Woopie-pedaltraktor med p\u00e5h\u00e6ngsvogn er det perfekte valg til alle sm\u00e5b\u00f8rn, der dr\u00f8mmer om at arbejde p\u00e5 en g\u00e5rd eller bare elsker landbrugsk\u00f8ret\u00f8jer! Takket v\u00e6re det realistiske udseende og den bev\u00e6gelige p\u00e5h\u00e6ngsvogn kan dit barn lege, at det er en rigtig traktorf\u00f8rer \u2013 og transportere leget\u00f8j, sand, sten eller andre &#8220;laster&#8221; derhjemme, i haven, p\u00e5 grunden eller p\u00e5 legepladsen.  Traktoren drives af barnets ben, s\u00e5 det kan bruge leget\u00f8jet aktivt, hvilket \u00f8ger dets udholdenhed og tilskynder til udend\u00f8rsaktiviteter. Det er den perfekte gave til ethvert barn over 3 \u00e5r, uanset om det bor p\u00e5 landet eller i byen.<br \/>\nFunktioner:<br \/>\n* &#8211; Fuldt funktionel traktor med pedaler \u2013 sikrer behagelig k\u00f8rsel og langvarig sjov<br \/>\n* &#8211; Stor og holdbar trailer \u2013 ideel til transport af leget\u00f8j, haveredskaber eller andre b\u00f8rns &#8220;gods&#8221;<br \/>\n* &#8211; Rat med horn<br \/>\n* &#8211; Solid konstruktion af h\u00f8jkvalitetsplast \u2013 sikrer holdbarhed og sikkerhed<br \/>\n* &#8211; Komfortabelt justerbart s\u00e6de med rygl\u00e6n \u2013 sikrer komfort selv under l\u00e6ngere leg<br \/>\n* &#8211; Moderne design med realistiske detaljer \u2013 traktoren ligner et rigtigt landbrugsk\u00f8ret\u00f8j<br \/>\n* &#8211; Store plasthjul med tykt slidbane \u2013 sikrer god tr\u00e6kkraft og stabilitet p\u00e5 forskellige overflader<br \/>\n* &#8211; Intuitiv samling \u2013 nem at samle p\u00e5 f\u00e5 \u00f8jeblikke<\/p>\n<p>S\u00e6ttet indeholder:<\/p>\n<p>* &#8211; Pedaldrevet traktor<br \/>\n* &#8211; Stor tohjulet trailer med tr\u00e6k<br \/>\n* &#8211; Samlevejledning<\/p>\n<p>Leget\u00f8jet udvikler:<\/p>\n<p>* &#8211; Motorisk koordination<br \/>\n* &#8211; Fantasi og kreativitet<br \/>\n* &#8211; Fysisk kondition<br \/>\n* &#8211; Sociale f\u00e6rdigheder<br \/>\n* &#8211; Ansvarlighed<\/p>\n<p>M\u00e5l p\u00e5 traktoren med trailer: 136 x 43 x 51 (cm)<\/p>\n<p>M\u00e5l p\u00e5 emballagen: 84 x 38 x 42 (cm)<\/p>\n","protected":false},"excerpt":{"rendered":"<p>Woopie-pedaltraktor med p\u00e5h\u00e6ngsvogn er det perfekte valg til alle sm\u00e5b\u00f8rn, der dr\u00f8mmer om at arbejde p\u00e5 en g\u00e5rd eller bare elsker landbrugsk\u00f8ret\u00f8jer! Takket v\u00e6re det realistiske udseende og den bev\u00e6gelige p\u00e5h\u00e6ngsvogn kan dit barn lege, at det er en rigtig traktorf\u00f8rer \u2013 og transportere leget\u00f8j, sand, sten eller andre &#8220;laster&#8221; derhjemme, i haven, p\u00e5 grunden [&hellip;]<\/p>\n","protected":false},"featured_media":0,"comment_status":"open","ping_status":"closed","template":"","meta":[],"product_brand":[],"product_cat":[31],"product_tag":[],"class_list":{"0":"post-27400","1":"product","2":"type-product","3":"status-publish","5":"product_cat-uncategorized-da","7":"first","8":"instock","9":"shipping-taxable","10":"purchasable","11":"product-type-simple"},"_links":{"self":[{"href":"https:\/\/nordicmart.andreevmaster.com\/da\/wp-json\/wp\/v2\/product\/27400","targetHints":{"allow":["GET"]}}],"collection":[{"href":"https:\/\/nordicmart.andreevmaster.com\/da\/wp-json\/wp\/v2\/product"}],"about":[{"href":"https:\/\/nordicmart.andreevmaster.com\/da\/wp-json\/wp\/v2\/types\/product"}],"replies":[{"embeddable":true,"href":"https:\/\/nordicmart.andreevmaster.com\/da\/wp-json\/wp\/v2\/comments?post=27400"}],"wp:attachment":[{"href":"https:\/\/nordicmart.andreevmaster.com\/da\/wp-json\/wp\/v2\/media?parent=27400"}],"wp:term":[{"taxonomy":"product_brand","embeddable":true,"href":"https:\/\/nordicmart.andreevmaster.com\/da\/wp-json\/wp\/v2\/product_brand?post=27400"},{"taxonomy":"product_cat","embeddable":true,"href":"https:\/\/nordicmart.andreevmaster.com\/da\/wp-json\/wp\/v2\/product_cat?post=27400"},{"taxonomy":"product_tag","embeddable":true,"href":"https:\/\/nordicmart.andreevmaster.com\/da\/wp-json\/wp\/v2\/product_tag?post=27400"}],"curies":[{"name":"wp","href":"https:\/\/api.w.org\/{rel}","templated":true}]}}