{"id":27399,"date":"2026-02-27T00:36:50","date_gmt":"2026-02-27T00:36:50","guid":{"rendered":"https:\/\/nordicmart.andreevmaster.com\/product\/woopie-green-interaktivt-kokken-i-trae-9-i-1-med-vaskemaskine-og-tavle\/"},"modified":"2026-02-27T09:15:24","modified_gmt":"2026-02-27T09:15:24","slug":"woopie-green-interaktivt-kokken-i-trae-9-i-1-med-vaskemaskine-og-tavle","status":"publish","type":"product","link":"https:\/\/nordicmart.andreevmaster.com\/da\/vare\/woopie-green-interaktivt-kokken-i-trae-9-i-1-med-vaskemaskine-og-tavle\/","title":{"rendered":"WOOPIE GREEN Interaktivt k\u00f8kken i tr\u00e6 9-i-1 med vaskemaskine og tavle"},"content":{"rendered":"<p>Tr\u00e6k\u00f8kken 9-i-1 til b\u00f8rn Woopie Green<\/p>\n<p>Det multifunktionelle k\u00f8kkens\u00e6t fra Woopie Green er et tr\u00e6k\u00f8kken designet til sm\u00e5 b\u00f8rn, der elsker at lave mad og opdage verden. S\u00e6ttet kombinerer over 9 forskellige funktioner, der udvikler kreativiteten og l\u00e6rer b\u00f8rnene hverdagens aktiviteter gennem leg. Perfekt til b\u00f8rnev\u00e6relset, legerummet eller vuggestuen.<\/p>\n<p>Funktioner:<\/p>\n<p>* &#8211; Leget\u00f8j til b\u00f8rn fra 3 \u00e5r<br \/>\n* &#8211; Forsiden af k\u00f8kkenet er et veludstyret madlavningsomr\u00e5de med realistiske detaljer. Her finder du en kaffemaskine, mikroovn, vask, ovn, opvaskemaskine og induktionskomfur, som garanterer masser af sjov for b\u00f8rnene<br \/>\n* &#8211; P\u00e5 siden af k\u00f8kkenet er der en vaskemaskine med en vasket\u00f8jskurv. Dette er en fantastisk mulighed for at udvikle uafh\u00e6ngighed og forst\u00e5else for hverdagens ritualer<br \/>\n* &#8211; Bagsiden af s\u00e6ttet har en tavle og et farverigt verdenskort, der inspirerer til tegning, l\u00e6ring og udforskning af kontinenter og kulturer<br \/>\n* &#8211; Interaktive elementer: lys og lyde i induktionskogepladen og lys i mikrob\u00f8lgeovnen<br \/>\n* &#8211; Justerbar k\u00f8kkenh\u00f8jde<br \/>\n* &#8211; Batterier medf\u00f8lger ikke<\/p>\n<p>S\u00e6ttet indeholder:<\/p>\n<p>* &#8211; K\u00f8kken med mikroovn, ovn, opvaskemaskine, vaskemaskine og kaffemaskine<br \/>\n* &#8211; Vasket\u00f8jskurv monteret under vaskemaskinen<br \/>\n* &#8211; 4 tallerkener<br \/>\n* &#8211; Krus, gryde, stegepande, spatel og gaffel<br \/>\n* &#8211; Forkl\u00e6de og kokkehue<br \/>\n* &#8211; Tavle og verdenskort<br \/>\n* &#8211; Kort med billeder af forskellige typer affald, der passer perfekt i de udtr\u00e6kkelige skraldespande i k\u00f8kkenet<\/p>\n<p>Leget\u00f8jet udvikler:<\/p>\n<p>* &#8211; Fantasi og kreativitet \u2013 b\u00f8rnene skaber deres egne retter, finder p\u00e5 opskrifter og laver m\u00e5ltider baseret p\u00e5 deres egne ideer. Dette udvikler kreativ t\u00e6nkning og l\u00e6rer dem, at der ikke er \u00e9n &#8220;rigtig&#8221; l\u00f8sning, og at mangfoldighed i ideer er v\u00e6rdifuldt.<br \/>\n* &#8211; Manuelle f\u00e6rdigheder \u2013 madlavning er god tr\u00e6ning for sm\u00e5 h\u00e6nder \u2013 alt dette hj\u00e6lper med at udvikle pr\u00e6cise bev\u00e6gelser og h\u00e5nd-\u00f8je-koordination. Dette er meget vigtigt, is\u00e6r i de tidlige udviklingsstadier, da det underst\u00f8tter de f\u00e6rdigheder, der senere er n\u00f8dvendige for at skrive, tegne og andre daglige aktiviteter.* &#8211; Koncentration \u2013 denne aktivitet l\u00e6rer t\u00e5lmodighed og konsekvens og udvikler ogs\u00e5 evnen til at fokusere p\u00e5 en aktivitet i lang tid \u2013 hvilket er v\u00e6rdifuldt b\u00e5de i leg og i skoleundervisningen.<\/p>\n","protected":false},"excerpt":{"rendered":"<p>Tr\u00e6k\u00f8kken 9-i-1 til b\u00f8rn Woopie Green Det multifunktionelle k\u00f8kkens\u00e6t fra Woopie Green er et tr\u00e6k\u00f8kken designet til sm\u00e5 b\u00f8rn, der elsker at lave mad og opdage verden. S\u00e6ttet kombinerer over 9 forskellige funktioner, der udvikler kreativiteten og l\u00e6rer b\u00f8rnene hverdagens aktiviteter gennem leg. Perfekt til b\u00f8rnev\u00e6relset, legerummet eller vuggestuen. Funktioner: * &#8211; Leget\u00f8j til b\u00f8rn [&hellip;]<\/p>\n","protected":false},"featured_media":0,"comment_status":"open","ping_status":"closed","template":"","meta":[],"product_brand":[],"product_cat":[31],"product_tag":[],"class_list":{"0":"post-27399","1":"product","2":"type-product","3":"status-publish","5":"product_cat-uncategorized-da","7":"first","8":"instock","9":"shipping-taxable","10":"purchasable","11":"product-type-simple"},"_links":{"self":[{"href":"https:\/\/nordicmart.andreevmaster.com\/da\/wp-json\/wp\/v2\/product\/27399","targetHints":{"allow":["GET"]}}],"collection":[{"href":"https:\/\/nordicmart.andreevmaster.com\/da\/wp-json\/wp\/v2\/product"}],"about":[{"href":"https:\/\/nordicmart.andreevmaster.com\/da\/wp-json\/wp\/v2\/types\/product"}],"replies":[{"embeddable":true,"href":"https:\/\/nordicmart.andreevmaster.com\/da\/wp-json\/wp\/v2\/comments?post=27399"}],"wp:attachment":[{"href":"https:\/\/nordicmart.andreevmaster.com\/da\/wp-json\/wp\/v2\/media?parent=27399"}],"wp:term":[{"taxonomy":"product_brand","embeddable":true,"href":"https:\/\/nordicmart.andreevmaster.com\/da\/wp-json\/wp\/v2\/product_brand?post=27399"},{"taxonomy":"product_cat","embeddable":true,"href":"https:\/\/nordicmart.andreevmaster.com\/da\/wp-json\/wp\/v2\/product_cat?post=27399"},{"taxonomy":"product_tag","embeddable":true,"href":"https:\/\/nordicmart.andreevmaster.com\/da\/wp-json\/wp\/v2\/product_tag?post=27399"}],"curies":[{"name":"wp","href":"https:\/\/api.w.org\/{rel}","templated":true}]}}