{"id":27398,"date":"2026-02-27T00:36:49","date_gmt":"2026-02-27T00:36:49","guid":{"rendered":"https:\/\/nordicmart.andreevmaster.com\/product\/woopie-sensorisk-ortopaedisk-puslespilsmatte-6-dele\/"},"modified":"2026-02-27T09:15:24","modified_gmt":"2026-02-27T09:15:24","slug":"woopie-sensorisk-ortopaedisk-puslespilsmatte-6-dele","status":"publish","type":"product","link":"https:\/\/nordicmart.andreevmaster.com\/da\/vare\/woopie-sensorisk-ortopaedisk-puslespilsmatte-6-dele\/","title":{"rendered":"WOOPIE Sensorisk ortop\u00e6disk puslespilsm\u00e5tte, 6 dele"},"content":{"rendered":"<p>Denne sensoriske m\u00e5tte, anbefalet af Woopie-m\u00e6rket, har fremragende ortop\u00e6diske egenskaber og er essentiel for at st\u00f8tte dit barns udvikling. Derudover kan den v\u00e6re rigtig sjov for b\u00f8rn, der elsker at g\u00e5 barfodet. S\u00e6ttet har 6 elementer\/puslespil med forskellige typer h\u00e5rde og bl\u00f8de strukturer, der supplerer hinanden perfekt. Det best\u00e5r af overflader, der styrker kernen og sikrer balance og stabilitet under tr\u00e6ningen. En yderligere fordel er styrkelsen af anklerne og de indre muskler, hvilket hj\u00e6lper med at opn\u00e5 en korrekt kropsholdning. S\u00e6ttet er et perfekt supplement til andre s\u00e6t i denne serie.<\/p>\n<p>Brug af m\u00e5tten stimulerer sanserne, masserer f\u00f8dderne og reducerer forekomsten af platf\u00f8dder. M\u00e5tterne p\u00e5virker ogs\u00e5 barnets sensoriske integration, dvs. evnen til at f\u00f8le og reagere p\u00e5 information fra kroppen og omgivelserne. M\u00e5tten giver dit barn mulighed for at have det sjovt med op til 19 \u00f8velser (herunder: &#8220;solhilsen&#8221;, &#8220;lille soldat&#8221;, &#8220;hinkesten&#8221; og &#8220;lille geni&#8221;).<\/p>\n<p>Egenskaber:<\/p>\n<p>* &#8211; sensorisk, ortop\u00e6disk m\u00e5tte, der kan arrangeres som et puslespil<br \/>\n* &#8211; h\u00e5rde og bl\u00f8de overflader med forskellige funktioner og strukturer<br \/>\n* &#8211; sundhed og sjov<br \/>\n* &#8211; til b\u00f8rn, der elsker at g\u00e5 barfodet<\/p>\n<p>Fordele og funktion:<\/p>\n<p>* &#8211; styrker kernen og sikrer balance og stabilitet under tr\u00e6ningen<br \/>\n* &#8211; styrker anklerne og de indre muskler, hvilket hj\u00e6lper med at opretholde en korrekt kropsholdning<br \/>\n* &#8211; stimulerer sanserne, masserer f\u00f8dderne og reducerer platf\u00f8dder<br \/>\n* &#8211; p\u00e5virker barnets sensoriske integration, dvs. evnen til at f\u00f8le og reagere p\u00e5 information fra kroppen og omgivelserne<\/p>\n<p>Elementer:<\/p>\n<p>* &#8211; 1x h\u00e5rd sten<br \/>\n* &#8211; 1x bl\u00f8de skaller<br \/>\n* &#8211; 1x bl\u00f8de fremspring<br \/>\n* &#8211; 1x h\u00e5rdt gr\u00e6s<br \/>\n* &#8211; 1x h\u00e5rd eng<br \/>\n* &#8211; 1x h\u00e5rdt \u00e6g<br \/>\n* &#8211; 1x h\u00e5rd tr\u00e6stamme<br \/>\n* &#8211; 1x h\u00e5rdt gr\u00e6s (mini)<br \/>\n* &#8211; 1x bl\u00f8d eng (mini)<br \/>\n* &#8211; 1x h\u00e5rd snegl (mini)<br \/>\n* &#8211; 1x bl\u00f8de skaller (mini)<\/p>\n<p>## S\u00e6ttet er et perfekt supplement til andre s\u00e6t i denne serie.<\/p>\n<p>## S\u00e6ttet kan kombineres for at skabe et st\u00f8rre areal.<\/p>\n","protected":false},"excerpt":{"rendered":"<p>Denne sensoriske m\u00e5tte, anbefalet af Woopie-m\u00e6rket, har fremragende ortop\u00e6diske egenskaber og er essentiel for at st\u00f8tte dit barns udvikling. Derudover kan den v\u00e6re rigtig sjov for b\u00f8rn, der elsker at g\u00e5 barfodet. S\u00e6ttet har 6 elementer\/puslespil med forskellige typer h\u00e5rde og bl\u00f8de strukturer, der supplerer hinanden perfekt. Det best\u00e5r af overflader, der styrker kernen og [&hellip;]<\/p>\n","protected":false},"featured_media":0,"comment_status":"open","ping_status":"closed","template":"","meta":[],"product_brand":[],"product_cat":[31],"product_tag":[],"class_list":{"0":"post-27398","1":"product","2":"type-product","3":"status-publish","5":"product_cat-uncategorized-da","7":"first","8":"instock","9":"shipping-taxable","10":"purchasable","11":"product-type-simple"},"_links":{"self":[{"href":"https:\/\/nordicmart.andreevmaster.com\/da\/wp-json\/wp\/v2\/product\/27398","targetHints":{"allow":["GET"]}}],"collection":[{"href":"https:\/\/nordicmart.andreevmaster.com\/da\/wp-json\/wp\/v2\/product"}],"about":[{"href":"https:\/\/nordicmart.andreevmaster.com\/da\/wp-json\/wp\/v2\/types\/product"}],"replies":[{"embeddable":true,"href":"https:\/\/nordicmart.andreevmaster.com\/da\/wp-json\/wp\/v2\/comments?post=27398"}],"wp:attachment":[{"href":"https:\/\/nordicmart.andreevmaster.com\/da\/wp-json\/wp\/v2\/media?parent=27398"}],"wp:term":[{"taxonomy":"product_brand","embeddable":true,"href":"https:\/\/nordicmart.andreevmaster.com\/da\/wp-json\/wp\/v2\/product_brand?post=27398"},{"taxonomy":"product_cat","embeddable":true,"href":"https:\/\/nordicmart.andreevmaster.com\/da\/wp-json\/wp\/v2\/product_cat?post=27398"},{"taxonomy":"product_tag","embeddable":true,"href":"https:\/\/nordicmart.andreevmaster.com\/da\/wp-json\/wp\/v2\/product_tag?post=27398"}],"curies":[{"name":"wp","href":"https:\/\/api.w.org\/{rel}","templated":true}]}}