{"id":27397,"date":"2026-02-27T00:36:49","date_gmt":"2026-02-27T00:36:49","guid":{"rendered":"https:\/\/nordicmart.andreevmaster.com\/product\/woopie-royal-barnevogn-dukkevogn-farverige-hjerter\/"},"modified":"2026-02-27T09:15:23","modified_gmt":"2026-02-27T09:15:23","slug":"woopie-royal-barnevogn-dukkevogn-farverige-hjerter","status":"publish","type":"product","link":"https:\/\/nordicmart.andreevmaster.com\/da\/vare\/woopie-royal-barnevogn-dukkevogn-farverige-hjerter\/","title":{"rendered":"WOOPIE ROYAL Barnevogn Dukkevogn Farverige hjerter"},"content":{"rendered":"<p>Woopie dukkevognen er det perfekte valg til alle sm\u00e5 piger, der elsker at lege mor, far og b\u00f8rn. Den har en let, men meget stabil ramme, der sikrer komfort og sikkerhed under brug. Den er udstyret med fodst\u00f8tte, solsk\u00e6rm, sikkerhedsseler og en praktisk kurv til sm\u00e5ting, hvilket garanterer fuld funktionalitet og komfort. Derudover har den et bl\u00f8dt h\u00e5ndtag, der g\u00f8r den nem at styre, og stille, skridsikre skumhjul, der er ideelle til b\u00e5de brug i hjemmet og udend\u00f8rs. N\u00e5r legetiden er slut, kan klapvognen nemt foldes sammen for at spare opbevaringsplads. Det stilfulde design g\u00f8r den til et unikt tilbeh\u00f8r til enhver dukke. <\/p>\n<p>Funktioner: <\/p>\n<p>* &#8211; klapvogn designet til b\u00f8rn fra 3 \u00e5r<br \/>\n* &#8211; elegant design<br \/>\n* &#8211; Let og robust stel<br \/>\n* &#8211; sammenklappelig kaleche<br \/>\n* &#8211; bl\u00f8dt skumh\u00e5ndtag<br \/>\n* &#8211; fodst\u00f8tte<br \/>\n* &#8211; kurv til sm\u00e5 genstande<br \/>\n* &#8211; sikkerhedsseler<br \/>\n* &#8211; st\u00f8jsvage skumhjul<br \/>\n* &#8211; aftageligt stof til vask<\/p>\n<p>M\u00c5L:<\/p>\n<p>&#8211; Maks. h\u00e5ndtagsh\u00f8jde: 67 cm<\/p>\n<p>&#8211; Min. h\u00e5ndtagsh\u00f8jde: 38 cm<\/p>\n<p>&#8211; Barnevognsbredde: 50 cm<\/p>\n<p>&#8211; H\u00e5ndtagsbredde: 30 cm<\/p>\n<p>&#8211; S\u00e6dem\u00e5l: 25 x 23 cm \/ udfoldet: 41 cm<\/p>\n","protected":false},"excerpt":{"rendered":"<p>Woopie dukkevognen er det perfekte valg til alle sm\u00e5 piger, der elsker at lege mor, far og b\u00f8rn. Den har en let, men meget stabil ramme, der sikrer komfort og sikkerhed under brug. Den er udstyret med fodst\u00f8tte, solsk\u00e6rm, sikkerhedsseler og en praktisk kurv til sm\u00e5ting, hvilket garanterer fuld funktionalitet og komfort. Derudover har den [&hellip;]<\/p>\n","protected":false},"featured_media":0,"comment_status":"open","ping_status":"closed","template":"","meta":[],"product_brand":[],"product_cat":[31],"product_tag":[],"class_list":{"0":"post-27397","1":"product","2":"type-product","3":"status-publish","5":"product_cat-uncategorized-da","7":"first","8":"instock","9":"shipping-taxable","10":"purchasable","11":"product-type-simple"},"_links":{"self":[{"href":"https:\/\/nordicmart.andreevmaster.com\/da\/wp-json\/wp\/v2\/product\/27397","targetHints":{"allow":["GET"]}}],"collection":[{"href":"https:\/\/nordicmart.andreevmaster.com\/da\/wp-json\/wp\/v2\/product"}],"about":[{"href":"https:\/\/nordicmart.andreevmaster.com\/da\/wp-json\/wp\/v2\/types\/product"}],"replies":[{"embeddable":true,"href":"https:\/\/nordicmart.andreevmaster.com\/da\/wp-json\/wp\/v2\/comments?post=27397"}],"wp:attachment":[{"href":"https:\/\/nordicmart.andreevmaster.com\/da\/wp-json\/wp\/v2\/media?parent=27397"}],"wp:term":[{"taxonomy":"product_brand","embeddable":true,"href":"https:\/\/nordicmart.andreevmaster.com\/da\/wp-json\/wp\/v2\/product_brand?post=27397"},{"taxonomy":"product_cat","embeddable":true,"href":"https:\/\/nordicmart.andreevmaster.com\/da\/wp-json\/wp\/v2\/product_cat?post=27397"},{"taxonomy":"product_tag","embeddable":true,"href":"https:\/\/nordicmart.andreevmaster.com\/da\/wp-json\/wp\/v2\/product_tag?post=27397"}],"curies":[{"name":"wp","href":"https:\/\/api.w.org\/{rel}","templated":true}]}}