{"id":27396,"date":"2026-02-27T00:36:49","date_gmt":"2026-02-27T00:36:49","guid":{"rendered":"https:\/\/nordicmart.andreevmaster.com\/product\/woopie-royal-dukkevogn-justerbart-saede-4-hjul\/"},"modified":"2026-02-27T09:15:23","modified_gmt":"2026-02-27T09:15:23","slug":"woopie-royal-dukkevogn-justerbart-saede-4-hjul","status":"publish","type":"product","link":"https:\/\/nordicmart.andreevmaster.com\/da\/vare\/woopie-royal-dukkevogn-justerbart-saede-4-hjul\/","title":{"rendered":"WOOPIE ROYAL Dukkevogn Justerbart s\u00e6de 4 hjul"},"content":{"rendered":"<p>Denne stilfulde og funktionelle dukkevogn fra WOOPIE er den perfekte gave til enhver lille pige, der elsker at lege med dukker. Takket v\u00e6re det justerbare s\u00e6de kan den nemt tilpasses forskellige legebehov, s\u00e5 dit barn kan transportere sine yndlingsdukker. De drejelige forhjul sikrer j\u00e6vn styring, og den robuste konstruktion giver stabilitet under g\u00e5ture. Barnevognen er udstyret med et bl\u00f8dt, behageligt h\u00e5ndtag og en rummelig kurv til tilbeh\u00f8r, der kan rumme alle de sm\u00e5 ting, der er n\u00f8dvendige for at lege. Den sammenklappelige kaleche beskytter dukkerne mod &#8220;solen&#8221;, og det kompakte design g\u00f8r barnevognen nem at opbevare, n\u00e5r legetiden er slut. <\/p>\n<p>Funktioner: <\/p>\n<p>* &#8211; Designet til b\u00f8rn op til 130 cm h\u00f8jde<br \/>\n* &#8211; Velegnet til dukker op til 55 cm h\u00f8jde<br \/>\n* &#8211; 360\u00b0 drejelige hjul for nem man\u00f8vrering<br \/>\n* &#8211; Justerbart s\u00e6de og h\u00e5ndtag<br \/>\n* &#8211; Stofkurv under s\u00e6det til tilbeh\u00f8r<br \/>\n* &#8211; Let og stabil ramme<br \/>\n* &#8211; Barnevognen kan rumme dukker op til 55 cm h\u00f8je<\/p>\n<p>At lege med dukker udvikler:<\/p>\n<p>* &#8211; Sociale f\u00e6rdigheder<br \/>\n* &#8211; Kreativitet og fantasi<br \/>\n* &#8211; Empati og ansvarsf\u00f8lelse<\/p>\n","protected":false},"excerpt":{"rendered":"<p>Denne stilfulde og funktionelle dukkevogn fra WOOPIE er den perfekte gave til enhver lille pige, der elsker at lege med dukker. Takket v\u00e6re det justerbare s\u00e6de kan den nemt tilpasses forskellige legebehov, s\u00e5 dit barn kan transportere sine yndlingsdukker. De drejelige forhjul sikrer j\u00e6vn styring, og den robuste konstruktion giver stabilitet under g\u00e5ture. Barnevognen er [&hellip;]<\/p>\n","protected":false},"featured_media":0,"comment_status":"open","ping_status":"closed","template":"","meta":[],"product_brand":[],"product_cat":[31],"product_tag":[],"class_list":{"0":"post-27396","1":"product","2":"type-product","3":"status-publish","5":"product_cat-uncategorized-da","7":"first","8":"instock","9":"shipping-taxable","10":"purchasable","11":"product-type-simple"},"_links":{"self":[{"href":"https:\/\/nordicmart.andreevmaster.com\/da\/wp-json\/wp\/v2\/product\/27396","targetHints":{"allow":["GET"]}}],"collection":[{"href":"https:\/\/nordicmart.andreevmaster.com\/da\/wp-json\/wp\/v2\/product"}],"about":[{"href":"https:\/\/nordicmart.andreevmaster.com\/da\/wp-json\/wp\/v2\/types\/product"}],"replies":[{"embeddable":true,"href":"https:\/\/nordicmart.andreevmaster.com\/da\/wp-json\/wp\/v2\/comments?post=27396"}],"wp:attachment":[{"href":"https:\/\/nordicmart.andreevmaster.com\/da\/wp-json\/wp\/v2\/media?parent=27396"}],"wp:term":[{"taxonomy":"product_brand","embeddable":true,"href":"https:\/\/nordicmart.andreevmaster.com\/da\/wp-json\/wp\/v2\/product_brand?post=27396"},{"taxonomy":"product_cat","embeddable":true,"href":"https:\/\/nordicmart.andreevmaster.com\/da\/wp-json\/wp\/v2\/product_cat?post=27396"},{"taxonomy":"product_tag","embeddable":true,"href":"https:\/\/nordicmart.andreevmaster.com\/da\/wp-json\/wp\/v2\/product_tag?post=27396"}],"curies":[{"name":"wp","href":"https:\/\/api.w.org\/{rel}","templated":true}]}}