{"id":27395,"date":"2026-02-27T00:36:48","date_gmt":"2026-02-27T00:36:48","guid":{"rendered":"https:\/\/nordicmart.andreevmaster.com\/product\/woopie-royal-4-i-1-dukkevogn-med-justerbar-handtag\/"},"modified":"2026-02-27T09:15:23","modified_gmt":"2026-02-27T09:15:23","slug":"woopie-royal-4-i-1-dukkevogn-med-justerbar-handtag","status":"publish","type":"product","link":"https:\/\/nordicmart.andreevmaster.com\/da\/vare\/woopie-royal-4-i-1-dukkevogn-med-justerbar-handtag\/","title":{"rendered":"WOOPIE ROYAL 4-i-1 dukkevogn med justerbar h\u00e5ndtag"},"content":{"rendered":"<p>Denne stilfulde og funktionelle dukkevogn fra WOOPIE ROYAL i pink er det perfekte valg til alle sm\u00e5 piger, der elsker at lege med dukker! Vognen har et justerbart h\u00e5ndtag, som g\u00f8r det muligt at tilpasse den til barnets h\u00f8jde. De st\u00f8jsvage hjul garanterer j\u00e6vn k\u00f8rsel, og den stabile konstruktion sikrer sikker leg. Derudover kan vognen omdannes til en klapvogn, og takket v\u00e6re den aftagelige del kan den ogs\u00e5 bruges som b\u00e6resele eller taske. Vognen har en kaleche, der kan udvides og lukkes, samt en rummelig kurv til sm\u00e5ting.<\/p>\n<p>Egenskaber:<\/p>\n<p>* &#8211; Leget\u00f8j til b\u00f8rn fra 3 \u00e5r<br \/>\n* &#8211; Justerbart h\u00e5ndtag \u2013 klapvognen kan nemt tilpasses barnets h\u00f8jde<br \/>\n* &#8211; Foldbar kaleche og stel<br \/>\n* &#8211; 3-i-1 klapvogn \u2013 klapvogn, barnevogn, b\u00e6resele<br \/>\n* &#8211; Let, men stabil konstruktion<\/p>\n<p>At lege med dukker udvikler:<\/p>\n<p>* &#8211; Sociale f\u00e6rdigheder<br \/>\n* &#8211; Kreativitet og fantasi<br \/>\n* &#8211; Empati og ansvarsf\u00f8lelse<\/p>\n","protected":false},"excerpt":{"rendered":"<p>Denne stilfulde og funktionelle dukkevogn fra WOOPIE ROYAL i pink er det perfekte valg til alle sm\u00e5 piger, der elsker at lege med dukker! Vognen har et justerbart h\u00e5ndtag, som g\u00f8r det muligt at tilpasse den til barnets h\u00f8jde. De st\u00f8jsvage hjul garanterer j\u00e6vn k\u00f8rsel, og den stabile konstruktion sikrer sikker leg. Derudover kan vognen [&hellip;]<\/p>\n","protected":false},"featured_media":0,"comment_status":"open","ping_status":"closed","template":"","meta":[],"product_brand":[],"product_cat":[31],"product_tag":[],"class_list":{"0":"post-27395","1":"product","2":"type-product","3":"status-publish","5":"product_cat-uncategorized-da","7":"first","8":"instock","9":"shipping-taxable","10":"purchasable","11":"product-type-simple"},"_links":{"self":[{"href":"https:\/\/nordicmart.andreevmaster.com\/da\/wp-json\/wp\/v2\/product\/27395","targetHints":{"allow":["GET"]}}],"collection":[{"href":"https:\/\/nordicmart.andreevmaster.com\/da\/wp-json\/wp\/v2\/product"}],"about":[{"href":"https:\/\/nordicmart.andreevmaster.com\/da\/wp-json\/wp\/v2\/types\/product"}],"replies":[{"embeddable":true,"href":"https:\/\/nordicmart.andreevmaster.com\/da\/wp-json\/wp\/v2\/comments?post=27395"}],"wp:attachment":[{"href":"https:\/\/nordicmart.andreevmaster.com\/da\/wp-json\/wp\/v2\/media?parent=27395"}],"wp:term":[{"taxonomy":"product_brand","embeddable":true,"href":"https:\/\/nordicmart.andreevmaster.com\/da\/wp-json\/wp\/v2\/product_brand?post=27395"},{"taxonomy":"product_cat","embeddable":true,"href":"https:\/\/nordicmart.andreevmaster.com\/da\/wp-json\/wp\/v2\/product_cat?post=27395"},{"taxonomy":"product_tag","embeddable":true,"href":"https:\/\/nordicmart.andreevmaster.com\/da\/wp-json\/wp\/v2\/product_tag?post=27395"}],"curies":[{"name":"wp","href":"https:\/\/api.w.org\/{rel}","templated":true}]}}