{"id":27393,"date":"2026-02-27T00:36:48","date_gmt":"2026-02-27T00:36:48","guid":{"rendered":"https:\/\/nordicmart.andreevmaster.com\/product\/woopie-green-stor-multifunktionel-butik-5-i-1-markedsbod-supermarked-restaurant-cafe-kokken-73-stk\/"},"modified":"2026-02-27T09:15:23","modified_gmt":"2026-02-27T09:15:23","slug":"woopie-green-stor-multifunktionel-butik-5-i-1-markedsbod-supermarked-restaurant-cafe-kokken-73-stk","status":"publish","type":"product","link":"https:\/\/nordicmart.andreevmaster.com\/da\/vare\/woopie-green-stor-multifunktionel-butik-5-i-1-markedsbod-supermarked-restaurant-cafe-kokken-73-stk\/","title":{"rendered":"WOOPIE GREEN Stor multifunktionel butik 5-i-1 Markedsbod Supermarked Restaurant Caf\u00e9 K\u00f8kken 73 stk."},"content":{"rendered":"<p>WOOPIE GREEN Tr\u00e6butik &#8211; Velkommen til en verden fuld af sjov og shopping!<\/p>\n<p>WOOPIE GREEN Tr\u00e6butik er et fantastisk leget\u00f8j, der giver b\u00f8rn mulighed for at lege interaktivt i en butik og udvikle vigtige livsf\u00e6rdigheder. Denne store, farverige bod vil give timevis af kreativ og l\u00e6rerig underholdning. S\u00e6ttet indeholder 73 elementer, herunder v\u00e6gt, f\u00f8devarer, en kortl\u00e6ser og en tavle, hvor du kan skrive dagens tilbud! Ved at lege butik udvikler b\u00f8rn sociale, matematiske og organisatoriske f\u00e6rdigheder og har det sjovt med at l\u00e6re gennem rollespil. Alt er lavet af sikkert tr\u00e6 og malet med giftfri maling.<\/p>\n<p>Funktioner:<\/p>\n<p>* &#8211; Leget\u00f8j beregnet til b\u00f8rn fra 3 \u00e5r<br \/>\n* &#8211; Lavet af tr\u00e6, malet med sikker vandbaseret maling<br \/>\n* &#8211; Tavle til at skrive tilbud eller priser p\u00e5<br \/>\n* &#8211; Realistisk udseende \u2013 perfekt til at lege butik eller madvogn<br \/>\n* &#8211; Milj\u00f8venligt produkt fra WOOPIE GREEN-serien<\/p>\n<p>S\u00e6ttet indeholder:<\/p>\n<p>* &#8211; Tavle til at skrive p\u00e5<br \/>\n* &#8211; 73 elementer, herunder: v\u00e6gt, kortl\u00e6ser, f\u00f8devarer, kasser<br \/>\n* &#8211; Fremstillet af tr\u00e6, malet med giftfri maling<br \/>\n* &#8211; Dele, der er ideelle til at l\u00e6re at sortere, t\u00e6lle og rollespille<\/p>\n<p>Leget\u00f8jet udvikler:<\/p>\n<p>* &#8211; Kreativitet \u2013 b\u00f8rnene skaber deres egne indk\u00f8bsscenarier, beslutter, hvad der er p\u00e5 tilbud i dag, og hvad der skal genopfyldes i butikken. Fri leg stimulerer kreativ t\u00e6nkning og initiativ<br \/>\n* &#8211; Fantasi \u2013 at spille rollen som s\u00e6lger eller kunde hj\u00e6lper b\u00f8rn med at forst\u00e5 hverdagssituationer og udvikler \u00e5rsag-virkning-t\u00e6nkning<br \/>\n* &#8211; Manuelle f\u00e6rdigheder \u2013 h\u00e5ndtering af v\u00e6gte, kort og f\u00f8devarer styrker h\u00e5nd- og fingerf\u00e6rdighed, hvilket er vigtigt for udviklingen af finmotorik.* &#8211; Koncentration \u2013 at t\u00e6lle, veje, arrangere produkter p\u00e5 hylder og sortere dem er aktiviteter, der tr\u00e6ner fokus og t\u00e5lmodighed<br \/>\n* &#8211; Sociale f\u00e6rdigheder \u2013 at lege med j\u00e6vnaldrende l\u00e6rer b\u00f8rnene kommunikation, samarbejde, deling og at spille forskellige sociale roller<\/p>\n","protected":false},"excerpt":{"rendered":"<p>WOOPIE GREEN Tr\u00e6butik &#8211; Velkommen til en verden fuld af sjov og shopping! WOOPIE GREEN Tr\u00e6butik er et fantastisk leget\u00f8j, der giver b\u00f8rn mulighed for at lege interaktivt i en butik og udvikle vigtige livsf\u00e6rdigheder. Denne store, farverige bod vil give timevis af kreativ og l\u00e6rerig underholdning. S\u00e6ttet indeholder 73 elementer, herunder v\u00e6gt, f\u00f8devarer, en [&hellip;]<\/p>\n","protected":false},"featured_media":0,"comment_status":"open","ping_status":"closed","template":"","meta":[],"product_brand":[],"product_cat":[31],"product_tag":[],"class_list":{"0":"post-27393","1":"product","2":"type-product","3":"status-publish","5":"product_cat-uncategorized-da","7":"first","8":"instock","9":"shipping-taxable","10":"purchasable","11":"product-type-simple"},"_links":{"self":[{"href":"https:\/\/nordicmart.andreevmaster.com\/da\/wp-json\/wp\/v2\/product\/27393","targetHints":{"allow":["GET"]}}],"collection":[{"href":"https:\/\/nordicmart.andreevmaster.com\/da\/wp-json\/wp\/v2\/product"}],"about":[{"href":"https:\/\/nordicmart.andreevmaster.com\/da\/wp-json\/wp\/v2\/types\/product"}],"replies":[{"embeddable":true,"href":"https:\/\/nordicmart.andreevmaster.com\/da\/wp-json\/wp\/v2\/comments?post=27393"}],"wp:attachment":[{"href":"https:\/\/nordicmart.andreevmaster.com\/da\/wp-json\/wp\/v2\/media?parent=27393"}],"wp:term":[{"taxonomy":"product_brand","embeddable":true,"href":"https:\/\/nordicmart.andreevmaster.com\/da\/wp-json\/wp\/v2\/product_brand?post=27393"},{"taxonomy":"product_cat","embeddable":true,"href":"https:\/\/nordicmart.andreevmaster.com\/da\/wp-json\/wp\/v2\/product_cat?post=27393"},{"taxonomy":"product_tag","embeddable":true,"href":"https:\/\/nordicmart.andreevmaster.com\/da\/wp-json\/wp\/v2\/product_tag?post=27393"}],"curies":[{"name":"wp","href":"https:\/\/api.w.org\/{rel}","templated":true}]}}