{"id":27392,"date":"2026-02-27T00:36:47","date_gmt":"2026-02-27T00:36:47","guid":{"rendered":"https:\/\/nordicmart.andreevmaster.com\/product\/woopie-green-traebord-til-laering-musikalsk-sensorisk-labyrint-5-i-1\/"},"modified":"2026-02-27T09:15:22","modified_gmt":"2026-02-27T09:15:22","slug":"woopie-green-traebord-til-laering-musikalsk-sensorisk-labyrint-5-i-1","status":"publish","type":"product","link":"https:\/\/nordicmart.andreevmaster.com\/da\/vare\/woopie-green-traebord-til-laering-musikalsk-sensorisk-labyrint-5-i-1\/","title":{"rendered":"WOOPIE GREEN Tr\u00e6bord til l\u00e6ring Musikalsk sensorisk labyrint 5-i-1"},"content":{"rendered":"<p>WOOPIE GREEN aktivitetsbord \u2013 Sjov, der udvikler!<\/p>\n<p>WOOPIE GREEN aktivitetsbordet er et unikt leget\u00f8j, der kombinerer l\u00e6ring med underholdning og underst\u00f8tter dit barns alsidige udvikling. Takket v\u00e6re brugen af Montessori-elementer kan de sm\u00e5 udvikle deres motoriske f\u00e6rdigheder, logiske t\u00e6nkning og h\u00e5nd-\u00f8je-koordination, mens de leger p\u00e5 en m\u00e5de, der passer til deres alder. De smukke pastelfarver og det naturlige tr\u00e6 g\u00f8r bordet ikke kun visuelt tiltalende, men ogs\u00e5 sikkert og b\u00f8rnevenligt.<\/p>\n<p>Egenskaber:<\/p>\n<p>* &#8211; Leget\u00f8j beregnet til b\u00f8rn fra 18 m\u00e5neder<br \/>\n* &#8211; I\u00f8jnefaldende pastelfarver<br \/>\n* &#8211; Lavet af tr\u00e6, malet med sikker maling<br \/>\n* &#8211; Leget\u00f8j, der underst\u00f8tter motorisk og mental udvikling<br \/>\n* &#8211; Sikkert design \u2013 perfekt til sm\u00e5 h\u00e6nder<\/p>\n<p>Leget\u00f8jet udvikler:<\/p>\n<p>&#8211; H\u00e5nd-\u00f8je-koordination \u2013 Med en r\u00e6kke elementer, der kan flyttes og manipuleres, udvikler barnet visuelle f\u00e6rdigheder og pr\u00e6cision i bev\u00e6gelserne. De l\u00e6rer at f\u00f8lge genstandes bane, hvilket har en positiv effekt p\u00e5 kontrollen af deres h\u00e6nder<\/p>\n<p>&#8211; Manuelle f\u00e6rdigheder \u2013 Leg med bev\u00e6gelige perler eller cymbaler udvikler finmotorikken ved at \u00f8ve pr\u00e6cise h\u00e5nd- og fingerbev\u00e6gelser<\/p>\n<p>&#8211; Beh\u00e6ndighed \u2013 Daglige \u00f8velser med leget\u00f8jet underst\u00f8tter udviklingen af den generelle manuelle beh\u00e6ndighed og hj\u00e6lper barnet med at opn\u00e5 beh\u00e6ndighed og flydende bev\u00e6gelser<\/p>\n<p>&#8211; Logisk t\u00e6nkning og probleml\u00f8sning \u2013 At l\u00e6gge en bane til kugler eller matche elementer aktiverer analytiske f\u00e6rdigheder og logisk t\u00e6nkning, hvilket udvikler evnen til at l\u00f8se enkle g\u00e5der<\/p>\n<p>&#8211; Sensorisk stimulering \u2013 Lyden af cymbaler, plader og faldende kugler giver auditiv stimulering til dit barn, hvilket udvikler sensorisk perception og aktiverer f\u00f8le- og synssansen<\/p>\n<p>[img-127762-left-thickbox_default]<\/p>\n<p>[img-127760-left-thickbox_default]<\/p>\n<p>[img-127759-left-thickbox_default]<\/p>\n","protected":false},"excerpt":{"rendered":"<p>WOOPIE GREEN aktivitetsbord \u2013 Sjov, der udvikler! WOOPIE GREEN aktivitetsbordet er et unikt leget\u00f8j, der kombinerer l\u00e6ring med underholdning og underst\u00f8tter dit barns alsidige udvikling. Takket v\u00e6re brugen af Montessori-elementer kan de sm\u00e5 udvikle deres motoriske f\u00e6rdigheder, logiske t\u00e6nkning og h\u00e5nd-\u00f8je-koordination, mens de leger p\u00e5 en m\u00e5de, der passer til deres alder. De smukke pastelfarver [&hellip;]<\/p>\n","protected":false},"featured_media":0,"comment_status":"open","ping_status":"closed","template":"","meta":[],"product_brand":[],"product_cat":[31],"product_tag":[],"class_list":{"0":"post-27392","1":"product","2":"type-product","3":"status-publish","5":"product_cat-uncategorized-da","7":"first","8":"instock","9":"shipping-taxable","10":"purchasable","11":"product-type-simple"},"_links":{"self":[{"href":"https:\/\/nordicmart.andreevmaster.com\/da\/wp-json\/wp\/v2\/product\/27392","targetHints":{"allow":["GET"]}}],"collection":[{"href":"https:\/\/nordicmart.andreevmaster.com\/da\/wp-json\/wp\/v2\/product"}],"about":[{"href":"https:\/\/nordicmart.andreevmaster.com\/da\/wp-json\/wp\/v2\/types\/product"}],"replies":[{"embeddable":true,"href":"https:\/\/nordicmart.andreevmaster.com\/da\/wp-json\/wp\/v2\/comments?post=27392"}],"wp:attachment":[{"href":"https:\/\/nordicmart.andreevmaster.com\/da\/wp-json\/wp\/v2\/media?parent=27392"}],"wp:term":[{"taxonomy":"product_brand","embeddable":true,"href":"https:\/\/nordicmart.andreevmaster.com\/da\/wp-json\/wp\/v2\/product_brand?post=27392"},{"taxonomy":"product_cat","embeddable":true,"href":"https:\/\/nordicmart.andreevmaster.com\/da\/wp-json\/wp\/v2\/product_cat?post=27392"},{"taxonomy":"product_tag","embeddable":true,"href":"https:\/\/nordicmart.andreevmaster.com\/da\/wp-json\/wp\/v2\/product_tag?post=27392"}],"curies":[{"name":"wp","href":"https:\/\/api.w.org\/{rel}","templated":true}]}}