{"id":27391,"date":"2026-02-27T00:36:47","date_gmt":"2026-02-27T00:36:47","guid":{"rendered":"https:\/\/nordicmart.andreevmaster.com\/product\/woopie-xl-vandbord-vand-og-sandleg-37-stk\/"},"modified":"2026-02-27T09:15:22","modified_gmt":"2026-02-27T09:15:22","slug":"woopie-xl-vandbord-vand-og-sandleg-37-stk","status":"publish","type":"product","link":"https:\/\/nordicmart.andreevmaster.com\/da\/vare\/woopie-xl-vandbord-vand-og-sandleg-37-stk\/","title":{"rendered":"WOOPIE XL Vandbord Vand- og sandleg 37 stk."},"content":{"rendered":"<p>Dette unikke vandbord fra WOOPIE er den perfekte m\u00e5de at have det sjovt hele \u00e5ret rundt, uanset vejret. Det er ikke kun fantastisk underholdning p\u00e5 varme dage, men ogs\u00e5 en god m\u00e5de at bek\u00e6mpe kedsomhed p\u00e5, n\u00e5r det bliver koldere. Dette unikke bord har et avanceret 3-trins vandsystem, der helt sikkert vil begejstre alle b\u00f8rn! Sm\u00e5 opdagelsesrejsende kan bruge en vandkande til at h\u00e6lde vand i det \u00f8verste kammer og derefter se, hvordan vandfaldet l\u00f8ber ned i det nederste reservoir og s\u00e6tter vandhjulet i bev\u00e6gelse. Takket v\u00e6re det medf\u00f8lgende tilbeh\u00f8r kan dette bord ogs\u00e5 bruges til at lege med sand, b\u00e5de almindeligt og kinetisk, hvilket g\u00f8r det til et alsidigt leget\u00f8j til enhver lejlighed.<\/p>\n<p>Funktioner:<\/p>\n<p>* &#8211; Vand- og sandleget\u00f8j<br \/>\n* &#8211; 3-trins konstruktion<br \/>\n* &#8211; Multifunktionelt tilbeh\u00f8r inkluderet i s\u00e6ttet<br \/>\n* &#8211; Let at samle og skille ad<\/p>\n<p>S\u00e6ttet indeholder:<\/p>\n<p>* &#8211; 2 spande<br \/>\n* &#8211; Vandkande<br \/>\n* &#8211; 5 forme<br \/>\n* &#8211; Enkelt kv\u00e6rn<br \/>\n* &#8211; 5 sandtilbeh\u00f8r, f.eks. skovl, rive, sigte<br \/>\n* &#8211; Vandbord med tilbeh\u00f8r til samling<br \/>\n* &#8211; H\u00f8jstol<\/p>\n","protected":false},"excerpt":{"rendered":"<p>Dette unikke vandbord fra WOOPIE er den perfekte m\u00e5de at have det sjovt hele \u00e5ret rundt, uanset vejret. Det er ikke kun fantastisk underholdning p\u00e5 varme dage, men ogs\u00e5 en god m\u00e5de at bek\u00e6mpe kedsomhed p\u00e5, n\u00e5r det bliver koldere. Dette unikke bord har et avanceret 3-trins vandsystem, der helt sikkert vil begejstre alle b\u00f8rn! [&hellip;]<\/p>\n","protected":false},"featured_media":0,"comment_status":"open","ping_status":"closed","template":"","meta":[],"product_brand":[],"product_cat":[31],"product_tag":[],"class_list":{"0":"post-27391","1":"product","2":"type-product","3":"status-publish","5":"product_cat-uncategorized-da","7":"first","8":"instock","9":"shipping-taxable","10":"purchasable","11":"product-type-simple"},"_links":{"self":[{"href":"https:\/\/nordicmart.andreevmaster.com\/da\/wp-json\/wp\/v2\/product\/27391","targetHints":{"allow":["GET"]}}],"collection":[{"href":"https:\/\/nordicmart.andreevmaster.com\/da\/wp-json\/wp\/v2\/product"}],"about":[{"href":"https:\/\/nordicmart.andreevmaster.com\/da\/wp-json\/wp\/v2\/types\/product"}],"replies":[{"embeddable":true,"href":"https:\/\/nordicmart.andreevmaster.com\/da\/wp-json\/wp\/v2\/comments?post=27391"}],"wp:attachment":[{"href":"https:\/\/nordicmart.andreevmaster.com\/da\/wp-json\/wp\/v2\/media?parent=27391"}],"wp:term":[{"taxonomy":"product_brand","embeddable":true,"href":"https:\/\/nordicmart.andreevmaster.com\/da\/wp-json\/wp\/v2\/product_brand?post=27391"},{"taxonomy":"product_cat","embeddable":true,"href":"https:\/\/nordicmart.andreevmaster.com\/da\/wp-json\/wp\/v2\/product_cat?post=27391"},{"taxonomy":"product_tag","embeddable":true,"href":"https:\/\/nordicmart.andreevmaster.com\/da\/wp-json\/wp\/v2\/product_tag?post=27391"}],"curies":[{"name":"wp","href":"https:\/\/api.w.org\/{rel}","templated":true}]}}