{"id":27390,"date":"2026-02-27T00:36:47","date_gmt":"2026-02-27T00:36:47","guid":{"rendered":"https:\/\/nordicmart.andreevmaster.com\/product\/woopie-green-traebyggads-5-i-1-mobilkran-xxl-byggepladsbiler-13-stk-fsc\/"},"modified":"2026-02-27T09:15:22","modified_gmt":"2026-02-27T09:15:22","slug":"woopie-green-traebyggads-5-i-1-mobilkran-xxl-byggepladsbiler-13-stk-fsc","status":"publish","type":"product","link":"https:\/\/nordicmart.andreevmaster.com\/da\/vare\/woopie-green-traebyggads-5-i-1-mobilkran-xxl-byggepladsbiler-13-stk-fsc\/","title":{"rendered":"WOOPIE GREEN Tr\u00e6byggads 5-i-1 Mobilkran XXL Byggepladsbiler 13 stk. FSC"},"content":{"rendered":"<p>\u2b50 XXL 5-i-1 byggeplads \u2013 Bliv en lille ingeni\u00f8r med WOOPIE GREEN! \u2b50<\/p>\n<p>Den enorme 5-i-1 byggeplads fra WOOPIE GREEN er enhver lille bygningsarbejders dr\u00f8m! Dette omfattende s\u00e6t giver b\u00f8rn mulighed for at p\u00e5tage sig rollen som ingeni\u00f8r og gennemf\u00f8re et rigtigt mini-byggeprojekt \u2013 fra transport af materialer til betjening af en kran og gravemaskine. Det er ikke kun sjovt, men udvikler ogs\u00e5 motoriske f\u00e6rdigheder, logisk t\u00e6nkning og fantasi. S\u00e6ttet indeholder en k\u00e6mpe kran p\u00e5 42 cm, tre byggepladsbiler, en m\u00e5tte med en illustration af en byggeplads og andet realistisk tilbeh\u00f8r. Alle elementer er lavet af massivt eneb\u00e6rtr\u00e6 og malet med sikker maling. <\/p>\n<p>Egenskaber: <\/p>\n<p>* &#8211; leget\u00f8j til b\u00f8rn fra 3 \u00e5r<br \/>\n* &#8211; stort 5-i-1 bygges\u00e6t<br \/>\n* &#8211; XXL-kran (42 cm), der kan dreje 360\u00b0<br \/>\n* &#8211; bev\u00e6gelige elementer: kran, gravemaskine, betonblander, dumper<br \/>\n* &#8211; lavet af tr\u00e6 \u2013 sikkert, holdbart og attraktivt<br \/>\n* &#8211; ideelt til rollespil og l\u00e6ring gennem leg<\/p>\n<p>[img-123497-left-thickbox_default]<\/p>\n<p>S\u00e6ttet indeholder:<\/p>\n<p>* &#8211; XXL-kran (42 cm)<br \/>\n* &#8211; 3 entrepren\u00f8rk\u00f8ret\u00f8jer: dumper, betonblander, gravemaskine<br \/>\n* &#8211; 3 trafikkegler<br \/>\n* &#8211; 2 vejsp\u00e6rringer<br \/>\n* &#8211; platform med byggematerialer<br \/>\n* &#8211; m\u00e5tte med illustration af en byggeplads \u2013 giver b\u00f8rnene mulighed for at genskabe realistiske byggescenarier, hvilket stimulerer kreativiteten og muligg\u00f8r rollespil. B\u00f8rnene kan skabe deres egne byggeprojekter, hvilket underst\u00f8tter udviklingen af rumlig t\u00e6nkning.<\/p>\n<p>Leget\u00f8jet udvikler:<\/p>\n<p>* &#8211; fantasi og kreativitet \u2013 giver b\u00f8rnene mulighed for at genskabe realistiske byggescenarier, hvilket stimulerer kreativiteten og muligg\u00f8r rollespil. B\u00f8rnene kan skabe deres egne byggeprojekter, hvilket underst\u00f8tter udviklingen af rumlig t\u00e6nkning<br \/>\n* &#8211; interesser<br \/>\n* &#8211; stimulerer sanserne<br \/>\n* &#8211; finmotorik \u2013 de pr\u00e6cise bev\u00e6gelser, der kr\u00e6ves, n\u00e5r man drejer, l\u00f8fter og arrangerer elementer, hj\u00e6lper med at udvikle manuelle f\u00e6rdigheder og finmotorik<br \/>\n* &#8211; h\u00e5nd-\u00f8je-koordination<br \/>\n* &#8211; barnets kognitive funktioner \u2013 planl\u00e6gning af byggeri, styring af plads og analyse af tekniske muligheder udvikler logisk t\u00e6nkning og probleml\u00f8sningsf\u00e6rdigheder<br \/>\n* &#8211; selvtillid<\/p>\n<p>[img-123491-left-thickbox_default]<\/p>\n<p>[img-123492-left-thickbox_default]<\/p>\n","protected":false},"excerpt":{"rendered":"<p>\u2b50 XXL 5-i-1 byggeplads \u2013 Bliv en lille ingeni\u00f8r med WOOPIE GREEN! \u2b50 Den enorme 5-i-1 byggeplads fra WOOPIE GREEN er enhver lille bygningsarbejders dr\u00f8m! Dette omfattende s\u00e6t giver b\u00f8rn mulighed for at p\u00e5tage sig rollen som ingeni\u00f8r og gennemf\u00f8re et rigtigt mini-byggeprojekt \u2013 fra transport af materialer til betjening af en kran og gravemaskine. [&hellip;]<\/p>\n","protected":false},"featured_media":0,"comment_status":"open","ping_status":"closed","template":"","meta":[],"product_brand":[],"product_cat":[31],"product_tag":[],"class_list":{"0":"post-27390","1":"product","2":"type-product","3":"status-publish","5":"product_cat-uncategorized-da","7":"first","8":"instock","9":"shipping-taxable","10":"purchasable","11":"product-type-simple"},"_links":{"self":[{"href":"https:\/\/nordicmart.andreevmaster.com\/da\/wp-json\/wp\/v2\/product\/27390","targetHints":{"allow":["GET"]}}],"collection":[{"href":"https:\/\/nordicmart.andreevmaster.com\/da\/wp-json\/wp\/v2\/product"}],"about":[{"href":"https:\/\/nordicmart.andreevmaster.com\/da\/wp-json\/wp\/v2\/types\/product"}],"replies":[{"embeddable":true,"href":"https:\/\/nordicmart.andreevmaster.com\/da\/wp-json\/wp\/v2\/comments?post=27390"}],"wp:attachment":[{"href":"https:\/\/nordicmart.andreevmaster.com\/da\/wp-json\/wp\/v2\/media?parent=27390"}],"wp:term":[{"taxonomy":"product_brand","embeddable":true,"href":"https:\/\/nordicmart.andreevmaster.com\/da\/wp-json\/wp\/v2\/product_brand?post=27390"},{"taxonomy":"product_cat","embeddable":true,"href":"https:\/\/nordicmart.andreevmaster.com\/da\/wp-json\/wp\/v2\/product_cat?post=27390"},{"taxonomy":"product_tag","embeddable":true,"href":"https:\/\/nordicmart.andreevmaster.com\/da\/wp-json\/wp\/v2\/product_tag?post=27390"}],"curies":[{"name":"wp","href":"https:\/\/api.w.org\/{rel}","templated":true}]}}