{"id":27389,"date":"2026-02-27T00:36:47","date_gmt":"2026-02-27T00:36:47","guid":{"rendered":"https:\/\/nordicmart.andreevmaster.com\/product\/woopie-green-xxl-isbar-pastelbutik-isvogn\/"},"modified":"2026-02-27T09:15:22","modified_gmt":"2026-02-27T09:15:22","slug":"woopie-green-xxl-isbar-pastelbutik-isvogn","status":"publish","type":"product","link":"https:\/\/nordicmart.andreevmaster.com\/da\/vare\/woopie-green-xxl-isbar-pastelbutik-isvogn\/","title":{"rendered":"WOOPIE GREEN XXL Isbar Pastelbutik Isvogn"},"content":{"rendered":"<p>Woopie Green isbar i tr\u00e6 \u2013 S\u00f8d sjov fuld af ideer!<\/p>\n<p>Er der nogen b\u00f8rn, der ikke elsker is? Forestil dig nu, at dit barn kan \u00e5bne sin egen isbar! Isbaren i tr\u00e6 fra Woopie Green er ikke kun en charmerende vogn p\u00e5 hjul, men et rigtigt center for kreativ sjov, der l\u00e6rer, underholder og udvikler. S\u00e6ttet indeholder 27 elementer, herunder farverige iskugler med magnetiske fastg\u00f8relser, pinde, vafler, en isskje og leget\u00f8jsm\u00f8nter. Takket v\u00e6re de mange forskellige tilbeh\u00f8rsdele kan dit barn lege s\u00e6lger, kunde eller ismester \u2013 og skabe smagsvarianter og kombinationer efter egne ideer!<\/p>\n<p>Egenskaber:<\/p>\n<p>* &#8211; Tr\u00e6leget\u00f8j, der er sikkert og milj\u00f8venligt for b\u00f8rn fra 3 \u00e5r<br \/>\n* &#8211; Omfattende s\u00e6t tilbeh\u00f8r: Inkluderer ispinde, vafler, farverige kugler, en isskje, en menu og tr\u00e6m\u00f8nter \u2013 i alt 27 dele<br \/>\n* &#8211; Magnetiske is-tilbeh\u00f8rsdele \u2013 nemme og sjove at bruge<br \/>\n* &#8211; Solidt h\u00e5ndv\u00e6rk af h\u00f8j kvalitet<br \/>\n* &#8211; Let at reng\u00f8re \u2013 t\u00f8rres blot af med en klud<br \/>\n* &#8211; Ideelt til gruppe- eller sololeg \u2013 underst\u00f8tter social udvikling<\/p>\n<p>S\u00e6ttet indeholder:<\/p>\n<p>* &#8211; Stor tr\u00e6kvogn p\u00e5 hjul<br \/>\n* &#8211; 3 vaffelkegler<br \/>\n* &#8211; 6 magnetiske iskugler<br \/>\n* &#8211; 4 ispinde<br \/>\n* &#8211; 1 isskovl<br \/>\n* &#8211; 1 menu<br \/>\n* &#8211; 6 legem\u00f8nter<\/p>\n<p>Leget\u00f8jet udvikler:<\/p>\n<p>* &#8211; Kreativitet og fantasi \u2013 b\u00f8rnene skaber deres egne smagskombinationer, sammens\u00e6tter desserter og planl\u00e6gger menuer, hvilket stimulerer kreativ t\u00e6nkning og uafh\u00e6ngighed.<br \/>\n* &#8211; Sociale f\u00e6rdigheder \u2013 at lege isbar er en fantastisk m\u00e5de at l\u00e6re samarbejde, rollespil og kommunikation med andre b\u00f8rn eller omsorgspersoner.* &#8211; Manuelle f\u00e6rdigheder \u2013 at skovle is, holde en ske, h\u00e5ndtere m\u00f8nter \u2013 alt dette underst\u00f8tter udviklingen af sm\u00e5 h\u00e6nder og motorisk koordination.<br \/>\n* &#8211; Koncentration og logisk t\u00e6nkning \u2013 at v\u00e6lge de rigtige elementer og arrangere dem l\u00e6rer fokus og organisering.<\/p>\n","protected":false},"excerpt":{"rendered":"<p>Woopie Green isbar i tr\u00e6 \u2013 S\u00f8d sjov fuld af ideer! Er der nogen b\u00f8rn, der ikke elsker is? Forestil dig nu, at dit barn kan \u00e5bne sin egen isbar! Isbaren i tr\u00e6 fra Woopie Green er ikke kun en charmerende vogn p\u00e5 hjul, men et rigtigt center for kreativ sjov, der l\u00e6rer, underholder og [&hellip;]<\/p>\n","protected":false},"featured_media":0,"comment_status":"open","ping_status":"closed","template":"","meta":[],"product_brand":[],"product_cat":[31],"product_tag":[],"class_list":{"0":"post-27389","1":"product","2":"type-product","3":"status-publish","5":"product_cat-uncategorized-da","7":"first","8":"instock","9":"shipping-taxable","10":"purchasable","11":"product-type-simple"},"_links":{"self":[{"href":"https:\/\/nordicmart.andreevmaster.com\/da\/wp-json\/wp\/v2\/product\/27389","targetHints":{"allow":["GET"]}}],"collection":[{"href":"https:\/\/nordicmart.andreevmaster.com\/da\/wp-json\/wp\/v2\/product"}],"about":[{"href":"https:\/\/nordicmart.andreevmaster.com\/da\/wp-json\/wp\/v2\/types\/product"}],"replies":[{"embeddable":true,"href":"https:\/\/nordicmart.andreevmaster.com\/da\/wp-json\/wp\/v2\/comments?post=27389"}],"wp:attachment":[{"href":"https:\/\/nordicmart.andreevmaster.com\/da\/wp-json\/wp\/v2\/media?parent=27389"}],"wp:term":[{"taxonomy":"product_brand","embeddable":true,"href":"https:\/\/nordicmart.andreevmaster.com\/da\/wp-json\/wp\/v2\/product_brand?post=27389"},{"taxonomy":"product_cat","embeddable":true,"href":"https:\/\/nordicmart.andreevmaster.com\/da\/wp-json\/wp\/v2\/product_cat?post=27389"},{"taxonomy":"product_tag","embeddable":true,"href":"https:\/\/nordicmart.andreevmaster.com\/da\/wp-json\/wp\/v2\/product_tag?post=27389"}],"curies":[{"name":"wp","href":"https:\/\/api.w.org\/{rel}","templated":true}]}}