{"id":27388,"date":"2026-02-27T00:36:46","date_gmt":"2026-02-27T00:36:46","guid":{"rendered":"https:\/\/nordicmart.andreevmaster.com\/product\/woopie-green-montessori-4-i-1-aktivitetstrae-fsc\/"},"modified":"2026-02-27T09:15:21","modified_gmt":"2026-02-27T09:15:21","slug":"woopie-green-montessori-4-i-1-aktivitetstrae-fsc","status":"publish","type":"product","link":"https:\/\/nordicmart.andreevmaster.com\/da\/vare\/woopie-green-montessori-4-i-1-aktivitetstrae-fsc\/","title":{"rendered":"WOOPIE GREEN Montessori 4-i-1 aktivitetstr\u00e6 FSC"},"content":{"rendered":"<p>Woopie Green Activity Tree \u2013 Et sensorisk eventyr for de sm\u00e5!<\/p>\n<p>G\u00f8r hverdagens leg til en fascinerende rejse fuld af farver, bev\u00e6gelse og udviklingsm\u00e6ssige udfordringer! WOOPIE GREEN Activity Tree er et omhyggeligt designet p\u00e6dagogisk s\u00e6t, der kombinerer fire forskellige aktiviteter, der underst\u00f8tter den omfattende udvikling af b\u00f8rn fra 18 m\u00e5neders alderen. Et farverigt kuglet\u00e5rn, sensoriske tandhjul, pinde til at hamre i og et kreativt tr\u00e5delement \u2013 alt sammen i smukke pastelfarver og fremstillet af sikre, holdbare materialer.<\/p>\n<p>### Egenskaber:<\/p>\n<p>* &#8211; Til b\u00f8rn fra 18 m\u00e5neder<br \/>\n* &#8211; S\u00e6ttet indeholder 39 elementer<br \/>\n* &#8211; Fremstillet af FSC-certificeret tr\u00e6 \u2013 milj\u00f8venligt og holdbart<br \/>\n* &#8211; Malet med giftfri, sikker maling<br \/>\n* &#8211; Plastdele af h\u00f8j kvalitet \u2013 holdbare og modstandsdygtige over for skader<br \/>\n* &#8211; Sikker, afrundede kanter<br \/>\n* &#8211; Smukke pastelfarver<br \/>\n* &#8211; Kuglediameter: 4,5 cm<\/p>\n<p>### S\u00e6ttet indeholder 4 aktiviteter:<\/p>\n<p>* &#8211; Kuglebane \u2013 at se kuglerne rulle gennem kaskadeformede niveauer l\u00e6rer koncentration, sporing af bev\u00e6gelse og er rigtig sjovt<br \/>\n* &#8211; Tandhjul \u2013 at dreje og flytte tandhjulene giver taktile fornemmelser, l\u00e6rer mekanismer og underst\u00f8tter sensorisk udvikling<br \/>\n* &#8211; Tr\u00e5dspil \u2013 at tr\u00e6kke tr\u00e5den gennem pindene hj\u00e6lper med at udvikle t\u00e5lmodighed, pr\u00e6cision og h\u00e5nd-\u00f8je-koordination<br \/>\n* &#8211; Pinde til at hamre og stable \u2013 en aktivitet, der er ideel til at udvikle h\u00e5ndstyrke, planl\u00e6gning og matchning af elementer<\/p>\n<p>### Leget\u00f8jet udvikler:<\/p>\n<p>* &#8211; Finmotorik \u2013 ved at manipulere kugler, pinde og tr\u00e5de \u00f8ver barnet sig i pr\u00e6cision i h\u00e5nd- og fingerbev\u00e6gelser<br \/>\n* &#8211; H\u00e5nd-\u00f8je-koordination \u2013 at observere rullende kugler og matche elementer udvikler evnen til at synkronisere bev\u00e6gelse og syn<br \/>\n* &#8211; Logisk t\u00e6nkning \u2013 at lege med tr\u00e6et er en fantastisk mulighed for at l\u00e6re om \u00e5rsag og virkning og l\u00e6re gennem erfaring<br \/>\n* &#8211; Fantasi og kreativitet \u2013 farverige, forskellige elementer inspirerer til kreativ leg og uafh\u00e6ngige opdagelser<br \/>\n* &#8211; Koncentration og t\u00e5lmodighed \u2013 mens barnet tr\u00e6kker tr\u00e5de og udf\u00f8rer pr\u00e6cise handlinger, l\u00e6rer det at fokusere og planl\u00e6gge sine n\u00e6ste skridt<\/p>\n","protected":false},"excerpt":{"rendered":"<p>Woopie Green Activity Tree \u2013 Et sensorisk eventyr for de sm\u00e5! G\u00f8r hverdagens leg til en fascinerende rejse fuld af farver, bev\u00e6gelse og udviklingsm\u00e6ssige udfordringer! WOOPIE GREEN Activity Tree er et omhyggeligt designet p\u00e6dagogisk s\u00e6t, der kombinerer fire forskellige aktiviteter, der underst\u00f8tter den omfattende udvikling af b\u00f8rn fra 18 m\u00e5neders alderen. Et farverigt kuglet\u00e5rn, sensoriske [&hellip;]<\/p>\n","protected":false},"featured_media":0,"comment_status":"open","ping_status":"closed","template":"","meta":[],"product_brand":[],"product_cat":[31],"product_tag":[],"class_list":{"0":"post-27388","1":"product","2":"type-product","3":"status-publish","5":"product_cat-uncategorized-da","7":"first","8":"instock","9":"shipping-taxable","10":"purchasable","11":"product-type-simple"},"_links":{"self":[{"href":"https:\/\/nordicmart.andreevmaster.com\/da\/wp-json\/wp\/v2\/product\/27388","targetHints":{"allow":["GET"]}}],"collection":[{"href":"https:\/\/nordicmart.andreevmaster.com\/da\/wp-json\/wp\/v2\/product"}],"about":[{"href":"https:\/\/nordicmart.andreevmaster.com\/da\/wp-json\/wp\/v2\/types\/product"}],"replies":[{"embeddable":true,"href":"https:\/\/nordicmart.andreevmaster.com\/da\/wp-json\/wp\/v2\/comments?post=27388"}],"wp:attachment":[{"href":"https:\/\/nordicmart.andreevmaster.com\/da\/wp-json\/wp\/v2\/media?parent=27388"}],"wp:term":[{"taxonomy":"product_brand","embeddable":true,"href":"https:\/\/nordicmart.andreevmaster.com\/da\/wp-json\/wp\/v2\/product_brand?post=27388"},{"taxonomy":"product_cat","embeddable":true,"href":"https:\/\/nordicmart.andreevmaster.com\/da\/wp-json\/wp\/v2\/product_cat?post=27388"},{"taxonomy":"product_tag","embeddable":true,"href":"https:\/\/nordicmart.andreevmaster.com\/da\/wp-json\/wp\/v2\/product_tag?post=27388"}],"curies":[{"name":"wp","href":"https:\/\/api.w.org\/{rel}","templated":true}]}}