{"id":27387,"date":"2026-02-27T00:36:46","date_gmt":"2026-02-27T00:36:46","guid":{"rendered":"https:\/\/nordicmart.andreevmaster.com\/product\/viga-traepuslespilssaet-12-puslespil-24-brikker-hver-pa-et-stativ\/"},"modified":"2026-02-27T09:15:21","modified_gmt":"2026-02-27T09:15:21","slug":"viga-traepuslespilssaet-12-puslespil-24-brikker-hver-pa-et-stativ","status":"publish","type":"product","link":"https:\/\/nordicmart.andreevmaster.com\/da\/vare\/viga-traepuslespilssaet-12-puslespil-24-brikker-hver-pa-et-stativ\/","title":{"rendered":"Viga Tr\u00e6puslespilss\u00e6t 12 puslespil, 24 brikker hver, p\u00e5 et stativ"},"content":{"rendered":"<p>Tr\u00e6puslespil i ramme fra Viga er et af de f\u00f8rende leget\u00f8jsprodukter, der giver dit barn mulighed for at tr\u00e6de ind i en verden af interessant og kreativt leg. 12 tr\u00e6br\u00e6tter designet specielt til udvikling af:<\/p>\n<p>* &#8211; h\u00e5nd-\u00f8je-koordination,<br \/>\n* &#8211; fantasi,<br \/>\n* &#8211; logisk t\u00e6nkning.<\/p>\n<p>Hvert br\u00e6t best\u00e5r af 24 puslespil. Dit barns opgave er at placere de farverige puslespil i det rigtige br\u00e6t. Enkle former, s\u00f8de billeder og smukke farver vil tiltr\u00e6kke b\u00f8rn og hj\u00e6lpe dem med at mestre f\u00e6rdigheden at l\u00e6gge puslespil. S\u00e6ttet indeholder et tr\u00e6stativ til opbevaring af br\u00e6dderne. Hele s\u00e6ttet er lavet af lakeret tr\u00e6, malet med b\u00f8rnesikre malinger i levende farver, der vil tilfredsstille alle brugere og give dem masser af sjov. Viga er et brand, der blev registreret i 2003, men som allerede er til stede i over 60 lande rundt om i verden. Deres innovative ideer har vundet anerkendelse i blandt andet Europa, USA, Australien og Japan. Virksomhedens grundl\u00e6ggere henledte opm\u00e6rksomheden p\u00e5 forskningsresultater, der peger p\u00e5 en sammenh\u00e6ng mellem leg og l\u00e6ring i de tidlige \u00e5r af barnets udvikling. For at hj\u00e6lpe for\u00e6ldre og uddannelsesinstitutioner med at opdrage b\u00f8rn og redde dem fra den virtuelle verden, som i h\u00f8j grad kan forvr\u00e6nge virkeligheden, tilbyder producenten et innovativt sortiment af produkter fremstillet af naturlige materialer, der er fremstillet gennem milj\u00f8venlige produktionsprocesser. Sikkerheden og kvaliteten af tr\u00e6produkter er en prioritet for Vigi, og producenten har sikret, at den maling, der bruges til at male leget\u00f8jet, opfylder sikkerhedsstandarderne EN71 og ASTM.<\/p>\n","protected":false},"excerpt":{"rendered":"<p>Tr\u00e6puslespil i ramme fra Viga er et af de f\u00f8rende leget\u00f8jsprodukter, der giver dit barn mulighed for at tr\u00e6de ind i en verden af interessant og kreativt leg. 12 tr\u00e6br\u00e6tter designet specielt til udvikling af: * &#8211; h\u00e5nd-\u00f8je-koordination, * &#8211; fantasi, * &#8211; logisk t\u00e6nkning. Hvert br\u00e6t best\u00e5r af 24 puslespil. Dit barns opgave er [&hellip;]<\/p>\n","protected":false},"featured_media":0,"comment_status":"open","ping_status":"closed","template":"","meta":[],"product_brand":[],"product_cat":[31],"product_tag":[],"class_list":{"0":"post-27387","1":"product","2":"type-product","3":"status-publish","5":"product_cat-uncategorized-da","7":"first","8":"instock","9":"shipping-taxable","10":"purchasable","11":"product-type-simple"},"_links":{"self":[{"href":"https:\/\/nordicmart.andreevmaster.com\/da\/wp-json\/wp\/v2\/product\/27387","targetHints":{"allow":["GET"]}}],"collection":[{"href":"https:\/\/nordicmart.andreevmaster.com\/da\/wp-json\/wp\/v2\/product"}],"about":[{"href":"https:\/\/nordicmart.andreevmaster.com\/da\/wp-json\/wp\/v2\/types\/product"}],"replies":[{"embeddable":true,"href":"https:\/\/nordicmart.andreevmaster.com\/da\/wp-json\/wp\/v2\/comments?post=27387"}],"wp:attachment":[{"href":"https:\/\/nordicmart.andreevmaster.com\/da\/wp-json\/wp\/v2\/media?parent=27387"}],"wp:term":[{"taxonomy":"product_brand","embeddable":true,"href":"https:\/\/nordicmart.andreevmaster.com\/da\/wp-json\/wp\/v2\/product_brand?post=27387"},{"taxonomy":"product_cat","embeddable":true,"href":"https:\/\/nordicmart.andreevmaster.com\/da\/wp-json\/wp\/v2\/product_cat?post=27387"},{"taxonomy":"product_tag","embeddable":true,"href":"https:\/\/nordicmart.andreevmaster.com\/da\/wp-json\/wp\/v2\/product_tag?post=27387"}],"curies":[{"name":"wp","href":"https:\/\/api.w.org\/{rel}","templated":true}]}}