{"id":27385,"date":"2026-02-27T00:36:46","date_gmt":"2026-02-27T00:36:46","guid":{"rendered":"https:\/\/nordicmart.andreevmaster.com\/product\/viga-trae-kokken-saet-i-naturfarve-fsc-certificeret\/"},"modified":"2026-02-27T09:15:21","modified_gmt":"2026-02-27T09:15:21","slug":"viga-trae-kokken-saet-i-naturfarve-fsc-certificeret","status":"publish","type":"product","link":"https:\/\/nordicmart.andreevmaster.com\/da\/vare\/viga-trae-kokken-saet-i-naturfarve-fsc-certificeret\/","title":{"rendered":"VIGA Tr\u00e6 k\u00f8kken s\u00e6t i naturfarve FSC-certificeret"},"content":{"rendered":"<p>Det store naturlige k\u00f8kkens\u00e6t i tr\u00e6 til b\u00f8rn fra Viga giver flere b\u00f8rn mulighed for at lege samtidig. S\u00e6ttet er ideelt som legehj\u00f8rne for b\u00f8rn fra 3 \u00e5r og opefter. K\u00f8kkenet best\u00e5r af en komfur med ovn, et skab med vask, et k\u00f8leskab, en mikrob\u00f8lgeovn og en vaskemaskine. M\u00f8blerne er lavet af b\u00f8getr\u00e6 og birkekrydsfiner og kan arrangeres i vilk\u00e5rlig r\u00e6kkef\u00f8lge. Hvert segment er 40 cm bredt og 34 cm dybt. S\u00e6ttets samlede bredde er 160 cm, h\u00f8jden fra gulvet til bordpladen er 53 cm, og den samlede h\u00f8jde er 120 cm. S\u00e6ttet skal samles selv i henhold til den vedlagte trin-for-trin vejledning.<\/p>\n<p>Egenskaber:<\/p>\n<p>* &#8211; til b\u00f8rn fra 3 \u00e5r<br \/>\n* &#8211; s\u00e6ttet er ideelt som legekrog<br \/>\n* &#8211; m\u00f8bler af b\u00f8getr\u00e6 og birkekrydsfiner<br \/>\n* &#8211; lavet af lakeret tr\u00e6, elementer malet med b\u00f8rnesikre malinger<br \/>\n* &#8211; DIY-samles\u00e6t<\/p>\n<p>S\u00e6ttet best\u00e5r af:<\/p>\n<p>* &#8211; komfur<br \/>\n* &#8211; bordplade<br \/>\n* &#8211; vaskemaskine<br \/>\n* &#8211; k\u00f8leskab<br \/>\n* &#8211; mikrob\u00f8lgeovn<\/p>\n","protected":false},"excerpt":{"rendered":"<p>Det store naturlige k\u00f8kkens\u00e6t i tr\u00e6 til b\u00f8rn fra Viga giver flere b\u00f8rn mulighed for at lege samtidig. S\u00e6ttet er ideelt som legehj\u00f8rne for b\u00f8rn fra 3 \u00e5r og opefter. K\u00f8kkenet best\u00e5r af en komfur med ovn, et skab med vask, et k\u00f8leskab, en mikrob\u00f8lgeovn og en vaskemaskine. M\u00f8blerne er lavet af b\u00f8getr\u00e6 og birkekrydsfiner [&hellip;]<\/p>\n","protected":false},"featured_media":0,"comment_status":"open","ping_status":"closed","template":"","meta":[],"product_brand":[],"product_cat":[31],"product_tag":[],"class_list":{"0":"post-27385","1":"product","2":"type-product","3":"status-publish","5":"product_cat-uncategorized-da","7":"first","8":"instock","9":"shipping-taxable","10":"purchasable","11":"product-type-simple"},"_links":{"self":[{"href":"https:\/\/nordicmart.andreevmaster.com\/da\/wp-json\/wp\/v2\/product\/27385","targetHints":{"allow":["GET"]}}],"collection":[{"href":"https:\/\/nordicmart.andreevmaster.com\/da\/wp-json\/wp\/v2\/product"}],"about":[{"href":"https:\/\/nordicmart.andreevmaster.com\/da\/wp-json\/wp\/v2\/types\/product"}],"replies":[{"embeddable":true,"href":"https:\/\/nordicmart.andreevmaster.com\/da\/wp-json\/wp\/v2\/comments?post=27385"}],"wp:attachment":[{"href":"https:\/\/nordicmart.andreevmaster.com\/da\/wp-json\/wp\/v2\/media?parent=27385"}],"wp:term":[{"taxonomy":"product_brand","embeddable":true,"href":"https:\/\/nordicmart.andreevmaster.com\/da\/wp-json\/wp\/v2\/product_brand?post=27385"},{"taxonomy":"product_cat","embeddable":true,"href":"https:\/\/nordicmart.andreevmaster.com\/da\/wp-json\/wp\/v2\/product_cat?post=27385"},{"taxonomy":"product_tag","embeddable":true,"href":"https:\/\/nordicmart.andreevmaster.com\/da\/wp-json\/wp\/v2\/product_tag?post=27385"}],"curies":[{"name":"wp","href":"https:\/\/api.w.org\/{rel}","templated":true}]}}