{"id":27384,"date":"2026-02-27T00:36:45","date_gmt":"2026-02-27T00:36:45","guid":{"rendered":"https:\/\/nordicmart.andreevmaster.com\/product\/viga-traemanipulationsbraet-abacus-frog-fsc-certificeret-montessori\/"},"modified":"2026-02-27T09:15:21","modified_gmt":"2026-02-27T09:15:21","slug":"viga-traemanipulationsbraet-abacus-frog-fsc-certificeret-montessori","status":"publish","type":"product","link":"https:\/\/nordicmart.andreevmaster.com\/da\/vare\/viga-traemanipulationsbraet-abacus-frog-fsc-certificeret-montessori\/","title":{"rendered":"VIGA Tr\u00e6manipulationsbr\u00e6t Abacus Frog FSC-certificeret Montessori"},"content":{"rendered":"<p>Det tr\u00e6baserede, v\u00e6gmonterede l\u00e6rerige abacus Frog fra Viga Toys er et af de f\u00f8rende leget\u00f8jsprodukter, der giver dit barn adgang til en verden af interessant og kreativt leg. Abacus introducerer dit barn til sp\u00e6ndende leg og hj\u00e6lper det med at l\u00e6re matematikkens grundl\u00e6ggende principper. Det er fordele, som intet andet leget\u00f8j kan erstatte. Den farverige fr\u00f8 udvikler fantasi og logisk t\u00e6nkning. Egenskaber:<\/p>\n<p>* &#8211; abakusen best\u00e5r af 5 snore, der er oph\u00e6ngt p\u00e5 et fr\u00f8formet br\u00e6t, hvorp\u00e5 der er placeret farverige tr\u00e6skiver, som barnet flytter fra den ene side til den anden og dermed l\u00e6rer matematikkens principper,<br \/>\n* &#8211; abakusen, der er placeret p\u00e5 et gr\u00f8nt fr\u00f8formet br\u00e6t, er i\u00f8jnefaldende og opmuntrer til leg,<br \/>\n* &#8211; abakusen er lavet af b\u00f8rnesikkert tr\u00e6, der er malet med giftfri maling.<\/p>\n<p>Leget\u00f8jet udvikler:<\/p>\n<p>* &#8211; matematiske f\u00e6rdigheder,<br \/>\n* &#8211; finmotorik,<br \/>\n* &#8211; kreativitet,<br \/>\n* &#8211; t\u00e5lmodighed.<\/p>\n","protected":false},"excerpt":{"rendered":"<p>Det tr\u00e6baserede, v\u00e6gmonterede l\u00e6rerige abacus Frog fra Viga Toys er et af de f\u00f8rende leget\u00f8jsprodukter, der giver dit barn adgang til en verden af interessant og kreativt leg. Abacus introducerer dit barn til sp\u00e6ndende leg og hj\u00e6lper det med at l\u00e6re matematikkens grundl\u00e6ggende principper. Det er fordele, som intet andet leget\u00f8j kan erstatte. Den farverige [&hellip;]<\/p>\n","protected":false},"featured_media":0,"comment_status":"open","ping_status":"closed","template":"","meta":[],"product_brand":[],"product_cat":[31],"product_tag":[],"class_list":{"0":"post-27384","1":"product","2":"type-product","3":"status-publish","5":"product_cat-uncategorized-da","7":"first","8":"instock","9":"shipping-taxable","10":"purchasable","11":"product-type-simple"},"_links":{"self":[{"href":"https:\/\/nordicmart.andreevmaster.com\/da\/wp-json\/wp\/v2\/product\/27384","targetHints":{"allow":["GET"]}}],"collection":[{"href":"https:\/\/nordicmart.andreevmaster.com\/da\/wp-json\/wp\/v2\/product"}],"about":[{"href":"https:\/\/nordicmart.andreevmaster.com\/da\/wp-json\/wp\/v2\/types\/product"}],"replies":[{"embeddable":true,"href":"https:\/\/nordicmart.andreevmaster.com\/da\/wp-json\/wp\/v2\/comments?post=27384"}],"wp:attachment":[{"href":"https:\/\/nordicmart.andreevmaster.com\/da\/wp-json\/wp\/v2\/media?parent=27384"}],"wp:term":[{"taxonomy":"product_brand","embeddable":true,"href":"https:\/\/nordicmart.andreevmaster.com\/da\/wp-json\/wp\/v2\/product_brand?post=27384"},{"taxonomy":"product_cat","embeddable":true,"href":"https:\/\/nordicmart.andreevmaster.com\/da\/wp-json\/wp\/v2\/product_cat?post=27384"},{"taxonomy":"product_tag","embeddable":true,"href":"https:\/\/nordicmart.andreevmaster.com\/da\/wp-json\/wp\/v2\/product_tag?post=27384"}],"curies":[{"name":"wp","href":"https:\/\/api.w.org\/{rel}","templated":true}]}}