{"id":27383,"date":"2026-02-27T00:36:45","date_gmt":"2026-02-27T00:36:45","guid":{"rendered":"https:\/\/nordicmart.andreevmaster.com\/product\/viga-traebraet-til-manipulation-fudge-fsc-montessori-certifikat\/"},"modified":"2026-02-27T09:15:20","modified_gmt":"2026-02-27T09:15:20","slug":"viga-traebraet-til-manipulation-fudge-fsc-montessori-certifikat","status":"publish","type":"product","link":"https:\/\/nordicmart.andreevmaster.com\/da\/vare\/viga-traebraet-til-manipulation-fudge-fsc-montessori-certifikat\/","title":{"rendered":"VIGA Tr\u00e6br\u00e6t til manipulation Fudge FSC Montessori-certifikat"},"content":{"rendered":"<p>Tr\u00e6fudgebr\u00e6ttet er udstyret med roterende skiver med m\u00f8nstre. Dette er fordele, som intet andet leget\u00f8j kan erstatte. Det farverige fudgebr\u00e6t udvikler fantasi og logiske t\u00e6nkeevner. Tr\u00e6et er lakeret og malet med b\u00f8rnesikre malinger i levende farver, der vil tilfredsstille alle brugere og give dem masser af sjov.<\/p>\n","protected":false},"excerpt":{"rendered":"<p>Tr\u00e6fudgebr\u00e6ttet er udstyret med roterende skiver med m\u00f8nstre. Dette er fordele, som intet andet leget\u00f8j kan erstatte. Det farverige fudgebr\u00e6t udvikler fantasi og logiske t\u00e6nkeevner. Tr\u00e6et er lakeret og malet med b\u00f8rnesikre malinger i levende farver, der vil tilfredsstille alle brugere og give dem masser af sjov.<\/p>\n","protected":false},"featured_media":0,"comment_status":"open","ping_status":"closed","template":"","meta":[],"product_brand":[],"product_cat":[31],"product_tag":[],"class_list":{"0":"post-27383","1":"product","2":"type-product","3":"status-publish","5":"product_cat-uncategorized-da","7":"first","8":"instock","9":"shipping-taxable","10":"purchasable","11":"product-type-simple"},"_links":{"self":[{"href":"https:\/\/nordicmart.andreevmaster.com\/da\/wp-json\/wp\/v2\/product\/27383","targetHints":{"allow":["GET"]}}],"collection":[{"href":"https:\/\/nordicmart.andreevmaster.com\/da\/wp-json\/wp\/v2\/product"}],"about":[{"href":"https:\/\/nordicmart.andreevmaster.com\/da\/wp-json\/wp\/v2\/types\/product"}],"replies":[{"embeddable":true,"href":"https:\/\/nordicmart.andreevmaster.com\/da\/wp-json\/wp\/v2\/comments?post=27383"}],"wp:attachment":[{"href":"https:\/\/nordicmart.andreevmaster.com\/da\/wp-json\/wp\/v2\/media?parent=27383"}],"wp:term":[{"taxonomy":"product_brand","embeddable":true,"href":"https:\/\/nordicmart.andreevmaster.com\/da\/wp-json\/wp\/v2\/product_brand?post=27383"},{"taxonomy":"product_cat","embeddable":true,"href":"https:\/\/nordicmart.andreevmaster.com\/da\/wp-json\/wp\/v2\/product_cat?post=27383"},{"taxonomy":"product_tag","embeddable":true,"href":"https:\/\/nordicmart.andreevmaster.com\/da\/wp-json\/wp\/v2\/product_tag?post=27383"}],"curies":[{"name":"wp","href":"https:\/\/api.w.org\/{rel}","templated":true}]}}