{"id":27382,"date":"2026-02-27T00:36:45","date_gmt":"2026-02-27T00:36:45","guid":{"rendered":"https:\/\/nordicmart.andreevmaster.com\/product\/viga-traemanipulerende-braet-med-tal-kitten-fsc-montessori-certifikat\/"},"modified":"2026-02-27T09:15:20","modified_gmt":"2026-02-27T09:15:20","slug":"viga-traemanipulerende-braet-med-tal-kitten-fsc-montessori-certifikat","status":"publish","type":"product","link":"https:\/\/nordicmart.andreevmaster.com\/da\/vare\/viga-traemanipulerende-braet-med-tal-kitten-fsc-montessori-certifikat\/","title":{"rendered":"VIGA Tr\u00e6manipulerende br\u00e6t med tal Kitten FSC Montessori-certifikat"},"content":{"rendered":"<p>Et p\u00e6dagogisk tr\u00e6manipulationsspil fra den kendte leget\u00f8jsproducent Viga Toys til b\u00f8rn fra 18 m\u00e5neder og opefter, ideelt til brug i b\u00f8rnehaven og hjemme. Leget\u00f8jet har spor, hvor man flytter tallene for at matche dem med billeder, der viser det rigtige antal fisk. Dette spil introducerer dit barn til sp\u00e6ndende leg og hj\u00e6lper det med at l\u00e6re matematikkens grundl\u00e6ggende principper. Det er fordele, som intet andet leget\u00f8j kan erstatte. Dette farverige spil udvikler fantasi og logisk t\u00e6nkning. I tr\u00e5d med Montessori-principperne hj\u00e6lper det b\u00f8rn med selv at forbinde de rigtige elementer og l\u00e6rer dem gennem leg. <\/p>\n<p>Funktioner: <\/p>\n<p>* &#8211; leget\u00f8jet er et manipulerende br\u00e6t i form af en kat med labyrinter udsk\u00e5ret p\u00e5 maven, hvor blokke med tal placeres. Barnets opgave er at matche blokken med tallene til antallet af fisk, der er malet p\u00e5 maven.<br \/>\n* &#8211; Leget\u00f8jet er lavet af tr\u00e6, der er lakeret og malet med b\u00f8rnesikre malinger i levende farver, der vil tilfredsstille alle brugere og give dem masser af sjov.Leget\u00f8jet udvikler:<br \/>\n* &#8211; finmotorik,<br \/>\n* &#8211; logisk t\u00e6nkning,<br \/>\n* &#8211; h\u00e5nd-\u00f8je-koordination,<br \/>\n* &#8211; t\u00e6llef\u00e6rdigheder,<br \/>\n* &#8211; kognitive f\u00e6rdigheder.<\/p>\n","protected":false},"excerpt":{"rendered":"<p>Et p\u00e6dagogisk tr\u00e6manipulationsspil fra den kendte leget\u00f8jsproducent Viga Toys til b\u00f8rn fra 18 m\u00e5neder og opefter, ideelt til brug i b\u00f8rnehaven og hjemme. Leget\u00f8jet har spor, hvor man flytter tallene for at matche dem med billeder, der viser det rigtige antal fisk. Dette spil introducerer dit barn til sp\u00e6ndende leg og hj\u00e6lper det med at [&hellip;]<\/p>\n","protected":false},"featured_media":0,"comment_status":"open","ping_status":"closed","template":"","meta":[],"product_brand":[],"product_cat":[31],"product_tag":[],"class_list":{"0":"post-27382","1":"product","2":"type-product","3":"status-publish","5":"product_cat-uncategorized-da","7":"first","8":"instock","9":"shipping-taxable","10":"purchasable","11":"product-type-simple"},"_links":{"self":[{"href":"https:\/\/nordicmart.andreevmaster.com\/da\/wp-json\/wp\/v2\/product\/27382","targetHints":{"allow":["GET"]}}],"collection":[{"href":"https:\/\/nordicmart.andreevmaster.com\/da\/wp-json\/wp\/v2\/product"}],"about":[{"href":"https:\/\/nordicmart.andreevmaster.com\/da\/wp-json\/wp\/v2\/types\/product"}],"replies":[{"embeddable":true,"href":"https:\/\/nordicmart.andreevmaster.com\/da\/wp-json\/wp\/v2\/comments?post=27382"}],"wp:attachment":[{"href":"https:\/\/nordicmart.andreevmaster.com\/da\/wp-json\/wp\/v2\/media?parent=27382"}],"wp:term":[{"taxonomy":"product_brand","embeddable":true,"href":"https:\/\/nordicmart.andreevmaster.com\/da\/wp-json\/wp\/v2\/product_brand?post=27382"},{"taxonomy":"product_cat","embeddable":true,"href":"https:\/\/nordicmart.andreevmaster.com\/da\/wp-json\/wp\/v2\/product_cat?post=27382"},{"taxonomy":"product_tag","embeddable":true,"href":"https:\/\/nordicmart.andreevmaster.com\/da\/wp-json\/wp\/v2\/product_tag?post=27382"}],"curies":[{"name":"wp","href":"https:\/\/api.w.org\/{rel}","templated":true}]}}