{"id":27381,"date":"2026-02-27T00:36:45","date_gmt":"2026-02-27T00:36:45","guid":{"rendered":"https:\/\/nordicmart.andreevmaster.com\/product\/viga-sensorisk-tavle-til-at-laere-at-taelle-fsc-montessori-certificeret\/"},"modified":"2026-02-27T09:15:20","modified_gmt":"2026-02-27T09:15:20","slug":"viga-sensorisk-tavle-til-at-laere-at-taelle-fsc-montessori-certificeret","status":"publish","type":"product","link":"https:\/\/nordicmart.andreevmaster.com\/da\/vare\/viga-sensorisk-tavle-til-at-laere-at-taelle-fsc-montessori-certificeret\/","title":{"rendered":"VIGA Sensorisk tavle til at l\u00e6re at t\u00e6lle FSC Montessori-certificeret"},"content":{"rendered":"<p>Et af de mest interessante leget\u00f8j, der introducerer b\u00f8rn til talverdenen. Det vil v\u00e6kke deres nysgerrighed og opmuntre dem til at l\u00e6re at t\u00e6lle. En labyrint beboet af mange tal, der l\u00e6rer b\u00f8rn deres f\u00f8rste matematiske operationer gennem leg.<\/p>\n<p>Funktioner:<\/p>\n<p>* Leget\u00f8jet l\u00e6rer grundl\u00e6ggende matematiske operationer,<br \/>\n* At flytte tallene forbedrer b\u00f8rns fingerf\u00e6rdighed og pr\u00e6cision,<br \/>\n* Produktet er ideelt til b\u00f8rnehaver.<\/p>\n","protected":false},"excerpt":{"rendered":"<p>Et af de mest interessante leget\u00f8j, der introducerer b\u00f8rn til talverdenen. Det vil v\u00e6kke deres nysgerrighed og opmuntre dem til at l\u00e6re at t\u00e6lle. En labyrint beboet af mange tal, der l\u00e6rer b\u00f8rn deres f\u00f8rste matematiske operationer gennem leg. Funktioner: * Leget\u00f8jet l\u00e6rer grundl\u00e6ggende matematiske operationer, * At flytte tallene forbedrer b\u00f8rns fingerf\u00e6rdighed og pr\u00e6cision, [&hellip;]<\/p>\n","protected":false},"featured_media":0,"comment_status":"open","ping_status":"closed","template":"","meta":[],"product_brand":[],"product_cat":[31],"product_tag":[],"class_list":{"0":"post-27381","1":"product","2":"type-product","3":"status-publish","5":"product_cat-uncategorized-da","7":"first","8":"instock","9":"shipping-taxable","10":"purchasable","11":"product-type-simple"},"_links":{"self":[{"href":"https:\/\/nordicmart.andreevmaster.com\/da\/wp-json\/wp\/v2\/product\/27381","targetHints":{"allow":["GET"]}}],"collection":[{"href":"https:\/\/nordicmart.andreevmaster.com\/da\/wp-json\/wp\/v2\/product"}],"about":[{"href":"https:\/\/nordicmart.andreevmaster.com\/da\/wp-json\/wp\/v2\/types\/product"}],"replies":[{"embeddable":true,"href":"https:\/\/nordicmart.andreevmaster.com\/da\/wp-json\/wp\/v2\/comments?post=27381"}],"wp:attachment":[{"href":"https:\/\/nordicmart.andreevmaster.com\/da\/wp-json\/wp\/v2\/media?parent=27381"}],"wp:term":[{"taxonomy":"product_brand","embeddable":true,"href":"https:\/\/nordicmart.andreevmaster.com\/da\/wp-json\/wp\/v2\/product_brand?post=27381"},{"taxonomy":"product_cat","embeddable":true,"href":"https:\/\/nordicmart.andreevmaster.com\/da\/wp-json\/wp\/v2\/product_cat?post=27381"},{"taxonomy":"product_tag","embeddable":true,"href":"https:\/\/nordicmart.andreevmaster.com\/da\/wp-json\/wp\/v2\/product_tag?post=27381"}],"curies":[{"name":"wp","href":"https:\/\/api.w.org\/{rel}","templated":true}]}}