{"id":27380,"date":"2026-02-27T00:36:44","date_gmt":"2026-02-27T00:36:44","guid":{"rendered":"https:\/\/nordicmart.andreevmaster.com\/product\/viga-toys-sensorisk-tavle-til-at-laere-alfabetet\/"},"modified":"2026-02-27T09:15:20","modified_gmt":"2026-02-27T09:15:20","slug":"viga-toys-sensorisk-tavle-til-at-laere-alfabetet","status":"publish","type":"product","link":"https:\/\/nordicmart.andreevmaster.com\/da\/vare\/viga-toys-sensorisk-tavle-til-at-laere-alfabetet\/","title":{"rendered":"Viga Toys Sensorisk tavle til at l\u00e6re alfabetet"},"content":{"rendered":"<p>Alfabet-sansetavle til b\u00f8rn fra 3 \u00e5r af Viga Toys. Alfabet-sansetavlen introducerer b\u00f8rn til bogstavernes verden. Den vil v\u00e6kke deres nysgerrighed og opmuntre dem til at l\u00e6re at l\u00e6se. En labyrint befolket af hele alfabetet, hvis muntre bogstaver vil hj\u00e6lpe med at l\u00e6re at stave, dele ord i stavelser og l\u00e6se. Produktet er lavet af lakeret tr\u00e6 og malet med giftfri maling.<\/p>\n","protected":false},"excerpt":{"rendered":"<p>Alfabet-sansetavle til b\u00f8rn fra 3 \u00e5r af Viga Toys. Alfabet-sansetavlen introducerer b\u00f8rn til bogstavernes verden. Den vil v\u00e6kke deres nysgerrighed og opmuntre dem til at l\u00e6re at l\u00e6se. En labyrint befolket af hele alfabetet, hvis muntre bogstaver vil hj\u00e6lpe med at l\u00e6re at stave, dele ord i stavelser og l\u00e6se. Produktet er lavet af lakeret [&hellip;]<\/p>\n","protected":false},"featured_media":0,"comment_status":"open","ping_status":"closed","template":"","meta":[],"product_brand":[],"product_cat":[31],"product_tag":[],"class_list":{"0":"post-27380","1":"product","2":"type-product","3":"status-publish","5":"product_cat-uncategorized-da","7":"first","8":"instock","9":"shipping-taxable","10":"purchasable","11":"product-type-simple"},"_links":{"self":[{"href":"https:\/\/nordicmart.andreevmaster.com\/da\/wp-json\/wp\/v2\/product\/27380","targetHints":{"allow":["GET"]}}],"collection":[{"href":"https:\/\/nordicmart.andreevmaster.com\/da\/wp-json\/wp\/v2\/product"}],"about":[{"href":"https:\/\/nordicmart.andreevmaster.com\/da\/wp-json\/wp\/v2\/types\/product"}],"replies":[{"embeddable":true,"href":"https:\/\/nordicmart.andreevmaster.com\/da\/wp-json\/wp\/v2\/comments?post=27380"}],"wp:attachment":[{"href":"https:\/\/nordicmart.andreevmaster.com\/da\/wp-json\/wp\/v2\/media?parent=27380"}],"wp:term":[{"taxonomy":"product_brand","embeddable":true,"href":"https:\/\/nordicmart.andreevmaster.com\/da\/wp-json\/wp\/v2\/product_brand?post=27380"},{"taxonomy":"product_cat","embeddable":true,"href":"https:\/\/nordicmart.andreevmaster.com\/da\/wp-json\/wp\/v2\/product_cat?post=27380"},{"taxonomy":"product_tag","embeddable":true,"href":"https:\/\/nordicmart.andreevmaster.com\/da\/wp-json\/wp\/v2\/product_tag?post=27380"}],"curies":[{"name":"wp","href":"https:\/\/api.w.org\/{rel}","templated":true}]}}