{"id":27379,"date":"2026-02-27T00:36:44","date_gmt":"2026-02-27T00:36:44","guid":{"rendered":"https:\/\/nordicmart.andreevmaster.com\/product\/viga-trae-sensorisk-manipulerende-tavle-fly-fsc-montessori-certificeret\/"},"modified":"2026-02-27T09:15:20","modified_gmt":"2026-02-27T09:15:20","slug":"viga-trae-sensorisk-manipulerende-tavle-fly-fsc-montessori-certificeret","status":"publish","type":"product","link":"https:\/\/nordicmart.andreevmaster.com\/da\/vare\/viga-trae-sensorisk-manipulerende-tavle-fly-fsc-montessori-certificeret\/","title":{"rendered":"VIGA Tr\u00e6-sensorisk manipulerende tavle Fly FSC Montessori-certificeret"},"content":{"rendered":"<p>Viga XL Airplane er et multifunktionelt v\u00e6gleget\u00f8j af tr\u00e6. Det best\u00e5r af 5 elementer, der sammen danner et fly. Hvert element giver b\u00f8rnene en anden type aktivitet. Der er en labyrint, en v\u00e6veramme (motorisk l\u00f8kke), en minirutsjebane, et ur med bev\u00e6gelige visere og farverige, bev\u00e6gelige tandhjul. Leget\u00f8jet er designet til at stimulere sanserne og st\u00f8tte udviklingen af b\u00f8rns motoriske f\u00e6rdigheder. Det er en fremragende \u00f8velse for sm\u00e5 fingre. Leget\u00f8jet l\u00e6rer ogs\u00e5 logisk t\u00e6nkning og t\u00e5lmodighed. P\u00e5 grund af sin store st\u00f8rrelse er flyet perfekt til vuggestuer, b\u00f8rnehaver, skoler og offentlige steder. Montering af leget\u00f8jet p\u00e5 v\u00e6ggen sparer gulvplads. Produktet er lavet af lakeret tr\u00e6 og malet med giftfri maling.<\/p>\n","protected":false},"excerpt":{"rendered":"<p>Viga XL Airplane er et multifunktionelt v\u00e6gleget\u00f8j af tr\u00e6. Det best\u00e5r af 5 elementer, der sammen danner et fly. Hvert element giver b\u00f8rnene en anden type aktivitet. Der er en labyrint, en v\u00e6veramme (motorisk l\u00f8kke), en minirutsjebane, et ur med bev\u00e6gelige visere og farverige, bev\u00e6gelige tandhjul. Leget\u00f8jet er designet til at stimulere sanserne og st\u00f8tte [&hellip;]<\/p>\n","protected":false},"featured_media":0,"comment_status":"open","ping_status":"closed","template":"","meta":[],"product_brand":[],"product_cat":[31],"product_tag":[],"class_list":{"0":"post-27379","1":"product","2":"type-product","3":"status-publish","5":"product_cat-uncategorized-da","7":"first","8":"instock","9":"shipping-taxable","10":"purchasable","11":"product-type-simple"},"_links":{"self":[{"href":"https:\/\/nordicmart.andreevmaster.com\/da\/wp-json\/wp\/v2\/product\/27379","targetHints":{"allow":["GET"]}}],"collection":[{"href":"https:\/\/nordicmart.andreevmaster.com\/da\/wp-json\/wp\/v2\/product"}],"about":[{"href":"https:\/\/nordicmart.andreevmaster.com\/da\/wp-json\/wp\/v2\/types\/product"}],"replies":[{"embeddable":true,"href":"https:\/\/nordicmart.andreevmaster.com\/da\/wp-json\/wp\/v2\/comments?post=27379"}],"wp:attachment":[{"href":"https:\/\/nordicmart.andreevmaster.com\/da\/wp-json\/wp\/v2\/media?parent=27379"}],"wp:term":[{"taxonomy":"product_brand","embeddable":true,"href":"https:\/\/nordicmart.andreevmaster.com\/da\/wp-json\/wp\/v2\/product_brand?post=27379"},{"taxonomy":"product_cat","embeddable":true,"href":"https:\/\/nordicmart.andreevmaster.com\/da\/wp-json\/wp\/v2\/product_cat?post=27379"},{"taxonomy":"product_tag","embeddable":true,"href":"https:\/\/nordicmart.andreevmaster.com\/da\/wp-json\/wp\/v2\/product_tag?post=27379"}],"curies":[{"name":"wp","href":"https:\/\/api.w.org\/{rel}","templated":true}]}}