{"id":27376,"date":"2026-02-27T00:36:44","date_gmt":"2026-02-27T00:36:44","guid":{"rendered":"https:\/\/nordicmart.andreevmaster.com\/product\/woopie-royal-eliana-spansk-dukke-interaktive-babydukker\/"},"modified":"2026-02-27T09:15:19","modified_gmt":"2026-02-27T09:15:19","slug":"woopie-royal-eliana-spansk-dukke-interaktive-babydukker","status":"publish","type":"product","link":"https:\/\/nordicmart.andreevmaster.com\/da\/vare\/woopie-royal-eliana-spansk-dukke-interaktive-babydukker\/","title":{"rendered":"WOOPIE ROYAL Eliana spansk dukke Interaktive babydukker"},"content":{"rendered":"<p>Den interaktive dukke fra WOOPIE&#8217;s ROYAL-serie er ligesom en rigtig baby! At lege med dukken hj\u00e6lper b\u00f8rn med at udvikle empati og ansvarlighed! Dukken er bl\u00f8d at r\u00f8re ved, og dens smukke \u00f8jne tiltr\u00e6kker barnets opm\u00e6rksomhed. En klar fordel ved dukken er dens smukke, lange, skinnende h\u00e5r, som er perfekt til at rede. Takket v\u00e6re h\u00e5rets fremragende kvalitet kan dit barn udfolde sin kreativitet, mens det styler forskellige frisurer. Dukken har raffinerede h\u00e6nder, der tilf\u00f8jer realisme med delikate negle og let r\u00f8dmossede kinder, hvilket understreger dukkens sk\u00f8nhed. Der er mange elementer i s\u00e6ttet \u2013 det sjove slutter aldrig, din lille vil v\u00e6re glad, og du kan v\u00e6re rolig i bevidstheden om, at de bruger deres tid p\u00e5 at lege p\u00e5 en meningsfuld m\u00e5de. Vores dukker er lavet med stor pr\u00e6cision og opm\u00e6rksomhed for detaljer, s\u00e5 de ligner rigtige babyer. Dukken er if\u00f8rt en lyser\u00f8d og sort kjole med s\u00f8de sl\u00f8jfer. Kjolen er sk\u00e5ret i taljen og dekoreret med et farverigt print. Outfitet suppleres af lyser\u00f8de sko og et matchende h\u00e5rb\u00e5nd. <\/p>\n<p>Egenskaber: <\/p>\n<p>* &#8211; Leget\u00f8j til b\u00f8rn fra 3 \u00e5r og opefter<br \/>\n* &#8211; Interaktiv dukke, der reagerer p\u00e5 stimuli<br \/>\n* &#8211; Aftageligt t\u00f8j, der er let at vaske i vaskemaskinen<br \/>\n* &#8211; Bl\u00f8d, plysdukke mave<br \/>\n* &#8211; Bev\u00e6gelige arme, ben og hoved &#8211; bl\u00f8dt silikone<br \/>\n* &#8211; Opm\u00e6rksomhed p\u00e5 alle detaljer &#8211; dukkens indre er lavet af bl\u00f8dt plys<br \/>\n* &#8211; Kan sidde selvst\u00e6ndigt<br \/>\n* -S\u00f8de, lange \u00f8jenvipper<br \/>\n* -Lydsystemet kr\u00e6ver 3 AA-batterier (medf\u00f8lger ikke)<\/p>\n<p>Funktioner:<\/p>\n<p>* -Griner, n\u00e5r den kastes<br \/>\n* -Laver glade lyde, n\u00e5r den krammes<br \/>\n* -Laver gr\u00e6delyde<br \/>\n* -N\u00e5r den l\u00e6gges fladt, snorker den og laver sovelyde<br \/>\n* -N\u00e5r dukken m\u00e6rker et slag, begynder den at gr\u00e6de<br \/>\n* -N\u00e5r den l\u00e6gges p\u00e5 maven, begynder den at lave lyde af utilfredshed<\/p>\n<p>S\u00e6ttet indeholder:<\/p>\n<p>* -1 flaske til dukken<br \/>\n* -1 sut<br \/>\n* -1 bl\u00f8dt leget\u00f8j (tilf\u00e6ldigt udvalg)<br \/>\n* -1 ble<\/p>\n","protected":false},"excerpt":{"rendered":"<p>Den interaktive dukke fra WOOPIE&#8217;s ROYAL-serie er ligesom en rigtig baby! At lege med dukken hj\u00e6lper b\u00f8rn med at udvikle empati og ansvarlighed! Dukken er bl\u00f8d at r\u00f8re ved, og dens smukke \u00f8jne tiltr\u00e6kker barnets opm\u00e6rksomhed. En klar fordel ved dukken er dens smukke, lange, skinnende h\u00e5r, som er perfekt til at rede. Takket v\u00e6re [&hellip;]<\/p>\n","protected":false},"featured_media":0,"comment_status":"open","ping_status":"closed","template":"","meta":[],"product_brand":[],"product_cat":[31],"product_tag":[],"class_list":{"0":"post-27376","1":"product","2":"type-product","3":"status-publish","5":"product_cat-uncategorized-da","7":"first","8":"instock","9":"shipping-taxable","10":"purchasable","11":"product-type-simple"},"_links":{"self":[{"href":"https:\/\/nordicmart.andreevmaster.com\/da\/wp-json\/wp\/v2\/product\/27376","targetHints":{"allow":["GET"]}}],"collection":[{"href":"https:\/\/nordicmart.andreevmaster.com\/da\/wp-json\/wp\/v2\/product"}],"about":[{"href":"https:\/\/nordicmart.andreevmaster.com\/da\/wp-json\/wp\/v2\/types\/product"}],"replies":[{"embeddable":true,"href":"https:\/\/nordicmart.andreevmaster.com\/da\/wp-json\/wp\/v2\/comments?post=27376"}],"wp:attachment":[{"href":"https:\/\/nordicmart.andreevmaster.com\/da\/wp-json\/wp\/v2\/media?parent=27376"}],"wp:term":[{"taxonomy":"product_brand","embeddable":true,"href":"https:\/\/nordicmart.andreevmaster.com\/da\/wp-json\/wp\/v2\/product_brand?post=27376"},{"taxonomy":"product_cat","embeddable":true,"href":"https:\/\/nordicmart.andreevmaster.com\/da\/wp-json\/wp\/v2\/product_cat?post=27376"},{"taxonomy":"product_tag","embeddable":true,"href":"https:\/\/nordicmart.andreevmaster.com\/da\/wp-json\/wp\/v2\/product_tag?post=27376"}],"curies":[{"name":"wp","href":"https:\/\/api.w.org\/{rel}","templated":true}]}}