{"id":27375,"date":"2026-02-27T00:36:43","date_gmt":"2026-02-27T00:36:43","guid":{"rendered":"https:\/\/nordicmart.andreevmaster.com\/product\/viga-hippopotamus-sensory-manipulative-board-fsc-certificeret-montessori\/"},"modified":"2026-02-27T09:15:19","modified_gmt":"2026-02-27T09:15:19","slug":"viga-hippopotamus-sensory-manipulative-board-fsc-certificeret-montessori","status":"publish","type":"product","link":"https:\/\/nordicmart.andreevmaster.com\/da\/vare\/viga-hippopotamus-sensory-manipulative-board-fsc-certificeret-montessori\/","title":{"rendered":"VIGA Hippopotamus Sensory Manipulative Board FSC-certificeret Montessori"},"content":{"rendered":"<p>Dette store tr\u00e6br\u00e6t tilbyder flere forskellige aktiviteter:<\/p>\n<p>* Abacus \u2013 hj\u00e6lper b\u00f8rn med at l\u00e6re at t\u00e6lle til 10, l\u00e6gge sammen og tr\u00e6kke fra<br \/>\n* Magnetisk labyrint med to magiske pinde til at flytte kugler \u2013 hj\u00e6lper med at huske tal<br \/>\n* Formesorterer \u2013 hj\u00e6lper dit barn med at l\u00e6re farver og geometriske former.<\/p>\n<p>Det hele er lavet af lakeret tr\u00e6, malet med b\u00f8rnesikre malinger i levende farver, der vil tilfredsstille alle brugere og give dem masser af sjov. Leget\u00f8jet er designet til at st\u00f8tte barnets motoriske udvikling. Et anbefalet multifunktionelt leget\u00f8j til b\u00f8rnehaver eller offentlige steder.<\/p>\n<p>Viga Toys er et brand, der blev registreret i 2003, men som allerede er til stede i over 60 lande rundt om i verden. Deres innovative ideer har vundet anerkendelse i blandt andet Europa, USA, Australien og Japan. Virksomhedens grundl\u00e6ggere henledte opm\u00e6rksomheden p\u00e5 forskningsresultater, der peger p\u00e5 en sammenh\u00e6ng mellem leg og l\u00e6ring i de tidlige \u00e5r af barnets udvikling. For at hj\u00e6lpe for\u00e6ldre og uddannelsesinstitutioner med at opdrage b\u00f8rn og redde dem fra den virtuelle verden, som i h\u00f8j grad kan forvr\u00e6nge virkeligheden, tilbyder producenten et innovativt sortiment af produkter fremstillet af naturlige materialer, der er fremstillet gennem milj\u00f8venlige produktionsprocesser. Sikkerheden og kvaliteten af tr\u00e6produkter er en prioritet for Vigi, og producenten har sikret, at de malinger, der bruges til at male leget\u00f8jet, opfylder sikkerhedsstandarderne EN71 og ASTM.<\/p>\n","protected":false},"excerpt":{"rendered":"<p>Dette store tr\u00e6br\u00e6t tilbyder flere forskellige aktiviteter: * Abacus \u2013 hj\u00e6lper b\u00f8rn med at l\u00e6re at t\u00e6lle til 10, l\u00e6gge sammen og tr\u00e6kke fra * Magnetisk labyrint med to magiske pinde til at flytte kugler \u2013 hj\u00e6lper med at huske tal * Formesorterer \u2013 hj\u00e6lper dit barn med at l\u00e6re farver og geometriske former. Det [&hellip;]<\/p>\n","protected":false},"featured_media":0,"comment_status":"open","ping_status":"closed","template":"","meta":[],"product_brand":[],"product_cat":[31],"product_tag":[],"class_list":{"0":"post-27375","1":"product","2":"type-product","3":"status-publish","5":"product_cat-uncategorized-da","7":"first","8":"instock","9":"shipping-taxable","10":"purchasable","11":"product-type-simple"},"_links":{"self":[{"href":"https:\/\/nordicmart.andreevmaster.com\/da\/wp-json\/wp\/v2\/product\/27375","targetHints":{"allow":["GET"]}}],"collection":[{"href":"https:\/\/nordicmart.andreevmaster.com\/da\/wp-json\/wp\/v2\/product"}],"about":[{"href":"https:\/\/nordicmart.andreevmaster.com\/da\/wp-json\/wp\/v2\/types\/product"}],"replies":[{"embeddable":true,"href":"https:\/\/nordicmart.andreevmaster.com\/da\/wp-json\/wp\/v2\/comments?post=27375"}],"wp:attachment":[{"href":"https:\/\/nordicmart.andreevmaster.com\/da\/wp-json\/wp\/v2\/media?parent=27375"}],"wp:term":[{"taxonomy":"product_brand","embeddable":true,"href":"https:\/\/nordicmart.andreevmaster.com\/da\/wp-json\/wp\/v2\/product_brand?post=27375"},{"taxonomy":"product_cat","embeddable":true,"href":"https:\/\/nordicmart.andreevmaster.com\/da\/wp-json\/wp\/v2\/product_cat?post=27375"},{"taxonomy":"product_tag","embeddable":true,"href":"https:\/\/nordicmart.andreevmaster.com\/da\/wp-json\/wp\/v2\/product_tag?post=27375"}],"curies":[{"name":"wp","href":"https:\/\/api.w.org\/{rel}","templated":true}]}}