{"id":27374,"date":"2026-02-27T00:36:43","date_gmt":"2026-02-27T00:36:43","guid":{"rendered":"https:\/\/nordicmart.andreevmaster.com\/product\/viga-sensorisk-manipulerende-tavle-krokodille-fsc-montessori-certifikat\/"},"modified":"2026-02-27T09:15:18","modified_gmt":"2026-02-27T09:15:18","slug":"viga-sensorisk-manipulerende-tavle-krokodille-fsc-montessori-certifikat","status":"publish","type":"product","link":"https:\/\/nordicmart.andreevmaster.com\/da\/vare\/viga-sensorisk-manipulerende-tavle-krokodille-fsc-montessori-certifikat\/","title":{"rendered":"VIGA Sensorisk manipulerende tavle Krokodille FSC Montessori-certifikat"},"content":{"rendered":"<p>Viga Krokodille Sensorisk Manipulerende P\u00e6dagogisk Tavle er perfekt til brug derhjemme, i b\u00f8rnehaven eller i legerummet.Det f\u00f8rste element er krokodillens hoved. Her finder dit barn labyrinter, hvorigennem det kan f\u00f8re elementerne og \u00f8ve motoriske f\u00e6rdigheder i h\u00e6nder og fingre. Derudover er der tandhjul, der s\u00e6tter vores krokodilles \u00f8jne i bev\u00e6gelse! Hjulene kan bev\u00e6ges frit for at finde nye placeringsmuligheder. Det andet br\u00e6t indeholder en cirkul\u00e6r labyrint. Inde i labyrinten er der en metalkugle. Barnets opgave er at dreje hjulet for at f\u00e5 kuglen til det rigtige sted. Barnet vil ikke kun have det sjovt, men vil ogs\u00e5 \u00f8ve sin koncentration, opm\u00e6rksomhed og analytiske og logiske t\u00e6nkning. Det tredje br\u00e6t indeholder et musikpanel med farverige b\u00e6kkener, som er perfekte som et f\u00f8rste instrument for et lille barn, og et rillet br\u00e6t, der ogs\u00e5 afgiver lyde, n\u00e5r det gnides med en tr\u00e6pind. Det tredje br\u00e6t har ogs\u00e5 et sikkert spejl. Det n\u00e6ste br\u00e6t har en sensationel magnetisk labyrint med to pinde til at flytte kuglerne. Takket v\u00e6re det faktum, at vores krokodille har to magnetiske pinde, kan dit barn \u00f8ve sig i at bruge begge h\u00e6nder p\u00e5 samme tid eller lege med en ven. Derudover er der tal ved hvert punkt, s\u00e5 barnet begynder at huske og l\u00e6re tal og deres r\u00e6kkef\u00f8lge. Hele det fjerde br\u00e6t tr\u00e6ner hukommelse, koncentration, visuel perception, uafh\u00e6ngighed og tidsstyring. Det sidste element er halen, som har tre forskellige 3D-labyrinter. Evnen til at manipulere klodser og perler og f\u00f8re dem gennem farverige metalst\u00e6nger vil interessere alle sm\u00e5b\u00f8rn, som ogs\u00e5 vil kunne \u00f8ve deres h\u00e5ndbev\u00e6gelser her. Br\u00e6ttet vil engagere en hel gruppe b\u00f8rn i leg, som vil l\u00e6re at fungere i en gruppe og kommunikere med deres j\u00e6vnaldrende. Br\u00e6ttet hj\u00e6lper med at \u00f8ve:<\/p>\n<p>* &#8211; koncentration,<br \/>\n* &#8211; uafh\u00e6ngighed,<br \/>\n* &#8211; tidsstyring,<br \/>\n* &#8211; hukommelse,<br \/>\n* &#8211; logisk t\u00e6nkning,<br \/>\n* &#8211; motoriske f\u00e6rdigheder i h\u00e6nder og fingre.<\/p>\n<p>Flere b\u00f8rn kan bruge br\u00e6ttet p\u00e5 samme tid, s\u00e5 de kan l\u00e6re at fungere i en gruppe og kommunikere med deres j\u00e6vnaldrende. Hele br\u00e6ttet er lavet af lakeret tr\u00e6, malet med b\u00f8rnesikre malinger i levende farver, der vil tilfredsstille alle brugere og give masser af sjov. Pakke m\u00e5l: 187 x 61 x 16,5 cm. Viga er et brand, der blev registreret i 2003, men som allerede er til stede i over 60 lande rundt om i verden. Deres innovative ideer har vundet anerkendelse i blandt andet Europa, USA, Australien og Japan. Virksomhedens grundl\u00e6ggere gjorde opm\u00e6rksom p\u00e5 forskningsresultater, der peger p\u00e5 en sammenh\u00e6ng mellem leg og l\u00e6ring i de tidlige \u00e5r af barnets udvikling. For at hj\u00e6lpe for\u00e6ldre og uddannelsesinstitutioner med at opdrage b\u00f8rn og redde dem fra den virtuelle verden, som i h\u00f8j grad kan forvr\u00e6nge virkeligheden, tilbyder producenten et innovativt sortiment af produkter fremstillet af naturlige materialer, der er fremstillet gennem milj\u00f8venlige produktionsprocesser. Sikkerheden og kvaliteten af tr\u00e6produkter er en prioritet for Vigi, og producenten har sikret, at de malinger, der bruges til at male leget\u00f8jet, opfylder sikkerhedsstandarderne EN71 og ASTM.<\/p>\n","protected":false},"excerpt":{"rendered":"<p>Viga Krokodille Sensorisk Manipulerende P\u00e6dagogisk Tavle er perfekt til brug derhjemme, i b\u00f8rnehaven eller i legerummet.Det f\u00f8rste element er krokodillens hoved. Her finder dit barn labyrinter, hvorigennem det kan f\u00f8re elementerne og \u00f8ve motoriske f\u00e6rdigheder i h\u00e6nder og fingre. Derudover er der tandhjul, der s\u00e6tter vores krokodilles \u00f8jne i bev\u00e6gelse! Hjulene kan bev\u00e6ges frit for [&hellip;]<\/p>\n","protected":false},"featured_media":0,"comment_status":"open","ping_status":"closed","template":"","meta":[],"product_brand":[],"product_cat":[31],"product_tag":[],"class_list":{"0":"post-27374","1":"product","2":"type-product","3":"status-publish","5":"product_cat-uncategorized-da","7":"first","8":"instock","9":"shipping-taxable","10":"purchasable","11":"product-type-simple"},"_links":{"self":[{"href":"https:\/\/nordicmart.andreevmaster.com\/da\/wp-json\/wp\/v2\/product\/27374","targetHints":{"allow":["GET"]}}],"collection":[{"href":"https:\/\/nordicmart.andreevmaster.com\/da\/wp-json\/wp\/v2\/product"}],"about":[{"href":"https:\/\/nordicmart.andreevmaster.com\/da\/wp-json\/wp\/v2\/types\/product"}],"replies":[{"embeddable":true,"href":"https:\/\/nordicmart.andreevmaster.com\/da\/wp-json\/wp\/v2\/comments?post=27374"}],"wp:attachment":[{"href":"https:\/\/nordicmart.andreevmaster.com\/da\/wp-json\/wp\/v2\/media?parent=27374"}],"wp:term":[{"taxonomy":"product_brand","embeddable":true,"href":"https:\/\/nordicmart.andreevmaster.com\/da\/wp-json\/wp\/v2\/product_brand?post=27374"},{"taxonomy":"product_cat","embeddable":true,"href":"https:\/\/nordicmart.andreevmaster.com\/da\/wp-json\/wp\/v2\/product_cat?post=27374"},{"taxonomy":"product_tag","embeddable":true,"href":"https:\/\/nordicmart.andreevmaster.com\/da\/wp-json\/wp\/v2\/product_tag?post=27374"}],"curies":[{"name":"wp","href":"https:\/\/api.w.org\/{rel}","templated":true}]}}