{"id":27373,"date":"2026-02-27T00:36:43","date_gmt":"2026-02-27T00:36:43","guid":{"rendered":"https:\/\/nordicmart.andreevmaster.com\/product\/step2-little-explorer-table-water-table-sandbox-2\/"},"modified":"2026-02-27T09:15:18","modified_gmt":"2026-02-27T09:15:18","slug":"step2-little-explorer-table-water-table-sandbox-2","status":"publish","type":"product","link":"https:\/\/nordicmart.andreevmaster.com\/da\/vare\/step2-little-explorer-table-water-table-sandbox-2\/","title":{"rendered":"STEP2 Little Explorer Table Water Table Sandbox"},"content":{"rendered":"<p>Little Explorer bord med sandkasse fra STEP2 Dette b\u00f8rnebord er stort nok til, at alle kan lege sammen, hvilket fremmer sociale f\u00e6rdigheder og l\u00e6ring om at dele. Ved at tilf\u00f8je vand til bordet \u00f8ges forn\u00f8jelsen, hvilket skaber et interaktivt milj\u00f8 for l\u00e6ring og leg.<\/p>\n<p>Egenskaber:<\/p>\n<p>* &#8211; leget\u00f8j beregnet til b\u00f8rn fra 2 \u00e5r,<br \/>\n* &#8211; bordet er stort nok til, at flere b\u00f8rn kan lege sammen<br \/>\n* &#8211; ved at tilf\u00f8je vand til bordet \u00f8ges sjovet ved legen, hvilket skaber et interaktivt milj\u00f8 for l\u00e6ring og leg<br \/>\n* &#8211; bordet er udstyret med forskellige elementer, fra h\u00e5ndtag til katapulter og trissesystemer, som sikrer alsidig leg<br \/>\n* &#8211; mens de leger, har sm\u00e5b\u00f8rn mulighed for at l\u00e6re tidlige begreber inden for fysik, s\u00e5som bev\u00e6gelse, kraft, \u00e5rsag og virkning og meget mere<br \/>\n* &#8211; Bordet hj\u00e6lper b\u00f8rn med at udvikle vigtige f\u00e6rdigheder s\u00e5som sociale og motoriske f\u00e6rdigheder<\/p>\n","protected":false},"excerpt":{"rendered":"<p>Little Explorer bord med sandkasse fra STEP2 Dette b\u00f8rnebord er stort nok til, at alle kan lege sammen, hvilket fremmer sociale f\u00e6rdigheder og l\u00e6ring om at dele. Ved at tilf\u00f8je vand til bordet \u00f8ges forn\u00f8jelsen, hvilket skaber et interaktivt milj\u00f8 for l\u00e6ring og leg. Egenskaber: * &#8211; leget\u00f8j beregnet til b\u00f8rn fra 2 \u00e5r, * [&hellip;]<\/p>\n","protected":false},"featured_media":0,"comment_status":"open","ping_status":"closed","template":"","meta":[],"product_brand":[],"product_cat":[31],"product_tag":[],"class_list":{"0":"post-27373","1":"product","2":"type-product","3":"status-publish","5":"product_cat-uncategorized-da","7":"first","8":"instock","9":"shipping-taxable","10":"purchasable","11":"product-type-simple"},"_links":{"self":[{"href":"https:\/\/nordicmart.andreevmaster.com\/da\/wp-json\/wp\/v2\/product\/27373","targetHints":{"allow":["GET"]}}],"collection":[{"href":"https:\/\/nordicmart.andreevmaster.com\/da\/wp-json\/wp\/v2\/product"}],"about":[{"href":"https:\/\/nordicmart.andreevmaster.com\/da\/wp-json\/wp\/v2\/types\/product"}],"replies":[{"embeddable":true,"href":"https:\/\/nordicmart.andreevmaster.com\/da\/wp-json\/wp\/v2\/comments?post=27373"}],"wp:attachment":[{"href":"https:\/\/nordicmart.andreevmaster.com\/da\/wp-json\/wp\/v2\/media?parent=27373"}],"wp:term":[{"taxonomy":"product_brand","embeddable":true,"href":"https:\/\/nordicmart.andreevmaster.com\/da\/wp-json\/wp\/v2\/product_brand?post=27373"},{"taxonomy":"product_cat","embeddable":true,"href":"https:\/\/nordicmart.andreevmaster.com\/da\/wp-json\/wp\/v2\/product_cat?post=27373"},{"taxonomy":"product_tag","embeddable":true,"href":"https:\/\/nordicmart.andreevmaster.com\/da\/wp-json\/wp\/v2\/product_tag?post=27373"}],"curies":[{"name":"wp","href":"https:\/\/api.w.org\/{rel}","templated":true}]}}