{"id":27372,"date":"2026-02-27T00:36:42","date_gmt":"2026-02-27T00:36:42","guid":{"rendered":"https:\/\/nordicmart.andreevmaster.com\/product\/woopie-baby-aktivt-bord-laeringsbord\/"},"modified":"2026-02-27T09:15:18","modified_gmt":"2026-02-27T09:15:18","slug":"woopie-baby-aktivt-bord-laeringsbord","status":"publish","type":"product","link":"https:\/\/nordicmart.andreevmaster.com\/da\/vare\/woopie-baby-aktivt-bord-laeringsbord\/","title":{"rendered":"WOOPIE BABY Aktivt bord L\u00e6ringsbord"},"content":{"rendered":"<p>Det aktive bord fra WOOPIE er et sjovt og l\u00e6rerigt bord til sm\u00e5b\u00f8rn, der giver dem timevis af kreativ leg. B\u00f8rnene kan lege med farverige bolde og se dem rulle ned ad banen. De kan ogs\u00e5 trykke p\u00e5 forskellige knapper, der aktiverer lyde og lys, og opdage nye former, farver og dyr. Bordet har ogs\u00e5 sensoriske leget\u00f8j s\u00e5som en rangle, et spejl og en bidering, der stimulerer barnets sanser. Active Table er den perfekte gave til b\u00f8rn, der kan lide at l\u00e6re gennem leg.<\/p>\n<p>Funktioner:<\/p>\n<p>* &#8211; leget\u00f8j til b\u00f8rn fra 18 m\u00e5neder,<br \/>\n* &#8211; leget\u00f8jet indeholder et tukanformet klaver, der kan fjernes og bruges som et separat leget\u00f8j,<br \/>\n* &#8211; kuglet\u00e5rn, hvor barnet kan se kuglerne falde ned ovenfra,* &#8211; aftagelig boldkurv,<br \/>\n* &#8211; takket v\u00e6re den enkle fjernelse af benene kan bordet ogs\u00e5 bruges som et p\u00e6dagogisk br\u00e6t,<br \/>\n* &#8211; solid og stabil konstruktion,<br \/>\n* &#8211; kr\u00e6ver batterier: 2 x AA (batterier medf\u00f8lger ikke).<\/p>\n<p>Leget\u00f8jet udvikler:<\/p>\n<p>* &#8211; udvikler psykomotoriske f\u00e6rdigheder,<br \/>\n* &#8211; hj\u00e6lper barnet med den rette udvikling af sanserne,<br \/>\n* &#8211; stimulerer nysgerrigheden,<br \/>\n* &#8211; hj\u00e6lper med at udvikle h\u00e5nd-\u00f8je-koordinationen.<\/p>\n","protected":false},"excerpt":{"rendered":"<p>Det aktive bord fra WOOPIE er et sjovt og l\u00e6rerigt bord til sm\u00e5b\u00f8rn, der giver dem timevis af kreativ leg. B\u00f8rnene kan lege med farverige bolde og se dem rulle ned ad banen. De kan ogs\u00e5 trykke p\u00e5 forskellige knapper, der aktiverer lyde og lys, og opdage nye former, farver og dyr. Bordet har ogs\u00e5 [&hellip;]<\/p>\n","protected":false},"featured_media":0,"comment_status":"open","ping_status":"closed","template":"","meta":[],"product_brand":[],"product_cat":[31],"product_tag":[],"class_list":{"0":"post-27372","1":"product","2":"type-product","3":"status-publish","5":"product_cat-uncategorized-da","7":"first","8":"instock","9":"shipping-taxable","10":"purchasable","11":"product-type-simple"},"_links":{"self":[{"href":"https:\/\/nordicmart.andreevmaster.com\/da\/wp-json\/wp\/v2\/product\/27372","targetHints":{"allow":["GET"]}}],"collection":[{"href":"https:\/\/nordicmart.andreevmaster.com\/da\/wp-json\/wp\/v2\/product"}],"about":[{"href":"https:\/\/nordicmart.andreevmaster.com\/da\/wp-json\/wp\/v2\/types\/product"}],"replies":[{"embeddable":true,"href":"https:\/\/nordicmart.andreevmaster.com\/da\/wp-json\/wp\/v2\/comments?post=27372"}],"wp:attachment":[{"href":"https:\/\/nordicmart.andreevmaster.com\/da\/wp-json\/wp\/v2\/media?parent=27372"}],"wp:term":[{"taxonomy":"product_brand","embeddable":true,"href":"https:\/\/nordicmart.andreevmaster.com\/da\/wp-json\/wp\/v2\/product_brand?post=27372"},{"taxonomy":"product_cat","embeddable":true,"href":"https:\/\/nordicmart.andreevmaster.com\/da\/wp-json\/wp\/v2\/product_cat?post=27372"},{"taxonomy":"product_tag","embeddable":true,"href":"https:\/\/nordicmart.andreevmaster.com\/da\/wp-json\/wp\/v2\/product_tag?post=27372"}],"curies":[{"name":"wp","href":"https:\/\/api.w.org\/{rel}","templated":true}]}}