{"id":27371,"date":"2026-02-27T00:36:42","date_gmt":"2026-02-27T00:36:42","guid":{"rendered":"https:\/\/nordicmart.andreevmaster.com\/product\/woopie-baby-5-i-1-multifunktionel-gavogn-pink-1\/"},"modified":"2026-02-27T09:15:18","modified_gmt":"2026-02-27T09:15:18","slug":"woopie-baby-5-i-1-multifunktionel-gavogn-pink-1","status":"publish","type":"product","link":"https:\/\/nordicmart.andreevmaster.com\/da\/vare\/woopie-baby-5-i-1-multifunktionel-gavogn-pink-1\/","title":{"rendered":"WOOPIE BABY 5-i-1 multifunktionel g\u00e5vogn Pink 1+"},"content":{"rendered":"<p>Den 5-i-1 multifunktionelle g\u00e5vogn fra WOOPIE er et leget\u00f8j, der vokser med dit barn, giver det gl\u00e6de og holder det besk\u00e6ftiget i lang tid, mens det vokser op. Leget\u00f8jet opmuntrer dem til at tage deres f\u00f8rste skridt og giver mange andre muligheder for leg og l\u00e6ring. Funktioner:<\/p>\n<p>* &#8211; leget\u00f8j til b\u00f8rn fra 1 \u00e5r og opefter<br \/>\n* &#8211; s\u00e6ttet indeholder en g\u00e5vogn med et p\u00e6dagogisk panel, 3 bolde, et s\u00e6de, et h\u00e5ndtag til for\u00e6ldrene og en vippe<br \/>\n* &#8211; leget\u00f8jets funktioner kan \u00e6ndres afh\u00e6ngigt af barnets alder og behov<br \/>\n* &#8211; leget\u00f8jet kr\u00e6ver batterier &#8211; ikke inkluderet i s\u00e6ttet<\/p>\n<p>S\u00e6ttet indeholder:<\/p>\n<p>* &#8211; g\u00e5vogn med h\u00e5ndtag og hastighedskontrol i baghjulene<br \/>\n* &#8211; l\u00e6rerigt panel med klaver, basketball, tandhjul, t\u00e6lleperler og andre attraktioner<br \/>\n* &#8211; 3 bolde til at kaste og hoppe med<br \/>\n* &#8211; s\u00e6de, der kan fastg\u00f8res til rollatoren og omdanne den til et leget\u00f8j, man kan k\u00f8re p\u00e5<br \/>\n* &#8211; h\u00e5ndtag, som for\u00e6ldrene kan bruge til at skubbe leget\u00f8jet<br \/>\n* &#8211; vippe, der kan fastg\u00f8res til rollatoren og omdanne den til en gynge<br \/>\n* &#8211; brugsanvisning (p\u00e5 polsk)<br \/>\n* &#8211; leget\u00f8jet kr\u00e6ver batterier &#8211; 3x AA 1,5V (medf\u00f8lger ikke)<\/p>\n<p>Leget\u00f8jet udvikler:<\/p>\n<p>* &#8211; selvst\u00e6ndig gang<br \/>\n* &#8211; motorisk koordination<br \/>\n* &#8211; t\u00e6lle- og l\u00e6sef\u00e6rdigheder<br \/>\n* &#8211; h\u00f8relse og syn<br \/>\n* &#8211; kreativitet og leg<br \/>\n* &#8211; efterligning og samarbejde<\/p>\n","protected":false},"excerpt":{"rendered":"<p>Den 5-i-1 multifunktionelle g\u00e5vogn fra WOOPIE er et leget\u00f8j, der vokser med dit barn, giver det gl\u00e6de og holder det besk\u00e6ftiget i lang tid, mens det vokser op. Leget\u00f8jet opmuntrer dem til at tage deres f\u00f8rste skridt og giver mange andre muligheder for leg og l\u00e6ring. Funktioner: * &#8211; leget\u00f8j til b\u00f8rn fra 1 \u00e5r [&hellip;]<\/p>\n","protected":false},"featured_media":0,"comment_status":"open","ping_status":"closed","template":"","meta":[],"product_brand":[],"product_cat":[31],"product_tag":[],"class_list":{"0":"post-27371","1":"product","2":"type-product","3":"status-publish","5":"product_cat-uncategorized-da","7":"first","8":"instock","9":"shipping-taxable","10":"purchasable","11":"product-type-simple"},"_links":{"self":[{"href":"https:\/\/nordicmart.andreevmaster.com\/da\/wp-json\/wp\/v2\/product\/27371","targetHints":{"allow":["GET"]}}],"collection":[{"href":"https:\/\/nordicmart.andreevmaster.com\/da\/wp-json\/wp\/v2\/product"}],"about":[{"href":"https:\/\/nordicmart.andreevmaster.com\/da\/wp-json\/wp\/v2\/types\/product"}],"replies":[{"embeddable":true,"href":"https:\/\/nordicmart.andreevmaster.com\/da\/wp-json\/wp\/v2\/comments?post=27371"}],"wp:attachment":[{"href":"https:\/\/nordicmart.andreevmaster.com\/da\/wp-json\/wp\/v2\/media?parent=27371"}],"wp:term":[{"taxonomy":"product_brand","embeddable":true,"href":"https:\/\/nordicmart.andreevmaster.com\/da\/wp-json\/wp\/v2\/product_brand?post=27371"},{"taxonomy":"product_cat","embeddable":true,"href":"https:\/\/nordicmart.andreevmaster.com\/da\/wp-json\/wp\/v2\/product_cat?post=27371"},{"taxonomy":"product_tag","embeddable":true,"href":"https:\/\/nordicmart.andreevmaster.com\/da\/wp-json\/wp\/v2\/product_tag?post=27371"}],"curies":[{"name":"wp","href":"https:\/\/api.w.org\/{rel}","templated":true}]}}