{"id":27369,"date":"2026-02-27T00:36:41","date_gmt":"2026-02-27T00:36:41","guid":{"rendered":"https:\/\/nordicmart.andreevmaster.com\/product\/little-tikes-bla-gyngende-hval\/"},"modified":"2026-02-27T09:15:17","modified_gmt":"2026-02-27T09:15:17","slug":"little-tikes-bla-gyngende-hval","status":"publish","type":"product","link":"https:\/\/nordicmart.andreevmaster.com\/da\/vare\/little-tikes-bla-gyngende-hval\/","title":{"rendered":"LITTLE TIKES Bl\u00e5 gyngende hval"},"content":{"rendered":"<p>Den bl\u00e5 gyngende hval fra det kendte m\u00e6rke Little Tikes er den perfekte gaveid\u00e9. Gyngning er en af de aktiviteter, som b\u00f8rn nyder, fordi det minder dem om, hvordan de blev fork\u00e6let ved at blive gynget, svinget og b\u00e5ret i deres for\u00e6ldres arme. Hvis dit barn kan lide dyr, s\u00e5 s\u00e6t det p\u00e5 vores s\u00f8de hval og se, hvor hurtigt dit barn bliver venner med den. Leg vil ikke kun bringe en masse gl\u00e6de, men vil ogs\u00e5 sikre dit barns rette udvikling. Gyngen stimulerer dit barns vestibul\u00e6re system, hvilket hj\u00e6lper det med at udvikle sig korrekt og l\u00e6re at sidde og g\u00e5 hurtigere. <\/p>\n<p>Med de yngstes sikkerhed for \u00f8je er s\u00e6det placeret lavt, h\u00e5ndtagene er fastgjort sikkert, og fodst\u00f8tten er designet, s\u00e5 dit barns f\u00f8dder ikke glider under legen, og s\u00e5 der er masser af plads, s\u00e5 dit barn kan sidde behageligt.<\/p>\n<p>Funktioner:<\/p>\n<p>* &#8211; 1, 2 eller 3 b\u00f8rn kan gynge p\u00e5 den s\u00f8de hval p\u00e5 samme tid,<br \/>\n* &#8211; dens dimensioner g\u00f8r det muligt at lege b\u00e5de i haven og derhjemme,<br \/>\n* &#8211; hvalen er udstyret med robuste, komfortable h\u00e5ndtag,<br \/>\n* &#8211; brede og komfortable fodst\u00f8tter.<\/p>\n<p>Little Tikes tilbyder kreative l\u00f8sninger og holdbarhed, der giver b\u00f8rnene mulighed for at nyde legen i mange \u00e5r. Derfor er et af virksomhedens flagskibsprodukter Cozy Coupe\u00ae-k\u00f8ret\u00f8jet, som har gl\u00e6det b\u00f8rn i over tredive \u00e5r. Sortimentet omfatter ogs\u00e5 leget\u00f8j fra f\u00f8lgende kategorier: legehuse, husholdningsartikler, gynger og legepladser, gyngestole og g\u00e5vogne, m\u00f8bler, haveleget\u00f8j, b\u00f8rnek\u00f8ret\u00f8jer, rutsjebaner og klatrestativer.<\/p>\n","protected":false},"excerpt":{"rendered":"<p>Den bl\u00e5 gyngende hval fra det kendte m\u00e6rke Little Tikes er den perfekte gaveid\u00e9. Gyngning er en af de aktiviteter, som b\u00f8rn nyder, fordi det minder dem om, hvordan de blev fork\u00e6let ved at blive gynget, svinget og b\u00e5ret i deres for\u00e6ldres arme. Hvis dit barn kan lide dyr, s\u00e5 s\u00e6t det p\u00e5 vores s\u00f8de [&hellip;]<\/p>\n","protected":false},"featured_media":0,"comment_status":"open","ping_status":"closed","template":"","meta":[],"product_brand":[],"product_cat":[31],"product_tag":[],"class_list":{"0":"post-27369","1":"product","2":"type-product","3":"status-publish","5":"product_cat-uncategorized-da","7":"first","8":"instock","9":"shipping-taxable","10":"purchasable","11":"product-type-simple"},"_links":{"self":[{"href":"https:\/\/nordicmart.andreevmaster.com\/da\/wp-json\/wp\/v2\/product\/27369","targetHints":{"allow":["GET"]}}],"collection":[{"href":"https:\/\/nordicmart.andreevmaster.com\/da\/wp-json\/wp\/v2\/product"}],"about":[{"href":"https:\/\/nordicmart.andreevmaster.com\/da\/wp-json\/wp\/v2\/types\/product"}],"replies":[{"embeddable":true,"href":"https:\/\/nordicmart.andreevmaster.com\/da\/wp-json\/wp\/v2\/comments?post=27369"}],"wp:attachment":[{"href":"https:\/\/nordicmart.andreevmaster.com\/da\/wp-json\/wp\/v2\/media?parent=27369"}],"wp:term":[{"taxonomy":"product_brand","embeddable":true,"href":"https:\/\/nordicmart.andreevmaster.com\/da\/wp-json\/wp\/v2\/product_brand?post=27369"},{"taxonomy":"product_cat","embeddable":true,"href":"https:\/\/nordicmart.andreevmaster.com\/da\/wp-json\/wp\/v2\/product_cat?post=27369"},{"taxonomy":"product_tag","embeddable":true,"href":"https:\/\/nordicmart.andreevmaster.com\/da\/wp-json\/wp\/v2\/product_tag?post=27369"}],"curies":[{"name":"wp","href":"https:\/\/api.w.org\/{rel}","templated":true}]}}