{"id":27368,"date":"2026-02-27T00:36:41","date_gmt":"2026-02-27T00:36:41","guid":{"rendered":"https:\/\/nordicmart.andreevmaster.com\/product\/little-tikes-garden-playhouse-log-cabin-2\/"},"modified":"2026-02-27T09:15:17","modified_gmt":"2026-02-27T09:15:17","slug":"little-tikes-garden-playhouse-log-cabin-2","status":"publish","type":"product","link":"https:\/\/nordicmart.andreevmaster.com\/da\/vare\/little-tikes-garden-playhouse-log-cabin-2\/","title":{"rendered":"Little Tikes Garden Playhouse Log Cabin"},"content":{"rendered":"<p>Dette legehus til haven fra det kendte amerikanske firma Little Tikes er formet som en bj\u00e6lkehytte og ser meget realistisk ud. Den holdbare brune hytte ligner en tr\u00e6konstruktion med dobbeltv\u00e6gge og vil give mange \u00e5rs sjov. Det er den perfekte l\u00f8sning til for\u00e5rs- og sommerdage. Dit barn vil udvikle sig fysisk og l\u00e6re at lege i en gruppe.<\/p>\n<p>* Legehuset er lavet af &#8220;tr\u00e6&#8221;bj\u00e6lkev\u00e6gge, med en passende gr\u00f8n tagkonstruktion, l\u00e5sbare skodder og en indretning med et bord og en leget\u00f8jstelefon, og ligner en rigtig trapperhytte, men med et moderne twist.* Tr\u00e6havehuset er let at samle.<br \/>\n* Stole og service medf\u00f8lger ikke hytten. <\/p>\n<p>At lege i dette hus er et rigtigt eventyr! <\/p>\n<p>Pakkev\u00e6gt: 50 kg <\/p>\n<p>Little Tikes-produkter er kendt og elsket p\u00e5 alle kontinenter, i mange hjem, af utallige smilende b\u00f8rn og tilfredse for\u00e6ldre. Med b\u00f8rns sikkerhed for \u00f8je fremstiller Little Tikes produkter, der opfylder alle n\u00f8dvendige sikkerhedsstandarder. Med produktets holdbarhed for \u00f8je er leget\u00f8jet designet og fremstillet ved hj\u00e6lp af den mest passende teknologi, nemlig &#8220;rotationsst\u00f8bning&#8221;, der garanterer mange \u00e5rs sjov. Advarsel. Kun til brug i hjemmet.<\/p>\n","protected":false},"excerpt":{"rendered":"<p>Dette legehus til haven fra det kendte amerikanske firma Little Tikes er formet som en bj\u00e6lkehytte og ser meget realistisk ud. Den holdbare brune hytte ligner en tr\u00e6konstruktion med dobbeltv\u00e6gge og vil give mange \u00e5rs sjov. Det er den perfekte l\u00f8sning til for\u00e5rs- og sommerdage. Dit barn vil udvikle sig fysisk og l\u00e6re at lege [&hellip;]<\/p>\n","protected":false},"featured_media":0,"comment_status":"open","ping_status":"closed","template":"","meta":[],"product_brand":[],"product_cat":[31],"product_tag":[],"class_list":{"0":"post-27368","1":"product","2":"type-product","3":"status-publish","5":"product_cat-uncategorized-da","7":"first","8":"instock","9":"shipping-taxable","10":"purchasable","11":"product-type-simple"},"_links":{"self":[{"href":"https:\/\/nordicmart.andreevmaster.com\/da\/wp-json\/wp\/v2\/product\/27368","targetHints":{"allow":["GET"]}}],"collection":[{"href":"https:\/\/nordicmart.andreevmaster.com\/da\/wp-json\/wp\/v2\/product"}],"about":[{"href":"https:\/\/nordicmart.andreevmaster.com\/da\/wp-json\/wp\/v2\/types\/product"}],"replies":[{"embeddable":true,"href":"https:\/\/nordicmart.andreevmaster.com\/da\/wp-json\/wp\/v2\/comments?post=27368"}],"wp:attachment":[{"href":"https:\/\/nordicmart.andreevmaster.com\/da\/wp-json\/wp\/v2\/media?parent=27368"}],"wp:term":[{"taxonomy":"product_brand","embeddable":true,"href":"https:\/\/nordicmart.andreevmaster.com\/da\/wp-json\/wp\/v2\/product_brand?post=27368"},{"taxonomy":"product_cat","embeddable":true,"href":"https:\/\/nordicmart.andreevmaster.com\/da\/wp-json\/wp\/v2\/product_cat?post=27368"},{"taxonomy":"product_tag","embeddable":true,"href":"https:\/\/nordicmart.andreevmaster.com\/da\/wp-json\/wp\/v2\/product_tag?post=27368"}],"curies":[{"name":"wp","href":"https:\/\/api.w.org\/{rel}","templated":true}]}}