{"id":27367,"date":"2026-02-27T00:36:41","date_gmt":"2026-02-27T00:36:41","guid":{"rendered":"https:\/\/nordicmart.andreevmaster.com\/product\/stalridder-svaerd-med-messingornamenter-replika-96-cm-sp-c\/"},"modified":"2026-02-27T09:15:17","modified_gmt":"2026-02-27T09:15:17","slug":"stalridder-svaerd-med-messingornamenter-replika-96-cm-sp-c","status":"publish","type":"product","link":"https:\/\/nordicmart.andreevmaster.com\/da\/vare\/stalridder-svaerd-med-messingornamenter-replika-96-cm-sp-c\/","title":{"rendered":"St\u00e5lridder-sv\u00e6rd med messingornamenter &#8211; Replika 96 cm &#8211; SP-C"},"content":{"rendered":"<p>St\u00e5lridder-sv\u00e6rd med messingornamenter &#8211; Replika 96 cm &#8211; SP-C&nbsp;&nbsp;&nbsp;St\u00e5lridder-sv\u00e6rd &#8211; Replika 96 cm &#8211; SP-C er en majest\u00e6tisk replika af et ridder-sv\u00e6rd fra det 16. \u00e5rhundrede, som tager os tilbage til en fjern tid med glorv\u00e6rdige riddere og en \u00e6ra fuld af heroiske erobringer. Denne rigt dekorerede replika tiltr\u00e6kker opm\u00e6rksomhed med sit pr\u00e6cise h\u00e5ndv\u00e6rk og sans for detaljer.&nbsp;Denne n\u00f8jagtigt reproducerede replika er en unik gave til historieelskere, v\u00e5bensamlere og fans af ridderlegender. Den er ogs\u00e5 en fremragende gave til reenactors. Den kan ogs\u00e5 v\u00e6re en interessant indretningsdetalje.&nbsp;&nbsp;Produktinformation:&nbsp;M\u00e5l: 96 cmReplika af et sv\u00e6rd fra det 16. \u00e5rhundredeKlinge af rustfrit st\u00e5l (stump klinge)Rige dekorationer p\u00e5 h\u00e5ndtaget og f\u00e6sten &#8211; lavet af messing&nbsp;<\/p>\n","protected":false},"excerpt":{"rendered":"<p>St\u00e5lridder-sv\u00e6rd med messingornamenter &#8211; Replika 96 cm &#8211; SP-C&nbsp;&nbsp;&nbsp;St\u00e5lridder-sv\u00e6rd &#8211; Replika 96 cm &#8211; SP-C er en majest\u00e6tisk replika af et ridder-sv\u00e6rd fra det 16. \u00e5rhundrede, som tager os tilbage til en fjern tid med glorv\u00e6rdige riddere og en \u00e6ra fuld af heroiske erobringer. Denne rigt dekorerede replika tiltr\u00e6kker opm\u00e6rksomhed med sit pr\u00e6cise h\u00e5ndv\u00e6rk og [&hellip;]<\/p>\n","protected":false},"featured_media":45024,"comment_status":"open","ping_status":"closed","template":"","meta":[],"product_brand":[],"product_cat":[31],"product_tag":[],"class_list":{"0":"post-27367","1":"product","2":"type-product","3":"status-publish","4":"has-post-thumbnail","6":"product_cat-uncategorized-da","8":"first","9":"instock","10":"shipping-taxable","11":"purchasable","12":"product-type-simple"},"_links":{"self":[{"href":"https:\/\/nordicmart.andreevmaster.com\/da\/wp-json\/wp\/v2\/product\/27367","targetHints":{"allow":["GET"]}}],"collection":[{"href":"https:\/\/nordicmart.andreevmaster.com\/da\/wp-json\/wp\/v2\/product"}],"about":[{"href":"https:\/\/nordicmart.andreevmaster.com\/da\/wp-json\/wp\/v2\/types\/product"}],"replies":[{"embeddable":true,"href":"https:\/\/nordicmart.andreevmaster.com\/da\/wp-json\/wp\/v2\/comments?post=27367"}],"wp:featuredmedia":[{"embeddable":true,"href":"https:\/\/nordicmart.andreevmaster.com\/da\/wp-json\/wp\/v2\/media\/45024"}],"wp:attachment":[{"href":"https:\/\/nordicmart.andreevmaster.com\/da\/wp-json\/wp\/v2\/media?parent=27367"}],"wp:term":[{"taxonomy":"product_brand","embeddable":true,"href":"https:\/\/nordicmart.andreevmaster.com\/da\/wp-json\/wp\/v2\/product_brand?post=27367"},{"taxonomy":"product_cat","embeddable":true,"href":"https:\/\/nordicmart.andreevmaster.com\/da\/wp-json\/wp\/v2\/product_cat?post=27367"},{"taxonomy":"product_tag","embeddable":true,"href":"https:\/\/nordicmart.andreevmaster.com\/da\/wp-json\/wp\/v2\/product_tag?post=27367"}],"curies":[{"name":"wp","href":"https:\/\/api.w.org\/{rel}","templated":true}]}}