{"id":27366,"date":"2026-02-27T00:36:40","date_gmt":"2026-02-27T00:36:40","guid":{"rendered":"https:\/\/nordicmart.andreevmaster.com\/product\/morning-star-replica-2\/"},"modified":"2026-02-27T09:15:17","modified_gmt":"2026-02-27T09:15:17","slug":"morning-star-replica-2","status":"publish","type":"product","link":"https:\/\/nordicmart.andreevmaster.com\/da\/vare\/morning-star-replica-2\/","title":{"rendered":"Morning Star Replica"},"content":{"rendered":"<p>Morning Star Replica&nbsp;&nbsp;&nbsp;Replika af et historisk v\u00e5ben &#8211; Morning Star, fremstillet med sans for detaljer. Kombinationen af tr\u00e6, metal og l\u00e6derlignende materiale giver det et autentisk look, der passer perfekt til atmosf\u00e6ren i middelalderens slag og turneringer.&nbsp;&nbsp;Produktinformation:&nbsp;Materiale: tr\u00e6, metal, l\u00e6derlignende materiale H\u00e5ndtagsl\u00e6ngde: 25 cm Total l\u00e6ngde: 46 cm Perfekt til historieelskere &#8211; en perfekt gave til middelalderentusiaster, reenactors og samlere af hvide v\u00e5ben.Original dekoration \u2013 et fantastisk element i indretningen i historisk eller fantasystil. Rekvisitter til cosplay og reenactment \u2013 et perfekt supplement til ridderkostumer og temafremvisninger.&nbsp;<\/p>\n","protected":false},"excerpt":{"rendered":"<p>Morning Star Replica&nbsp;&nbsp;&nbsp;Replika af et historisk v\u00e5ben &#8211; Morning Star, fremstillet med sans for detaljer. Kombinationen af tr\u00e6, metal og l\u00e6derlignende materiale giver det et autentisk look, der passer perfekt til atmosf\u00e6ren i middelalderens slag og turneringer.&nbsp;&nbsp;Produktinformation:&nbsp;Materiale: tr\u00e6, metal, l\u00e6derlignende materiale H\u00e5ndtagsl\u00e6ngde: 25 cm Total l\u00e6ngde: 46 cm Perfekt til historieelskere &#8211; en perfekt gave [&hellip;]<\/p>\n","protected":false},"featured_media":45023,"comment_status":"open","ping_status":"closed","template":"","meta":[],"product_brand":[],"product_cat":[31],"product_tag":[],"class_list":{"0":"post-27366","1":"product","2":"type-product","3":"status-publish","4":"has-post-thumbnail","6":"product_cat-uncategorized-da","8":"first","9":"instock","10":"shipping-taxable","11":"purchasable","12":"product-type-simple"},"_links":{"self":[{"href":"https:\/\/nordicmart.andreevmaster.com\/da\/wp-json\/wp\/v2\/product\/27366","targetHints":{"allow":["GET"]}}],"collection":[{"href":"https:\/\/nordicmart.andreevmaster.com\/da\/wp-json\/wp\/v2\/product"}],"about":[{"href":"https:\/\/nordicmart.andreevmaster.com\/da\/wp-json\/wp\/v2\/types\/product"}],"replies":[{"embeddable":true,"href":"https:\/\/nordicmart.andreevmaster.com\/da\/wp-json\/wp\/v2\/comments?post=27366"}],"wp:featuredmedia":[{"embeddable":true,"href":"https:\/\/nordicmart.andreevmaster.com\/da\/wp-json\/wp\/v2\/media\/45023"}],"wp:attachment":[{"href":"https:\/\/nordicmart.andreevmaster.com\/da\/wp-json\/wp\/v2\/media?parent=27366"}],"wp:term":[{"taxonomy":"product_brand","embeddable":true,"href":"https:\/\/nordicmart.andreevmaster.com\/da\/wp-json\/wp\/v2\/product_brand?post=27366"},{"taxonomy":"product_cat","embeddable":true,"href":"https:\/\/nordicmart.andreevmaster.com\/da\/wp-json\/wp\/v2\/product_cat?post=27366"},{"taxonomy":"product_tag","embeddable":true,"href":"https:\/\/nordicmart.andreevmaster.com\/da\/wp-json\/wp\/v2\/product_tag?post=27366"}],"curies":[{"name":"wp","href":"https:\/\/api.w.org\/{rel}","templated":true}]}}