{"id":27365,"date":"2026-02-27T00:36:40","date_gmt":"2026-02-27T00:36:40","guid":{"rendered":"https:\/\/nordicmart.andreevmaster.com\/product\/woopie-baby-push-toy-walker-educational-table-scooter-ride-on-toy-4-in-1-2\/"},"modified":"2026-02-27T09:15:17","modified_gmt":"2026-02-27T09:15:17","slug":"woopie-baby-push-toy-walker-educational-table-scooter-ride-on-toy-4-in-1-2","status":"publish","type":"product","link":"https:\/\/nordicmart.andreevmaster.com\/da\/vare\/woopie-baby-push-toy-walker-educational-table-scooter-ride-on-toy-4-in-1-2\/","title":{"rendered":"WOOPIE BABY Push Toy Walker Educational Table Scooter Ride-on Toy 4-in-1"},"content":{"rendered":"<p>Oplev uendelige muligheder for sjov med det multifunktionelle interaktive ride-on-leget\u00f8j 4-i-1 fra WOOPIE! Dette p\u00e6dagogiske skubbeleget\u00f8j bliver din lille ones yndlingskammerat, der f\u00f8lger dem skridt for skridt fra deres f\u00f8rste dage med at kravle til at bev\u00e6ge sig frit rundt. <\/p>\n<p>Leget\u00f8jet er en sand skattekiste af overraskelser, som dit barn kan opdage p\u00e5 egen h\u00e5nd. Dette g\u00f8res lettere ved kombinationen af flere funktioner i \u00e9t leget\u00f8j: et skubbeleget\u00f8j, en scooter, et ride-on leget\u00f8j og et p\u00e6dagogisk bord, hvilket betyder, at dit barn ikke vil kede sig med det i lang tid.Hovedpanelet byder p\u00e5 en lang r\u00e6kke attraktioner: en mini-orgelkrabe til musikalsk udvikling, bev\u00e6gelige &#8220;d\u00f8re&#8221; med muntre dyr, roterende tandhjul, farverige klodser p\u00e5 snore til at l\u00e6re former og farver, en roterende rangle, en mini-regnestav med skiver og meget mere. Sikkerhed kommer f\u00f8rst \u2013 leget\u00f8jet er fremstillet af certificerede og \u00e6stetiske materialer af h\u00f8jeste kvalitet. Leget\u00f8jet har ingen uj\u00e6vne overflader eller skarpe kanter, hvilket garanterer fuldst\u00e6ndig sikkerhed ved brug. Produktkarakteristika:<\/p>\n<p>* &#8211; leget\u00f8j til b\u00f8rn fra 12 m\u00e5neder og opefter,<br \/>\n* &#8211; 4-i-1 p\u00e6dagogisk leget\u00f8j: skubbeleget\u00f8j, l\u00f8behjul, ride-on leget\u00f8j, bord,<br \/>\n* &#8211; p\u00e6dagogisk panel med interaktive elementer,<br \/>\n* &#8211; fremstillet af certificerede materialer af h\u00f8jeste kvalitet,* &#8211; baghjulene kan l\u00e5ses,<br \/>\n* &#8211; st\u00f8jsvage hjul, der ikke ridser overflader<\/p>\n<p>Leget\u00f8jet udvikler:<\/p>\n<p>* &#8211; manuelle f\u00e6rdigheder,<br \/>\n* &#8211; motorisk koordination,<br \/>\n* &#8211; evnen til at skelne former og farver,<br \/>\n* &#8211; kreativitet og fantasi,<br \/>\n* &#8211; logisk t\u00e6nkning.<\/p>\n","protected":false},"excerpt":{"rendered":"<p>Oplev uendelige muligheder for sjov med det multifunktionelle interaktive ride-on-leget\u00f8j 4-i-1 fra WOOPIE! Dette p\u00e6dagogiske skubbeleget\u00f8j bliver din lille ones yndlingskammerat, der f\u00f8lger dem skridt for skridt fra deres f\u00f8rste dage med at kravle til at bev\u00e6ge sig frit rundt. Leget\u00f8jet er en sand skattekiste af overraskelser, som dit barn kan opdage p\u00e5 egen h\u00e5nd. [&hellip;]<\/p>\n","protected":false},"featured_media":0,"comment_status":"open","ping_status":"closed","template":"","meta":[],"product_brand":[],"product_cat":[31],"product_tag":[],"class_list":{"0":"post-27365","1":"product","2":"type-product","3":"status-publish","5":"product_cat-uncategorized-da","7":"first","8":"instock","9":"shipping-taxable","10":"purchasable","11":"product-type-simple"},"_links":{"self":[{"href":"https:\/\/nordicmart.andreevmaster.com\/da\/wp-json\/wp\/v2\/product\/27365","targetHints":{"allow":["GET"]}}],"collection":[{"href":"https:\/\/nordicmart.andreevmaster.com\/da\/wp-json\/wp\/v2\/product"}],"about":[{"href":"https:\/\/nordicmart.andreevmaster.com\/da\/wp-json\/wp\/v2\/types\/product"}],"replies":[{"embeddable":true,"href":"https:\/\/nordicmart.andreevmaster.com\/da\/wp-json\/wp\/v2\/comments?post=27365"}],"wp:attachment":[{"href":"https:\/\/nordicmart.andreevmaster.com\/da\/wp-json\/wp\/v2\/media?parent=27365"}],"wp:term":[{"taxonomy":"product_brand","embeddable":true,"href":"https:\/\/nordicmart.andreevmaster.com\/da\/wp-json\/wp\/v2\/product_brand?post=27365"},{"taxonomy":"product_cat","embeddable":true,"href":"https:\/\/nordicmart.andreevmaster.com\/da\/wp-json\/wp\/v2\/product_cat?post=27365"},{"taxonomy":"product_tag","embeddable":true,"href":"https:\/\/nordicmart.andreevmaster.com\/da\/wp-json\/wp\/v2\/product_tag?post=27365"}],"curies":[{"name":"wp","href":"https:\/\/api.w.org\/{rel}","templated":true}]}}