{"id":27364,"date":"2026-02-27T00:36:40","date_gmt":"2026-02-27T00:36:40","guid":{"rendered":"https:\/\/nordicmart.andreevmaster.com\/product\/woopie-castle-playground-3-i-1-gynge-og-rutsjebane-166-cm\/"},"modified":"2026-02-27T09:15:16","modified_gmt":"2026-02-27T09:15:16","slug":"woopie-castle-playground-3-i-1-gynge-og-rutsjebane-166-cm","status":"publish","type":"product","link":"https:\/\/nordicmart.andreevmaster.com\/da\/vare\/woopie-castle-playground-3-i-1-gynge-og-rutsjebane-166-cm\/","title":{"rendered":"WOOPIE Castle Playground 3-i-1 gynge og rutsjebane 166 cm"},"content":{"rendered":"<p>Castle Playground er en k\u00e6mpe f\u00e6stning, hvor dit barn og dets venner kan lege! Legepladsen best\u00e5r af et t\u00e5rn med en rutsjebane og en gynge. T\u00e5rnet har mange vinduer og \u00e5bninger, der lukker masser af lys ind. Derudover kan man g\u00e5 ud gennem sided\u00f8ren og bruge trappen med solide gel\u00e6ndere til at klatre op til toppen af t\u00e5rnet og rutsje ned ad den 166 cm lange rutsjebane. T\u00e5rnet har h\u00f8je sideg\u00e6rder, der beskytter b\u00f8rnene, n\u00e5r de bruger rutsjebanen, som er lang og ret stejl, hvilket vil g\u00f8re alle b\u00f8rn fuldt ud tilfredse. Denne vidunderlige legeplads suppleres af en gynge, der kan indstilles p\u00e5 tre m\u00e5der afh\u00e6ngigt af b\u00f8rnenes alder og behov (maksimal belastning 50 kg). Den er lavet af UV-beskyttet plast af h\u00f8j kvalitet \u2013 ideel til udend\u00f8rs brug og perfekt til leg derhjemme!<\/p>\n<p>Egenskaber:<\/p>\n<p>* &#8211; leget\u00f8j til b\u00f8rn fra 3 \u00e5r<br \/>\n* &#8211; 3-i-1 \u2013 t\u00e5rn, rutsjebane og gynge<br \/>\n* &#8211; rutsjebanens l\u00e6ngde: 166 cm<br \/>\n* &#8211; maks. belastning: 50 (kg)<br \/>\n* &#8211; middelalderligt design<br \/>\n* &#8211; fremstillet af b\u00f8rnevenligt, sikkert, UV-beskyttet og holdbart materiale<br \/>\n* &#8211; udvikler b\u00f8rns grovmotorik, fantasi og kreativitet<br \/>\n* &#8211; til indend\u00f8rs og udend\u00f8rs brug<\/p>\n","protected":false},"excerpt":{"rendered":"<p>Castle Playground er en k\u00e6mpe f\u00e6stning, hvor dit barn og dets venner kan lege! Legepladsen best\u00e5r af et t\u00e5rn med en rutsjebane og en gynge. T\u00e5rnet har mange vinduer og \u00e5bninger, der lukker masser af lys ind. Derudover kan man g\u00e5 ud gennem sided\u00f8ren og bruge trappen med solide gel\u00e6ndere til at klatre op til [&hellip;]<\/p>\n","protected":false},"featured_media":0,"comment_status":"open","ping_status":"closed","template":"","meta":[],"product_brand":[],"product_cat":[31],"product_tag":[],"class_list":{"0":"post-27364","1":"product","2":"type-product","3":"status-publish","5":"product_cat-uncategorized-da","7":"first","8":"instock","9":"shipping-taxable","10":"purchasable","11":"product-type-simple"},"_links":{"self":[{"href":"https:\/\/nordicmart.andreevmaster.com\/da\/wp-json\/wp\/v2\/product\/27364","targetHints":{"allow":["GET"]}}],"collection":[{"href":"https:\/\/nordicmart.andreevmaster.com\/da\/wp-json\/wp\/v2\/product"}],"about":[{"href":"https:\/\/nordicmart.andreevmaster.com\/da\/wp-json\/wp\/v2\/types\/product"}],"replies":[{"embeddable":true,"href":"https:\/\/nordicmart.andreevmaster.com\/da\/wp-json\/wp\/v2\/comments?post=27364"}],"wp:attachment":[{"href":"https:\/\/nordicmart.andreevmaster.com\/da\/wp-json\/wp\/v2\/media?parent=27364"}],"wp:term":[{"taxonomy":"product_brand","embeddable":true,"href":"https:\/\/nordicmart.andreevmaster.com\/da\/wp-json\/wp\/v2\/product_brand?post=27364"},{"taxonomy":"product_cat","embeddable":true,"href":"https:\/\/nordicmart.andreevmaster.com\/da\/wp-json\/wp\/v2\/product_cat?post=27364"},{"taxonomy":"product_tag","embeddable":true,"href":"https:\/\/nordicmart.andreevmaster.com\/da\/wp-json\/wp\/v2\/product_tag?post=27364"}],"curies":[{"name":"wp","href":"https:\/\/api.w.org\/{rel}","templated":true}]}}