{"id":27363,"date":"2026-02-27T00:36:40","date_gmt":"2026-02-27T00:36:40","guid":{"rendered":"https:\/\/nordicmart.andreevmaster.com\/product\/woopie-legeplads-legehus-med-rutsjebane-123-cm\/"},"modified":"2026-02-27T09:15:16","modified_gmt":"2026-02-27T09:15:16","slug":"woopie-legeplads-legehus-med-rutsjebane-123-cm","status":"publish","type":"product","link":"https:\/\/nordicmart.andreevmaster.com\/da\/vare\/woopie-legeplads-legehus-med-rutsjebane-123-cm\/","title":{"rendered":"WOOPIE Legeplads Legehus med rutsjebane 123 cm"},"content":{"rendered":"<p>WOOPIE legeplads er det perfekte sted for dit barn og dets venner at lege! Legepladsen best\u00e5r af to huse og en rutsjebane. Huset har masser af plads til at lege og kan \u00e5bne d\u00f8re og vinduer. Rutsjebanen er 123 cm lang. Den er lavet af UV-beskyttet plast i h\u00f8j kvalitet \u2013 ideel til udend\u00f8rs brug og perfekt til leg derhjemme!<br \/>\nEgenskaber:<br \/>\n* &#8211; leget\u00f8j til b\u00f8rn fra 3 \u00e5r<br \/>\n* &#8211; rutsjebane l\u00e6ngde: 123 cm<br \/>\n* &#8211; udstyret med 2 huse og rutsjebaner<br \/>\n* &#8211; lavet af b\u00f8rnevenligt, sikkert, UV-beskyttet og holdbart materiale<br \/>\n* &#8211; udvikler grovmotorik, fantasi og kreativitet hos b\u00f8rn<br \/>\n* &#8211; til indend\u00f8rs og udend\u00f8rs brug.<\/p>\n","protected":false},"excerpt":{"rendered":"<p>WOOPIE legeplads er det perfekte sted for dit barn og dets venner at lege! Legepladsen best\u00e5r af to huse og en rutsjebane. Huset har masser af plads til at lege og kan \u00e5bne d\u00f8re og vinduer. Rutsjebanen er 123 cm lang. Den er lavet af UV-beskyttet plast i h\u00f8j kvalitet \u2013 ideel til udend\u00f8rs brug [&hellip;]<\/p>\n","protected":false},"featured_media":0,"comment_status":"open","ping_status":"closed","template":"","meta":[],"product_brand":[],"product_cat":[31],"product_tag":[],"class_list":{"0":"post-27363","1":"product","2":"type-product","3":"status-publish","5":"product_cat-uncategorized-da","7":"first","8":"instock","9":"shipping-taxable","10":"purchasable","11":"product-type-simple"},"_links":{"self":[{"href":"https:\/\/nordicmart.andreevmaster.com\/da\/wp-json\/wp\/v2\/product\/27363","targetHints":{"allow":["GET"]}}],"collection":[{"href":"https:\/\/nordicmart.andreevmaster.com\/da\/wp-json\/wp\/v2\/product"}],"about":[{"href":"https:\/\/nordicmart.andreevmaster.com\/da\/wp-json\/wp\/v2\/types\/product"}],"replies":[{"embeddable":true,"href":"https:\/\/nordicmart.andreevmaster.com\/da\/wp-json\/wp\/v2\/comments?post=27363"}],"wp:attachment":[{"href":"https:\/\/nordicmart.andreevmaster.com\/da\/wp-json\/wp\/v2\/media?parent=27363"}],"wp:term":[{"taxonomy":"product_brand","embeddable":true,"href":"https:\/\/nordicmart.andreevmaster.com\/da\/wp-json\/wp\/v2\/product_brand?post=27363"},{"taxonomy":"product_cat","embeddable":true,"href":"https:\/\/nordicmart.andreevmaster.com\/da\/wp-json\/wp\/v2\/product_cat?post=27363"},{"taxonomy":"product_tag","embeddable":true,"href":"https:\/\/nordicmart.andreevmaster.com\/da\/wp-json\/wp\/v2\/product_tag?post=27363"}],"curies":[{"name":"wp","href":"https:\/\/api.w.org\/{rel}","templated":true}]}}