{"id":27362,"date":"2026-02-27T00:36:39","date_gmt":"2026-02-27T00:36:39","guid":{"rendered":"https:\/\/nordicmart.andreevmaster.com\/product\/little-tikes-stort-picnicbord-blat-bord\/"},"modified":"2026-02-27T09:15:16","modified_gmt":"2026-02-27T09:15:16","slug":"little-tikes-stort-picnicbord-blat-bord","status":"publish","type":"product","link":"https:\/\/nordicmart.andreevmaster.com\/da\/vare\/little-tikes-stort-picnicbord-blat-bord\/","title":{"rendered":"Little Tikes stort picnicbord Bl\u00e5t bord"},"content":{"rendered":"<p>Udstyr og funktioner:<\/p>\n<p>-6 b\u00f8rn kan sidde ved det store picnicbord p\u00e5 samme tid<\/p>\n<p>-Bordet er perfekt til alle former for aktiviteter og leg<\/p>\n<p>-Det er udstyret med komfortable s\u00e6der<\/p>\n<p>-Afrundede og glatte kanter for sikkerhedens skyld<\/p>\n<p>-Let at holde rent<\/p>\n<p>Little Tikes-produkter er kendt og elsket p\u00e5 alle kontinenter, i mange hjem, af utallige smilende b\u00f8rn og tilfredse for\u00e6ldre. Little Tikes fremstiller produkter, der garanterer alle n\u00f8dvendige sikkerhedsstandarder. Med produktets holdbarhed for \u00f8je er leget\u00f8jet designet og fremstillet ved hj\u00e6lp af den mest passende teknologi, rotationsst\u00f8bning, der sikrer mange \u00e5rs sjov.<\/p>\n","protected":false},"excerpt":{"rendered":"<p>Udstyr og funktioner: -6 b\u00f8rn kan sidde ved det store picnicbord p\u00e5 samme tid -Bordet er perfekt til alle former for aktiviteter og leg -Det er udstyret med komfortable s\u00e6der -Afrundede og glatte kanter for sikkerhedens skyld -Let at holde rent Little Tikes-produkter er kendt og elsket p\u00e5 alle kontinenter, i mange hjem, af utallige [&hellip;]<\/p>\n","protected":false},"featured_media":0,"comment_status":"open","ping_status":"closed","template":"","meta":[],"product_brand":[],"product_cat":[31],"product_tag":[],"class_list":{"0":"post-27362","1":"product","2":"type-product","3":"status-publish","5":"product_cat-uncategorized-da","7":"first","8":"instock","9":"shipping-taxable","10":"purchasable","11":"product-type-simple"},"_links":{"self":[{"href":"https:\/\/nordicmart.andreevmaster.com\/da\/wp-json\/wp\/v2\/product\/27362","targetHints":{"allow":["GET"]}}],"collection":[{"href":"https:\/\/nordicmart.andreevmaster.com\/da\/wp-json\/wp\/v2\/product"}],"about":[{"href":"https:\/\/nordicmart.andreevmaster.com\/da\/wp-json\/wp\/v2\/types\/product"}],"replies":[{"embeddable":true,"href":"https:\/\/nordicmart.andreevmaster.com\/da\/wp-json\/wp\/v2\/comments?post=27362"}],"wp:attachment":[{"href":"https:\/\/nordicmart.andreevmaster.com\/da\/wp-json\/wp\/v2\/media?parent=27362"}],"wp:term":[{"taxonomy":"product_brand","embeddable":true,"href":"https:\/\/nordicmart.andreevmaster.com\/da\/wp-json\/wp\/v2\/product_brand?post=27362"},{"taxonomy":"product_cat","embeddable":true,"href":"https:\/\/nordicmart.andreevmaster.com\/da\/wp-json\/wp\/v2\/product_cat?post=27362"},{"taxonomy":"product_tag","embeddable":true,"href":"https:\/\/nordicmart.andreevmaster.com\/da\/wp-json\/wp\/v2\/product_tag?post=27362"}],"curies":[{"name":"wp","href":"https:\/\/api.w.org\/{rel}","templated":true}]}}