{"id":27361,"date":"2026-02-27T00:36:39","date_gmt":"2026-02-27T00:36:39","guid":{"rendered":"https:\/\/nordicmart.andreevmaster.com\/product\/woopie-sensorisk-ortopaedisk-matte-til-hjemme-spa-12-stk\/"},"modified":"2026-02-27T09:15:16","modified_gmt":"2026-02-27T09:15:16","slug":"woopie-sensorisk-ortopaedisk-matte-til-hjemme-spa-12-stk","status":"publish","type":"product","link":"https:\/\/nordicmart.andreevmaster.com\/da\/vare\/woopie-sensorisk-ortopaedisk-matte-til-hjemme-spa-12-stk\/","title":{"rendered":"WOOPIE Sensorisk ortop\u00e6disk m\u00e5tte til hjemme-SPA 12 stk."},"content":{"rendered":"<p>Et s\u00e6t sensoriske m\u00e5tter til hjemme-SPA anbefalet af Woopie-m\u00e6rket giver dig afslapning og sundhed. M\u00e5tten kan placeres i bruseren og nydes som en afslappende fodmassage. Om aftenen lindrer massagen tr\u00e6tte og h\u00e6vede ben, og om morgenen giver den dem ny energi til dagen, der venter. M\u00e5tten kan ogs\u00e5 placeres i badev\u00e6relset ved spejlet og bruges til at stimulere receptorer i f\u00f8dderne, mens du f.eks. t\u00f8rrer dit h\u00e5r. S\u00e6ttet indeholder 12 elementer. Det best\u00e5r af overflader, der styrker kernen og sikrer balance og stabilitet under tr\u00e6ning. En yderligere fordel er styrkelsen af anklerne og de indre muskler, som hj\u00e6lper med at opretholde en korrekt kropsholdning.Brug af m\u00e5tten stimulerer sanserne, masserer f\u00f8dderne og reducerer forekomsten af platf\u00f8dder. M\u00e5tterne p\u00e5virker ogs\u00e5 barnets sensoriske integration, dvs. evnen til at f\u00f8le og reagere p\u00e5 information fra kroppen og omgivelserne.<\/p>\n<p>Egenskaber:<\/p>\n<p>* &#8211; sensorisk, ortop\u00e6disk m\u00e5tte<br \/>\n* &#8211; fodmassage<br \/>\n* &#8211; kan placeres i bruseren, spejl<br \/>\n* &#8211; sundhed og sjov<br \/>\n* &#8211; til b\u00f8rn og voksne, der elsker at g\u00e5 barfodet<\/p>\n<p>Fordele og funktion:<\/p>\n<p>* &#8211; styrker kernen og sikrer balance og stabilitet under tr\u00e6ning<br \/>\n* &#8211; styrker anklerne og de indre muskler, hvilket hj\u00e6lper med at opretholde en korrekt kropsholdning<br \/>\n* &#8211; stimulerer sanserne, masserer f\u00f8dderne og reducerer platf\u00f8dder<br \/>\n* &#8211; p\u00e5virker barnets sensoriske integration, dvs. evnen til at f\u00f8le og reagere p\u00e5 information fra kroppen og omgivelserne<br \/>\n* &#8211; giver afslapning<\/p>\n<p>M\u00e5tten best\u00e5r af 12 elementer: &#8211; 4x m\u00e5tter: bl\u00f8d beige eng, h\u00e5rde beige r\u00f8dder, store h\u00e5rde gr\u00e5 sten, sm\u00e5 h\u00e5rde gr\u00e5 sm\u00e5sten &#8211; 8x beige afslutningselementer<\/p>\n","protected":false},"excerpt":{"rendered":"<p>Et s\u00e6t sensoriske m\u00e5tter til hjemme-SPA anbefalet af Woopie-m\u00e6rket giver dig afslapning og sundhed. M\u00e5tten kan placeres i bruseren og nydes som en afslappende fodmassage. Om aftenen lindrer massagen tr\u00e6tte og h\u00e6vede ben, og om morgenen giver den dem ny energi til dagen, der venter. M\u00e5tten kan ogs\u00e5 placeres i badev\u00e6relset ved spejlet og bruges [&hellip;]<\/p>\n","protected":false},"featured_media":0,"comment_status":"open","ping_status":"closed","template":"","meta":[],"product_brand":[],"product_cat":[31],"product_tag":[],"class_list":{"0":"post-27361","1":"product","2":"type-product","3":"status-publish","5":"product_cat-uncategorized-da","7":"first","8":"instock","9":"shipping-taxable","10":"purchasable","11":"product-type-simple"},"_links":{"self":[{"href":"https:\/\/nordicmart.andreevmaster.com\/da\/wp-json\/wp\/v2\/product\/27361","targetHints":{"allow":["GET"]}}],"collection":[{"href":"https:\/\/nordicmart.andreevmaster.com\/da\/wp-json\/wp\/v2\/product"}],"about":[{"href":"https:\/\/nordicmart.andreevmaster.com\/da\/wp-json\/wp\/v2\/types\/product"}],"replies":[{"embeddable":true,"href":"https:\/\/nordicmart.andreevmaster.com\/da\/wp-json\/wp\/v2\/comments?post=27361"}],"wp:attachment":[{"href":"https:\/\/nordicmart.andreevmaster.com\/da\/wp-json\/wp\/v2\/media?parent=27361"}],"wp:term":[{"taxonomy":"product_brand","embeddable":true,"href":"https:\/\/nordicmart.andreevmaster.com\/da\/wp-json\/wp\/v2\/product_brand?post=27361"},{"taxonomy":"product_cat","embeddable":true,"href":"https:\/\/nordicmart.andreevmaster.com\/da\/wp-json\/wp\/v2\/product_cat?post=27361"},{"taxonomy":"product_tag","embeddable":true,"href":"https:\/\/nordicmart.andreevmaster.com\/da\/wp-json\/wp\/v2\/product_tag?post=27361"}],"curies":[{"name":"wp","href":"https:\/\/api.w.org\/{rel}","templated":true}]}}