{"id":27358,"date":"2026-02-27T00:36:38","date_gmt":"2026-02-27T00:36:38","guid":{"rendered":"https:\/\/nordicmart.andreevmaster.com\/product\/woopie-sensorisk-ortopaedisk-puslespil-matte-haender-og-fodder-16-stk-beige\/"},"modified":"2026-02-27T09:15:15","modified_gmt":"2026-02-27T09:15:15","slug":"woopie-sensorisk-ortopaedisk-puslespil-matte-haender-og-fodder-16-stk-beige","status":"publish","type":"product","link":"https:\/\/nordicmart.andreevmaster.com\/da\/vare\/woopie-sensorisk-ortopaedisk-puslespil-matte-haender-og-fodder-16-stk-beige\/","title":{"rendered":"WOOPIE Sensorisk ortop\u00e6disk puslespil-m\u00e5tte H\u00e6nder og f\u00f8dder 16 stk. &#8211; Beige"},"content":{"rendered":"<p>Denne sensoriske m\u00e5tte, der anbefales af Woopie, har fremragende ortop\u00e6diske egenskaber og er uundv\u00e6rlig for at st\u00f8tte dit barns udvikling. Den kan ogs\u00e5 v\u00e6re rigtig sjov for b\u00f8rn, der elsker at g\u00e5 barfodet. S\u00e6ttet indeholder 16 stykker\/puslespil til brug af venstre og h\u00f8jre h\u00e5nd og fod. En m\u00e5tte til tr\u00e6ning af ikke kun kroppen, men ogs\u00e5 sindet. Den giver dit barn mulighed for at bruge begge hjernehalvdele, mens det har det sjovt og l\u00e6rer h\u00f8jre og venstre. B\u00f8rn udvikler deres evne til at bestemme retninger i rummet ved aktivt at bruge deres h\u00f8jre og venstre h\u00e5nd og fod skiftevis og dermed forme deres retningsorientering. At tilegne sig evnen til at skelne mellem venstre og h\u00f8jre er en af de st\u00f8rste udfordringer for alle b\u00f8rn. \u00d8velser p\u00e5 m\u00e5tten giver dem mulighed for at &#8220;tage tyren ved hornene&#8221; og blive fortrolige med emnet. Dette s\u00e6t sikrer en alsidig udvikling og masser af sjov ved at engagere og tr\u00e6ne begge hjernehalvdele. Brug af ortop\u00e6diske m\u00e5tter stimulerer sanserne, masserer f\u00f8dderne og reducerer forekomsten af platf\u00f8dder. M\u00e5tter p\u00e5virker ogs\u00e5 barnets sensoriske integration, dvs. evnen til at f\u00f8le og reagere p\u00e5 information fra kroppen og omgivelserne.<\/p>\n<p>Egenskaber:<\/p>\n<p>* &#8211; sensorisk, ortop\u00e6disk m\u00e5tte, der kan arrangeres som et puslespil<br \/>\n* &#8211; overflader til brug af venstre og h\u00f8jre h\u00e5nd og fod<br \/>\n* &#8211; sundhed og sjov<br \/>\n* &#8211; til b\u00f8rn, der elsker at g\u00e5 barfodet<\/p>\n<p>Fordele og funktioner:<\/p>\n<p>* &#8211; engagerer begge hjernehalvdele<br \/>\n* &#8211; l\u00e6rer h\u00f8jre og venstre side<br \/>\n* &#8211; udvikler rumlige orienteringsevner<br \/>\n* &#8211; bl\u00f8de overflader forbereder eller aflaster trykket f\u00f8r h\u00e5rde overflader<br \/>\n* &#8211; stimulerer sanserne, masserer f\u00f8dderne og reducerer forekomsten af platf\u00f8dder<br \/>\n* &#8211; p\u00e5virker barnets sensoriske integration, dvs. evnen til at f\u00f8le og reagere p\u00e5 information fra kroppen og omgivelserne<\/p>\n<p>Elementer:<\/p>\n<p>* &#8211; 4x h\u00f8jre h\u00e5ndtag<br \/>\n* &#8211; 4x venstre h\u00e5nd<br \/>\n* &#8211; 4x h\u00f8jre fod<br \/>\n* &#8211; 4x venstre fod<\/p>\n<p>## S\u00e6ttet er et perfekt supplement til andre s\u00e6t i denne serie.<\/p>\n<p>## S\u00e6ttet kan kombineres for at skabe et st\u00f8rre overfladeareal.<\/p>\n","protected":false},"excerpt":{"rendered":"<p>Denne sensoriske m\u00e5tte, der anbefales af Woopie, har fremragende ortop\u00e6diske egenskaber og er uundv\u00e6rlig for at st\u00f8tte dit barns udvikling. Den kan ogs\u00e5 v\u00e6re rigtig sjov for b\u00f8rn, der elsker at g\u00e5 barfodet. S\u00e6ttet indeholder 16 stykker\/puslespil til brug af venstre og h\u00f8jre h\u00e5nd og fod. En m\u00e5tte til tr\u00e6ning af ikke kun kroppen, men [&hellip;]<\/p>\n","protected":false},"featured_media":0,"comment_status":"open","ping_status":"closed","template":"","meta":[],"product_brand":[],"product_cat":[31],"product_tag":[],"class_list":{"0":"post-27358","1":"product","2":"type-product","3":"status-publish","5":"product_cat-uncategorized-da","7":"first","8":"instock","9":"shipping-taxable","10":"purchasable","11":"product-type-simple"},"_links":{"self":[{"href":"https:\/\/nordicmart.andreevmaster.com\/da\/wp-json\/wp\/v2\/product\/27358","targetHints":{"allow":["GET"]}}],"collection":[{"href":"https:\/\/nordicmart.andreevmaster.com\/da\/wp-json\/wp\/v2\/product"}],"about":[{"href":"https:\/\/nordicmart.andreevmaster.com\/da\/wp-json\/wp\/v2\/types\/product"}],"replies":[{"embeddable":true,"href":"https:\/\/nordicmart.andreevmaster.com\/da\/wp-json\/wp\/v2\/comments?post=27358"}],"wp:attachment":[{"href":"https:\/\/nordicmart.andreevmaster.com\/da\/wp-json\/wp\/v2\/media?parent=27358"}],"wp:term":[{"taxonomy":"product_brand","embeddable":true,"href":"https:\/\/nordicmart.andreevmaster.com\/da\/wp-json\/wp\/v2\/product_brand?post=27358"},{"taxonomy":"product_cat","embeddable":true,"href":"https:\/\/nordicmart.andreevmaster.com\/da\/wp-json\/wp\/v2\/product_cat?post=27358"},{"taxonomy":"product_tag","embeddable":true,"href":"https:\/\/nordicmart.andreevmaster.com\/da\/wp-json\/wp\/v2\/product_tag?post=27358"}],"curies":[{"name":"wp","href":"https:\/\/api.w.org\/{rel}","templated":true}]}}