{"id":27356,"date":"2026-02-27T00:36:38","date_gmt":"2026-02-27T00:36:38","guid":{"rendered":"https:\/\/nordicmart.andreevmaster.com\/product\/woopie-xxl-byggeklodssaet-med-bil-43-stk\/"},"modified":"2026-02-27T09:15:15","modified_gmt":"2026-02-27T09:15:15","slug":"woopie-xxl-byggeklodssaet-med-bil-43-stk","status":"publish","type":"product","link":"https:\/\/nordicmart.andreevmaster.com\/da\/vare\/woopie-xxl-byggeklodssaet-med-bil-43-stk\/","title":{"rendered":"WOOPIE XXL byggeklodss\u00e6t med bil, 43 stk."},"content":{"rendered":"<p>Dette farverige s\u00e6t store byggeklodser fra Woopie er perfekt til sm\u00e5 opdagelsesrejsende, der elsker at bygge, forbinde og skabe deres egne verdener. Klodserne er designet til b\u00f8rn fra 1 \u00e5r \u2013 de er lette, sikre og meget nemme at forbinde, og deres store st\u00f8rrelse sikrer behagelig og l\u00e6rerig leg b\u00e5de hjemme og ude. S\u00e6ttet indeholder ogs\u00e5 hjul og elementer til at bygge k\u00f8ret\u00f8jer, s\u00e5 dit barn kan skabe sin egen lastbil, traktor, vogn eller andre fantasifulde transportmidler. Klodserne l\u00e6rer logisk t\u00e6nkning, rumlig planl\u00e6gning og stimulerer kreativiteten \u2013 det er ikke kun sjov, men ogs\u00e5 l\u00e6ring gennem handling!<\/p>\n<p>Egenskaber:<\/p>\n<p>* &#8211; Leget\u00f8j til b\u00f8rn fra 12 m\u00e5neder<br \/>\n* &#8211; 43 stykker \u2013 inklusive store klodser og tilbeh\u00f8r til at bygge k\u00f8ret\u00f8jer<br \/>\n* &#8211; Meget lette og nemme at s\u00e6tte sammen \u2013 perfekte til sm\u00e5 h\u00e6nder<br \/>\n* &#8211; Store klodser \u2013 sikrer sikkerhed og komfort under leg<br \/>\n* &#8211; Mulighed for at bygge strukturer og k\u00f8ret\u00f8jer \u2013 ved hj\u00e6lp af hjul og snore<br \/>\n* &#8211; Plast af h\u00f8j kvalitet \u2013 holdbart, giftfrit og let at reng\u00f8re<br \/>\n* &#8211; Flerfarvede elementer \u2013 tiltr\u00e6kker barnets opm\u00e6rksomhed og underst\u00f8tter farvel\u00e6ring<\/p>\n<p>S\u00e6ttet indeholder:<\/p>\n<p>* &#8211; 18 store rektangul\u00e6re klodser (22,5 x 11 x 8 cm)<br \/>\n* &#8211; 18 firkantede klodser (11,5 x 11 x 8 cm)<br \/>\n* &#8211; 6 par hjul<br \/>\n* &#8211; 1 tr\u00e6kreb (l\u00e6ngde 20 cm)<\/p>\n<p>Leget\u00f8jet udvikler:<\/p>\n<p>* &#8211; Fantasi og kreativitet<br \/>\n* &#8211; H\u00e5nd-\u00f8je-koordination<br \/>\n* &#8211; Logisk t\u00e6nkning<br \/>\n* &#8211; Finmotorik<br \/>\n* &#8211; Uafh\u00e6ngighed og t\u00e5lmodighed<\/p>\n<p>Pakke m\u00e5l: 59 x 47 x 25 (cm)<\/p>\n","protected":false},"excerpt":{"rendered":"<p>Dette farverige s\u00e6t store byggeklodser fra Woopie er perfekt til sm\u00e5 opdagelsesrejsende, der elsker at bygge, forbinde og skabe deres egne verdener. Klodserne er designet til b\u00f8rn fra 1 \u00e5r \u2013 de er lette, sikre og meget nemme at forbinde, og deres store st\u00f8rrelse sikrer behagelig og l\u00e6rerig leg b\u00e5de hjemme og ude. S\u00e6ttet indeholder [&hellip;]<\/p>\n","protected":false},"featured_media":0,"comment_status":"open","ping_status":"closed","template":"","meta":[],"product_brand":[],"product_cat":[31],"product_tag":[],"class_list":{"0":"post-27356","1":"product","2":"type-product","3":"status-publish","5":"product_cat-uncategorized-da","7":"first","8":"instock","9":"shipping-taxable","10":"purchasable","11":"product-type-simple"},"_links":{"self":[{"href":"https:\/\/nordicmart.andreevmaster.com\/da\/wp-json\/wp\/v2\/product\/27356","targetHints":{"allow":["GET"]}}],"collection":[{"href":"https:\/\/nordicmart.andreevmaster.com\/da\/wp-json\/wp\/v2\/product"}],"about":[{"href":"https:\/\/nordicmart.andreevmaster.com\/da\/wp-json\/wp\/v2\/types\/product"}],"replies":[{"embeddable":true,"href":"https:\/\/nordicmart.andreevmaster.com\/da\/wp-json\/wp\/v2\/comments?post=27356"}],"wp:attachment":[{"href":"https:\/\/nordicmart.andreevmaster.com\/da\/wp-json\/wp\/v2\/media?parent=27356"}],"wp:term":[{"taxonomy":"product_brand","embeddable":true,"href":"https:\/\/nordicmart.andreevmaster.com\/da\/wp-json\/wp\/v2\/product_brand?post=27356"},{"taxonomy":"product_cat","embeddable":true,"href":"https:\/\/nordicmart.andreevmaster.com\/da\/wp-json\/wp\/v2\/product_cat?post=27356"},{"taxonomy":"product_tag","embeddable":true,"href":"https:\/\/nordicmart.andreevmaster.com\/da\/wp-json\/wp\/v2\/product_tag?post=27356"}],"curies":[{"name":"wp","href":"https:\/\/api.w.org\/{rel}","templated":true}]}}