{"id":27355,"date":"2026-02-27T00:36:38","date_gmt":"2026-02-27T00:36:38","guid":{"rendered":"https:\/\/nordicmart.andreevmaster.com\/product\/woopie-magnetiske-paedagogiske-byggeklodser-76-stykker\/"},"modified":"2026-02-27T09:15:14","modified_gmt":"2026-02-27T09:15:14","slug":"woopie-magnetiske-paedagogiske-byggeklodser-76-stykker","status":"publish","type":"product","link":"https:\/\/nordicmart.andreevmaster.com\/da\/vare\/woopie-magnetiske-paedagogiske-byggeklodser-76-stykker\/","title":{"rendered":"WOOPIE Magnetiske p\u00e6dagogiske byggeklodser, 76 stykker"},"content":{"rendered":"<p>S\u00e6ttet med tykke magnetiske klodser fra WOOPIE kombinerer sjov og l\u00e6ring! Den unge bygherre skal blot forbinde elementerne og begynde at skabe fantasifulde strukturer og mange andre arrangementer, s\u00e5som geometriske figurer eller et mini-hus! Den eneste begr\u00e6nsning er din fantasi. S\u00e6ttet indeholder 76 elementer og et kort med m\u00f8nstre. Klodserne er tykke, farverige og sikre \u2013 perfekte til sm\u00e5 b\u00f8rns h\u00e6nder. Blokkenes p\u00e6dagogiske funktioner: l\u00e6re alfabetet, l\u00e6re at t\u00e6lle og l\u00e6re former. Kuglerne er blandt andet dekoreret med dyr og smil. Alt er pakket i en praktisk \u00e6ske. At bygge strukturer med blokke udvikler b\u00f8rns kreativitet, manuelle f\u00e6rdigheder (&#8220;finmotorik&#8221;), rumlige fantasi og koncentration.<\/p>\n<p>Egenskaber:<\/p>\n<p>* &#8211; leget\u00f8j til b\u00f8rn fra 3 \u00e5r og opefter,* &#8211; s\u00e6t med 76 magnetiske klodser,<br \/>\n* &#8211; tykke, sikre klodser, der er ideelle til sm\u00e5 b\u00f8rns h\u00e6nder,<br \/>\n* &#8211; ubegr\u00e6nsede muligheder for at bygge forskellige strukturer,<br \/>\n* &#8211; udvikler kreativitet, fantasi, manuelle f\u00e6rdigheder (&#8220;finmotorik&#8221;), rumlig fantasi og koncentration,<br \/>\n* &#8211; perfekt gaveemballage \u2013 kassen har mini-hjul.<\/p>\n<p>Klossernes p\u00e6dagogiske funktioner:<\/p>\n<p>* &#8211; l\u00e6ring af alfabetet \u2013 de l\u00e6ngere, aflange klodser har alfabetets f\u00f8rste bogstaver,<br \/>\n* &#8211; l\u00e6ring af former \u2013 de kortere klodser har formerne af et hjerte, en stjerne og en m\u00e5ne,<br \/>\n* &#8211; l\u00e6ring af at t\u00e6lle \u2013 buerne har matematiske symboler.<\/p>\n<p>S\u00e6ttet indeholder:<\/p>\n<p>* &#8211; 20 x metalkugler,<br \/>\n* &#8211; 12 x bueformede stave,<br \/>\n* &#8211; 28 x kortere stave,<br \/>\n* &#8211; 16 x l\u00e6ngere stave,<br \/>\n* &#8211; 1 x ark med m\u00f8nstre.<\/p>\n<p>Blokdimensioner:<\/p>\n<p>* &#8211; bloktykkelse &#8211; 2 cm,<br \/>\n* &#8211; l\u00e6ngde (f.eks. l\u00e6ngere lige stang) &#8211; 8,7 cm,<br \/>\n* &#8211; kugle &#8211; diameter 3,5 cm.<\/p>\n","protected":false},"excerpt":{"rendered":"<p>S\u00e6ttet med tykke magnetiske klodser fra WOOPIE kombinerer sjov og l\u00e6ring! Den unge bygherre skal blot forbinde elementerne og begynde at skabe fantasifulde strukturer og mange andre arrangementer, s\u00e5som geometriske figurer eller et mini-hus! Den eneste begr\u00e6nsning er din fantasi. S\u00e6ttet indeholder 76 elementer og et kort med m\u00f8nstre. Klodserne er tykke, farverige og sikre [&hellip;]<\/p>\n","protected":false},"featured_media":0,"comment_status":"open","ping_status":"closed","template":"","meta":[],"product_brand":[],"product_cat":[31],"product_tag":[],"class_list":{"0":"post-27355","1":"product","2":"type-product","3":"status-publish","5":"product_cat-uncategorized-da","7":"first","8":"instock","9":"shipping-taxable","10":"purchasable","11":"product-type-simple"},"_links":{"self":[{"href":"https:\/\/nordicmart.andreevmaster.com\/da\/wp-json\/wp\/v2\/product\/27355","targetHints":{"allow":["GET"]}}],"collection":[{"href":"https:\/\/nordicmart.andreevmaster.com\/da\/wp-json\/wp\/v2\/product"}],"about":[{"href":"https:\/\/nordicmart.andreevmaster.com\/da\/wp-json\/wp\/v2\/types\/product"}],"replies":[{"embeddable":true,"href":"https:\/\/nordicmart.andreevmaster.com\/da\/wp-json\/wp\/v2\/comments?post=27355"}],"wp:attachment":[{"href":"https:\/\/nordicmart.andreevmaster.com\/da\/wp-json\/wp\/v2\/media?parent=27355"}],"wp:term":[{"taxonomy":"product_brand","embeddable":true,"href":"https:\/\/nordicmart.andreevmaster.com\/da\/wp-json\/wp\/v2\/product_brand?post=27355"},{"taxonomy":"product_cat","embeddable":true,"href":"https:\/\/nordicmart.andreevmaster.com\/da\/wp-json\/wp\/v2\/product_cat?post=27355"},{"taxonomy":"product_tag","embeddable":true,"href":"https:\/\/nordicmart.andreevmaster.com\/da\/wp-json\/wp\/v2\/product_tag?post=27355"}],"curies":[{"name":"wp","href":"https:\/\/api.w.org\/{rel}","templated":true}]}}