{"id":27354,"date":"2026-02-27T00:36:37","date_gmt":"2026-02-27T00:36:37","guid":{"rendered":"https:\/\/nordicmart.andreevmaster.com\/product\/viga-traegard-med-have-og-traktor-21-dele\/"},"modified":"2026-02-27T09:15:14","modified_gmt":"2026-02-27T09:15:14","slug":"viga-traegard-med-have-og-traktor-21-dele","status":"publish","type":"product","link":"https:\/\/nordicmart.andreevmaster.com\/da\/vare\/viga-traegard-med-have-og-traktor-21-dele\/","title":{"rendered":"VIGA Tr\u00e6g\u00e5rd med have og traktor, 21 dele"},"content":{"rendered":"<p>VIGA tr\u00e6bondeg\u00e5rd er et fascinerende tilbud til sm\u00e5 elskere af livet p\u00e5 landet! Denne veludstyrede konstruktion giver timevis af kreativ leg, hvor b\u00f8rnene kan l\u00e6re hemmelighederne bag landbrug og dyrepleje. Takket v\u00e6re en r\u00e6kke forskellige elementer kan b\u00f8rnene skabe realistiske scenarier fra livet p\u00e5 g\u00e5rden og udvikle deres fantasi og sociale f\u00e6rdigheder.<\/p>\n<p>\u2705 Egenskaber:<\/p>\n<p>\u2714\ufe0f Til b\u00f8rn fra 3 \u00e5r \u2714\ufe0f Tr\u00e6lad til opbevaring af landbrugsredskaber og dyr \u2714\ufe0f Fremstillet af tr\u00e6 af h\u00f8j kvalitet \u2714\ufe0f Planteomr\u00e5de til at l\u00e6re om afgr\u00f8der \u2714\ufe0f Robuste hegn til at holde dyrene sikre \u2714\ufe0f Tredje etage med landingsplads til en brandbek\u00e6mpelseshelikopter, der muligg\u00f8r luftoperationer<\/p>\n<p>\u2705 S\u00e6ttet indeholder:<\/p>\n<p>\u25fe Tr\u00e6lade \u25fe Figurer: landmand, hyrdehund, h\u00f8ne, and, f\u00e5r, ko \u25fe Robust traktor med trailer \u25fe Lille s\u00f8 \u25fe 4 hegn til at skabe en indhegning\/have \u25fe 3 plantebede \u25fe 3 figurer af voksende planter: radiser, guler\u00f8dder og gr\u00e6skar \u25fe 2 h\u00f8baller<\/p>\n<p>\u2705 Leget\u00f8jet udvikler:<\/p>\n<p>\u2714\ufe0f Kreativitet og fantasi \u2714\ufe0f Sociale f\u00e6rdigheder og teamwork \u2714\ufe0f Motoriske f\u00e6rdigheder \u2714\ufe0f Empati og omsorg for dyr og planter \u2714\ufe0f H\u00e5nd-\u00f8je-koordination \u2714\ufe0f Logisk t\u00e6nkning<\/p>\n","protected":false},"excerpt":{"rendered":"<p>VIGA tr\u00e6bondeg\u00e5rd er et fascinerende tilbud til sm\u00e5 elskere af livet p\u00e5 landet! Denne veludstyrede konstruktion giver timevis af kreativ leg, hvor b\u00f8rnene kan l\u00e6re hemmelighederne bag landbrug og dyrepleje. Takket v\u00e6re en r\u00e6kke forskellige elementer kan b\u00f8rnene skabe realistiske scenarier fra livet p\u00e5 g\u00e5rden og udvikle deres fantasi og sociale f\u00e6rdigheder. \u2705 Egenskaber: \u2714\ufe0f [&hellip;]<\/p>\n","protected":false},"featured_media":0,"comment_status":"open","ping_status":"closed","template":"","meta":[],"product_brand":[],"product_cat":[31],"product_tag":[],"class_list":{"0":"post-27354","1":"product","2":"type-product","3":"status-publish","5":"product_cat-uncategorized-da","7":"first","8":"instock","9":"shipping-taxable","10":"purchasable","11":"product-type-simple"},"_links":{"self":[{"href":"https:\/\/nordicmart.andreevmaster.com\/da\/wp-json\/wp\/v2\/product\/27354","targetHints":{"allow":["GET"]}}],"collection":[{"href":"https:\/\/nordicmart.andreevmaster.com\/da\/wp-json\/wp\/v2\/product"}],"about":[{"href":"https:\/\/nordicmart.andreevmaster.com\/da\/wp-json\/wp\/v2\/types\/product"}],"replies":[{"embeddable":true,"href":"https:\/\/nordicmart.andreevmaster.com\/da\/wp-json\/wp\/v2\/comments?post=27354"}],"wp:attachment":[{"href":"https:\/\/nordicmart.andreevmaster.com\/da\/wp-json\/wp\/v2\/media?parent=27354"}],"wp:term":[{"taxonomy":"product_brand","embeddable":true,"href":"https:\/\/nordicmart.andreevmaster.com\/da\/wp-json\/wp\/v2\/product_brand?post=27354"},{"taxonomy":"product_cat","embeddable":true,"href":"https:\/\/nordicmart.andreevmaster.com\/da\/wp-json\/wp\/v2\/product_cat?post=27354"},{"taxonomy":"product_tag","embeddable":true,"href":"https:\/\/nordicmart.andreevmaster.com\/da\/wp-json\/wp\/v2\/product_tag?post=27354"}],"curies":[{"name":"wp","href":"https:\/\/api.w.org\/{rel}","templated":true}]}}