{"id":27352,"date":"2026-02-27T00:36:37","date_gmt":"2026-02-27T00:36:37","guid":{"rendered":"https:\/\/nordicmart.andreevmaster.com\/product\/viga-traehospital-med-ambulanceelevator-saet-15-stk\/"},"modified":"2026-02-27T09:15:14","modified_gmt":"2026-02-27T09:15:14","slug":"viga-traehospital-med-ambulanceelevator-saet-15-stk","status":"publish","type":"product","link":"https:\/\/nordicmart.andreevmaster.com\/da\/vare\/viga-traehospital-med-ambulanceelevator-saet-15-stk\/","title":{"rendered":"VIGA Tr\u00e6hospital med ambulanceelevator-s\u00e6t 15 stk."},"content":{"rendered":"<p>Det 3-etagers VIGA hospitals\u00e6t er et fascinerende leget\u00f8j til sm\u00e5 l\u00e6ger og sygeplejersker! Denne veludstyrede struktur giver timevis af kreativ sjov med at redde liv og pleje patienter. Takket v\u00e6re en r\u00e6kke forskellige elementer kan b\u00f8rn skabe realistiske medicinske scenarier og udvikle empati og sociale f\u00e6rdigheder. \u2705 Egenskaber:<\/p>\n<p>\u2714\ufe0f Til b\u00f8rn fra 3 \u00e5r \u2714\ufe0f Fremstillet af tr\u00e6 af h\u00f8j kvalitet \u2714\ufe0f Stueetagen er fuldt udstyret med CT-scanner, ultralydsstation og medicinopbevaring \u2714\ufe0f Anden sal med en detaljeret replika af en operationsstue \u2714\ufe0f Tredje sal med landingsplads til redningshelikopter<\/p>\n<p>\u2705 S\u00e6ttet indeholder:<\/p>\n<p>\u25fe Tr\u00e6bygning med 3 etager til hospitalet \u25fe Ambulance \u25fe Redningshelikopter \u25fe L\u00e6ge, sygeplejerske og to patientfigurer \u25fe Medicinsk udstyr: CT-scanner, ultralydsapparat, pulsm\u00e5ler \u25fe 2 hospitalssenge \u25fe Operationslampe<\/p>\n<p>\u2705 Leget\u00f8jet udvikler:<\/p>\n<p>\u2714\ufe0f Kreativitet og fantasi \u2714\ufe0f Sociale f\u00e6rdigheder og teamwork \u2714\ufe0f Motoriske f\u00e6rdigheder \u2714\ufe0f Empati og omsorg for andre \u2714\ufe0f H\u00e5nd-\u00f8je-koordination \u2714\ufe0f Logisk t\u00e6nkning<\/p>\n","protected":false},"excerpt":{"rendered":"<p>Det 3-etagers VIGA hospitals\u00e6t er et fascinerende leget\u00f8j til sm\u00e5 l\u00e6ger og sygeplejersker! Denne veludstyrede struktur giver timevis af kreativ sjov med at redde liv og pleje patienter. Takket v\u00e6re en r\u00e6kke forskellige elementer kan b\u00f8rn skabe realistiske medicinske scenarier og udvikle empati og sociale f\u00e6rdigheder. \u2705 Egenskaber: \u2714\ufe0f Til b\u00f8rn fra 3 \u00e5r \u2714\ufe0f [&hellip;]<\/p>\n","protected":false},"featured_media":0,"comment_status":"open","ping_status":"closed","template":"","meta":[],"product_brand":[],"product_cat":[31],"product_tag":[],"class_list":{"0":"post-27352","1":"product","2":"type-product","3":"status-publish","5":"product_cat-uncategorized-da","7":"first","8":"instock","9":"shipping-taxable","10":"purchasable","11":"product-type-simple"},"_links":{"self":[{"href":"https:\/\/nordicmart.andreevmaster.com\/da\/wp-json\/wp\/v2\/product\/27352","targetHints":{"allow":["GET"]}}],"collection":[{"href":"https:\/\/nordicmart.andreevmaster.com\/da\/wp-json\/wp\/v2\/product"}],"about":[{"href":"https:\/\/nordicmart.andreevmaster.com\/da\/wp-json\/wp\/v2\/types\/product"}],"replies":[{"embeddable":true,"href":"https:\/\/nordicmart.andreevmaster.com\/da\/wp-json\/wp\/v2\/comments?post=27352"}],"wp:attachment":[{"href":"https:\/\/nordicmart.andreevmaster.com\/da\/wp-json\/wp\/v2\/media?parent=27352"}],"wp:term":[{"taxonomy":"product_brand","embeddable":true,"href":"https:\/\/nordicmart.andreevmaster.com\/da\/wp-json\/wp\/v2\/product_brand?post=27352"},{"taxonomy":"product_cat","embeddable":true,"href":"https:\/\/nordicmart.andreevmaster.com\/da\/wp-json\/wp\/v2\/product_cat?post=27352"},{"taxonomy":"product_tag","embeddable":true,"href":"https:\/\/nordicmart.andreevmaster.com\/da\/wp-json\/wp\/v2\/product_tag?post=27352"}],"curies":[{"name":"wp","href":"https:\/\/api.w.org\/{rel}","templated":true}]}}